{"id":9090,"date":"2023-10-02T05:23:58","date_gmt":"2023-10-02T05:23:58","guid":{"rendered":"https:\/\/nakuslenis.com\/?post_type=product&#038;p=9090"},"modified":"2025-12-02T07:07:07","modified_gmt":"2025-12-02T07:07:07","slug":"sidabro-valymo-sluoste","status":"publish","type":"product","link":"https:\/\/momentasdesign.com\/en\/kaklo-papuosalai\/sidabro-valymo-sluoste\/","title":{"rendered":"Sidabro valymo \u0161luost\u0117"},"content":{"rendered":"<p>Atkurkite savo brangiausi\u0173 papuo\u0161al\u0173 original\u0173 blizges\u012f, nupoliruodami papuo\u0161alus m\u016bs\u0173 poliravimo \u0161luoste. Ji akimirksniu nuvalo, nublizgina ir apsaugo j\u016bs\u0173 papuo\u0161alus.<\/p>\n<p>\u0160is medvilninis papuo\u0161al\u0173 poliravimo audinys yra impregnuotas valymo ir poliravimo priemon\u0117mis, skirtomis valyti auk\u0161\u010diausios kokyb\u0117s juvelyrinius dirbinius. \u0160luost\u0117je taip pat yra ne\u0161varum\u0105 stabdan\u010di\u0173 priemoni\u0173, kuri\u0173 pagalba j\u016bs\u0173 papuo\u0161alai i\u0161laikys spindes\u012f ilgiau.<\/p>\n<p>\u0160is valymo audinys i\u0161lieka veiksmingas tol, kol jis n\u0117ra i\u0161skalbtas.<\/p>\n<p>Valymo patarimai: Atsargiai patrinkite visus papuo\u0161alo pavir\u0161ius, leiskite audeklui patekti \u012f visus papuo\u0161alo griovelius \u2013 taip j\u016bs\u0173 brang\u016bs papuo\u0161alai blizg\u0117s iki spindesio.<\/p>","protected":false},"excerpt":{"rendered":"<p>Atkurkite savo brangiausi\u0173 papuo\u0161al\u0173 original\u0173 blizges\u012f, nupoliruodami papuo\u0161alus m\u016bs\u0173 poliravimo \u0161luoste. Ji akimirksniu nuvalo, nublizgina ir apsaugo j\u016bs\u0173 papuo\u0161alus. \u0160is medvilninis papuo\u0161al\u0173 poliravimo audinys yra impregnuotas valymo ir poliravimo priemon\u0117mis, skirtomis valyti auk\u0161\u010diausios kokyb\u0117s juvelyrinius dirbinius. \u0160luost\u0117je taip pat yra ne\u0161varum\u0105 stabdan\u010di\u0173 priemoni\u0173, kuri\u0173 pagalba j\u016bs\u0173 papuo\u0161alai i\u0161laikys spindes\u012f ilgiau. \u0160is valymo audinys i\u0161lieka veiksmingas [&hellip;]<\/p>","protected":false},"featured_media":9091,"comment_status":"closed","ping_status":"closed","template":"","meta":{"_acf_changed":false,"_gspb_post_css":"","_kad_blocks_custom_css":"","_kad_blocks_head_custom_js":"","_kad_blocks_body_custom_js":"","_kad_blocks_footer_custom_js":"","pgc_sgb_lightbox_settings":""},"product_brand":[],"product_cat":[27,177,160,180,178,179,163,173,162,161],"product_tag":[186],"class_list":{"0":"post-9090","1":"product","2":"type-product","3":"status-publish","4":"has-post-thumbnail","6":"product_cat-kaklo-papuosalai","7":"product_cat-apyrankes","8":"product_cat-auskarai","9":"product_cat-dovanos-iki-100-eur","10":"product_cat-dovanos-iki-40-eur","11":"product_cat-dovanos-iki-60-eur","12":"product_cat-dovanu-idejos","13":"product_cat-ear-cuffs","14":"product_cat-rinkiniai","15":"product_cat-ziedai","16":"product_tag-dovanos-iki-40-eur","17":"pa_savybes-populiariausi","18":"pa_stilius-unisex","20":"first","21":"instock","22":"purchasable","23":"product-type-simple"},"acf":[],"taxonomy_info":{"product_cat":[{"value":27,"label":"Kaklo papuo\u0161alai"},{"value":177,"label":"Apyrank\u0117s"},{"value":160,"label":"Auskarai"},{"value":180,"label":"Dovanos iki 100 EUR"},{"value":178,"label":"Dovanos iki 40 EUR"},{"value":179,"label":"Dovanos iki 60 EUR"},{"value":163,"label":"Dovan\u0173 id\u0117jos"},{"value":173,"label":"Ear cuff's"},{"value":162,"label":"Rinkiniai"},{"value":161,"label":"\u017diedai"}],"product_tag":[{"value":186,"label":"Dovanos iki 40 EUR"}],"pa_savybes":[{"value":86,"label":"Populiariausi"}],"pa_stilius":[{"value":77,"label":"Unisex"}]},"featured_image_src_large":["https:\/\/momentasdesign.com\/wp-content\/uploads\/2023\/10\/sidabro-valymo-sluoste-momentas-4-819x1024.jpg",819,1024,true],"author_info":[],"comment_info":0,"wcpa_form_fields":null,"_links":{"self":[{"href":"https:\/\/momentasdesign.com\/en\/wp-json\/wp\/v2\/product\/9090","targetHints":{"allow":["GET"]}}],"collection":[{"href":"https:\/\/momentasdesign.com\/en\/wp-json\/wp\/v2\/product"}],"about":[{"href":"https:\/\/momentasdesign.com\/en\/wp-json\/wp\/v2\/types\/product"}],"replies":[{"embeddable":true,"href":"https:\/\/momentasdesign.com\/en\/wp-json\/wp\/v2\/comments?post=9090"}],"wp:featuredmedia":[{"embeddable":true,"href":"https:\/\/momentasdesign.com\/en\/wp-json\/wp\/v2\/media\/9091"}],"wp:attachment":[{"href":"https:\/\/momentasdesign.com\/en\/wp-json\/wp\/v2\/media?parent=9090"}],"wp:term":[{"taxonomy":"product_brand","embeddable":true,"href":"https:\/\/momentasdesign.com\/en\/wp-json\/wp\/v2\/product_brand?post=9090"},{"taxonomy":"product_cat","embeddable":true,"href":"https:\/\/momentasdesign.com\/en\/wp-json\/wp\/v2\/product_cat?post=9090"},{"taxonomy":"product_tag","embeddable":true,"href":"https:\/\/momentasdesign.com\/en\/wp-json\/wp\/v2\/product_tag?post=9090"}],"curies":[{"name":"wp","href":"https:\/\/api.w.org\/{rel}","templated":true}]}}