{"id":8591,"date":"2023-09-17T12:56:48","date_gmt":"2023-09-17T12:56:48","guid":{"rendered":"https:\/\/nakuslenis.com\/?post_type=product&#038;p=8591"},"modified":"2025-11-20T22:39:28","modified_gmt":"2025-11-20T22:39:28","slug":"noe-gold","status":"publish","type":"product","link":"https:\/\/momentasdesign.com\/en\/auskarai\/noe-gold\/","title":{"rendered":"14k paauksuoti auskarai \u2018Noe Gold\u2019"},"content":{"rendered":"<p>Charming and extremely minimalist 14k gold-plated 925 silver earrings. Made of 925 silver. Certified by the Lithuanian Assay Office.<\/p>\n<p>Weight ~ 0.35 g<\/p>\n<p>Auskaro plotis \u2013 2 mm.<\/p>\n<p>*The colors and shape of the jewelry items may differ slightly from those shown in the photos<\/p>","protected":false},"excerpt":{"rendered":"<p>\u017dav\u016bs ir itin minimalistiniai 14k paauksuoti 925 sidabriniai auskarai. Pagaminta i\u0161 925 sidabro. Prabuota Lietuvos prabavimo r\u016bmuose. Auskar\u0173 svoris ~ 0,35 g. Auskaro plotis \u2013 2 mm. *Papuo\u0161al\u0173 element\u0173 spalvos ir forma gali ne\u017eymiai skirtis nuo pateikt\u0173 nuotraukose<\/p>","protected":false},"featured_media":8592,"comment_status":"closed","ping_status":"closed","template":"","meta":{"_acf_changed":false,"_gspb_post_css":"","_kad_blocks_custom_css":"","_kad_blocks_head_custom_js":"","_kad_blocks_body_custom_js":"","_kad_blocks_footer_custom_js":"","pgc_sgb_lightbox_settings":""},"product_brand":[],"product_cat":[160,180,178,179,202],"product_tag":[186],"class_list":{"0":"post-8591","1":"product","2":"type-product","3":"status-publish","4":"has-post-thumbnail","6":"product_cat-auskarai","7":"product_cat-dovanos-iki-100-eur","8":"product_cat-dovanos-iki-40-eur","9":"product_cat-dovanos-iki-60-eur","10":"product_cat-ispardavimas","11":"product_tag-dovanos-iki-40-eur","12":"pa_spalvos-paauksuotas-925-sidabras","13":"pa_stilius-minimalistiniai","14":"pa_stilius-unisex","15":"pa_stilius-studs","17":"first","18":"instock","19":"sale","20":"purchasable","21":"product-type-simple"},"acf":[],"taxonomy_info":{"product_cat":[{"value":160,"label":"Auskarai"},{"value":180,"label":"Dovanos iki 100 EUR"},{"value":178,"label":"Dovanos iki 40 EUR"},{"value":179,"label":"Dovanos iki 60 EUR"},{"value":202,"label":"I\u0161pardavimas"}],"product_tag":[{"value":186,"label":"Dovanos iki 40 EUR"}],"pa_spalvos":[{"value":65,"label":"Paauksuotas 925 sidabras"}],"pa_stilius":[{"value":80,"label":"Minimalistiniai"},{"value":77,"label":"Unisex"},{"value":83,"label":"Studs"}]},"featured_image_src_large":["https:\/\/momentasdesign.com\/wp-content\/uploads\/2023\/09\/Noe-gold-minimalistiniai-925-sidabriniai-paauksuoti-auskarai-3-819x1024.jpg",819,1024,true],"author_info":[],"comment_info":0,"wcpa_form_fields":null,"_links":{"self":[{"href":"https:\/\/momentasdesign.com\/en\/wp-json\/wp\/v2\/product\/8591","targetHints":{"allow":["GET"]}}],"collection":[{"href":"https:\/\/momentasdesign.com\/en\/wp-json\/wp\/v2\/product"}],"about":[{"href":"https:\/\/momentasdesign.com\/en\/wp-json\/wp\/v2\/types\/product"}],"replies":[{"embeddable":true,"href":"https:\/\/momentasdesign.com\/en\/wp-json\/wp\/v2\/comments?post=8591"}],"wp:featuredmedia":[{"embeddable":true,"href":"https:\/\/momentasdesign.com\/en\/wp-json\/wp\/v2\/media\/8592"}],"wp:attachment":[{"href":"https:\/\/momentasdesign.com\/en\/wp-json\/wp\/v2\/media?parent=8591"}],"wp:term":[{"taxonomy":"product_brand","embeddable":true,"href":"https:\/\/momentasdesign.com\/en\/wp-json\/wp\/v2\/product_brand?post=8591"},{"taxonomy":"product_cat","embeddable":true,"href":"https:\/\/momentasdesign.com\/en\/wp-json\/wp\/v2\/product_cat?post=8591"},{"taxonomy":"product_tag","embeddable":true,"href":"https:\/\/momentasdesign.com\/en\/wp-json\/wp\/v2\/product_tag?post=8591"}],"curies":[{"name":"wp","href":"https:\/\/api.w.org\/{rel}","templated":true}]}}