{"id":8000,"date":"2023-09-04T09:36:00","date_gmt":"2023-09-04T09:36:00","guid":{"rendered":"https:\/\/nakuslenis.com\/shop-online\/vittoria-925-sidabrinis-kaklo-papuosalas-su-sirdele\/"},"modified":"2026-02-26T16:03:39","modified_gmt":"2026-02-26T16:03:39","slug":"vittoria","status":"publish","type":"product","link":"https:\/\/momentasdesign.com\/en\/kaklo-papuosalai\/vittoria\/","title":{"rendered":"'Vittoria' 925 silver necklace with a heart"},"content":{"rendered":"<p>Minimalistinis rank\u0173 darbo kaklo papuo\u0161alas. Pagaminta i\u0161 925 sidabro.<\/p>\n<p>Necklace clasp - Spring Ring. An extendable chain is added to this necklace, so it can be extended by 5 cm from the selected size.<\/p>\n<p>Weight ~ 2.59 g. (weight varies depending on selected size)<\/p>\n<p>\u0160irdel\u0117s dydis: 4 mm.<\/p>\n<p>Nuotraukoje d\u0117vimas 40 cm ilgio papuo\u0161alas.<\/p>\n<p>**The colors and shape of the jewelry items may differ slightly from those shown in the photos<\/p>","protected":false},"excerpt":{"rendered":"<p>Minimalistinis rank\u0173 darbo kaklo papuo\u0161alas. Pagaminta i\u0161 925 sidabro. Pakabuko u\u017esegimas &#8211; karabinas. Prie \u0161io papuo\u0161alo yra dedama prailginama grandin\u0117le, tad papuo\u0161alas gali pasiilginti apie 5 cm. nuo pasrinkto dyd\u017eio. Svoris ~ 2,59 g. (svoris kinta nuo pasirinkto dyd\u017eio). \u0160irdel\u0117s dydis: 4 mm. Nuotraukoje d\u0117vimas 40 cm ilgio papuo\u0161alas. ** Papuo\u0161al\u0173 element\u0173 spalvos ir forma [&hellip;]<\/p>","protected":false},"featured_media":6829,"comment_status":"closed","ping_status":"closed","template":"","meta":{"_acf_changed":false,"_gspb_post_css":"","_kad_blocks_custom_css":"","_kad_blocks_head_custom_js":"","_kad_blocks_body_custom_js":"","_kad_blocks_footer_custom_js":"","pgc_sgb_lightbox_settings":""},"product_brand":[],"product_cat":[27,180,179,218],"product_tag":[185],"class_list":{"0":"post-8000","1":"product","2":"type-product","3":"status-publish","4":"has-post-thumbnail","6":"product_cat-kaklo-papuosalai","7":"product_cat-dovanos-iki-100-eur","8":"product_cat-dovanos-iki-60-eur","9":"product_cat-matching-gifts","10":"product_tag-dovanos-iki-60-eur","11":"pa_dydis-35-cm","12":"pa_dydis-40-cm","13":"pa_dydis-45-cm","14":"pa_dydis-50-cm","15":"pa_savybes-populiariausi","16":"pa_spalvos-925-sidabras","17":"pa_stilius-minimalistiniai","19":"first","20":"instock","21":"purchasable","22":"product-type-variable"},"acf":[],"taxonomy_info":{"product_cat":[{"value":27,"label":"Kaklo papuo\u0161alai"},{"value":180,"label":"Dovanos iki 100 EUR"},{"value":179,"label":"Dovanos iki 60 EUR"},{"value":218,"label":"matching gifts"}],"product_tag":[{"value":185,"label":"Dovanos iki 60 EUR"}],"pa_dydis":[{"value":105,"label":"35 cm"},{"value":99,"label":"40 cm"},{"value":110,"label":"45 cm"},{"value":109,"label":"50 cm"}],"pa_savybes":[{"value":86,"label":"Populiariausi"}],"pa_spalvos":[{"value":66,"label":"925 sidabras"}],"pa_stilius":[{"value":80,"label":"Minimalistiniai"}]},"featured_image_src_large":["https:\/\/momentasdesign.com\/wp-content\/uploads\/2023\/09\/vittoria_momentas_925_sidabrinis_kaklo_papuosalas_su_sirdele_-819x1024.jpg",819,1024,true],"author_info":[],"comment_info":0,"wcpa_form_fields":null,"_links":{"self":[{"href":"https:\/\/momentasdesign.com\/en\/wp-json\/wp\/v2\/product\/8000","targetHints":{"allow":["GET"]}}],"collection":[{"href":"https:\/\/momentasdesign.com\/en\/wp-json\/wp\/v2\/product"}],"about":[{"href":"https:\/\/momentasdesign.com\/en\/wp-json\/wp\/v2\/types\/product"}],"replies":[{"embeddable":true,"href":"https:\/\/momentasdesign.com\/en\/wp-json\/wp\/v2\/comments?post=8000"}],"wp:featuredmedia":[{"embeddable":true,"href":"https:\/\/momentasdesign.com\/en\/wp-json\/wp\/v2\/media\/6829"}],"wp:attachment":[{"href":"https:\/\/momentasdesign.com\/en\/wp-json\/wp\/v2\/media?parent=8000"}],"wp:term":[{"taxonomy":"product_brand","embeddable":true,"href":"https:\/\/momentasdesign.com\/en\/wp-json\/wp\/v2\/product_brand?post=8000"},{"taxonomy":"product_cat","embeddable":true,"href":"https:\/\/momentasdesign.com\/en\/wp-json\/wp\/v2\/product_cat?post=8000"},{"taxonomy":"product_tag","embeddable":true,"href":"https:\/\/momentasdesign.com\/en\/wp-json\/wp\/v2\/product_tag?post=8000"}],"curies":[{"name":"wp","href":"https:\/\/api.w.org\/{rel}","templated":true}]}}