{"id":7982,"date":"2023-09-04T09:35:00","date_gmt":"2023-09-04T09:35:00","guid":{"rendered":"https:\/\/nakuslenis.com\/shop-online\/isskirtiniai-925-sidabriniai-auskarai-naomi\/"},"modified":"2026-04-26T14:16:52","modified_gmt":"2026-04-26T14:16:52","slug":"naomi","status":"publish","type":"product","link":"https:\/\/momentasdesign.com\/en\/auskarai\/naomi\/","title":{"rendered":"Exclusive 925 silver earrings 'Naomi'"},"content":{"rendered":"<p>Charming exclusive 925 silver earrings. Made of 925 silver. Certified by the Lithuanian Assay Office.<\/p>\n<p>Weight ~ 9.62 g.<\/p>\n<p>Auskar\u0173 ilgis: 3,5 cm. Auskar\u0173 plotis: 2,5 cm.<\/p>\n<p>*The colors and shape of the jewelry items may differ slightly from those shown in the photos<\/p>","protected":false},"excerpt":{"rendered":"<p>\u017dav\u016bs i\u0161skirtiniai 925 sidabriniai auskarai. Pagaminta i\u0161 925 sidabro. Prabuota Lietuvos prabavimo r\u016bmuose. Auskar\u0173 svoris ~ 9,62 g. Auskar\u0173 ilgis: 3,5 cm. Auskar\u0173 plotis: 2,5 cm. *Papuo\u0161al\u0173 element\u0173 spalvos ir forma gali ne\u017eymiai skirtis nuo pateikt\u0173 nuotraukose<\/p>","protected":false},"featured_media":11527,"comment_status":"closed","ping_status":"closed","template":"","meta":{"_acf_changed":false,"_gspb_post_css":"","_kad_blocks_custom_css":"","_kad_blocks_head_custom_js":"","_kad_blocks_body_custom_js":"","_kad_blocks_footer_custom_js":"","pgc_sgb_lightbox_settings":""},"product_brand":[],"product_cat":[160,180],"product_tag":[184],"class_list":{"0":"post-7982","1":"product","2":"type-product","3":"status-publish","4":"has-post-thumbnail","6":"product_cat-auskarai","7":"product_cat-dovanos-iki-100-eur","8":"product_tag-dovanos-iki-100-eur","9":"pa_spalvos-925-sidabras","10":"pa_stilius-statement","12":"first","13":"outofstock","14":"purchasable","15":"product-type-simple"},"acf":[],"taxonomy_info":{"product_cat":[{"value":160,"label":"Auskarai"},{"value":180,"label":"Dovanos iki 100 EUR"}],"product_tag":[{"value":184,"label":"Dovanos iki 100 EUR"}],"pa_spalvos":[{"value":66,"label":"925 sidabras"}],"pa_stilius":[{"value":84,"label":"Statement"}]},"featured_image_src_large":["https:\/\/momentasdesign.com\/wp-content\/uploads\/2023\/09\/naomi-sidabriniai-925-auskarai-momentas--819x1024.jpg",819,1024,true],"author_info":[],"comment_info":0,"wcpa_form_fields":null,"_links":{"self":[{"href":"https:\/\/momentasdesign.com\/en\/wp-json\/wp\/v2\/product\/7982","targetHints":{"allow":["GET"]}}],"collection":[{"href":"https:\/\/momentasdesign.com\/en\/wp-json\/wp\/v2\/product"}],"about":[{"href":"https:\/\/momentasdesign.com\/en\/wp-json\/wp\/v2\/types\/product"}],"replies":[{"embeddable":true,"href":"https:\/\/momentasdesign.com\/en\/wp-json\/wp\/v2\/comments?post=7982"}],"wp:featuredmedia":[{"embeddable":true,"href":"https:\/\/momentasdesign.com\/en\/wp-json\/wp\/v2\/media\/11527"}],"wp:attachment":[{"href":"https:\/\/momentasdesign.com\/en\/wp-json\/wp\/v2\/media?parent=7982"}],"wp:term":[{"taxonomy":"product_brand","embeddable":true,"href":"https:\/\/momentasdesign.com\/en\/wp-json\/wp\/v2\/product_brand?post=7982"},{"taxonomy":"product_cat","embeddable":true,"href":"https:\/\/momentasdesign.com\/en\/wp-json\/wp\/v2\/product_cat?post=7982"},{"taxonomy":"product_tag","embeddable":true,"href":"https:\/\/momentasdesign.com\/en\/wp-json\/wp\/v2\/product_tag?post=7982"}],"curies":[{"name":"wp","href":"https:\/\/api.w.org\/{rel}","templated":true}]}}