{"id":7958,"date":"2023-09-04T09:34:14","date_gmt":"2023-09-04T09:34:14","guid":{"rendered":"https:\/\/nakuslenis.com\/shop-online\/tennis-925-sidabrine-apyranke-su-cirkoniais-evert\/"},"modified":"2026-04-26T13:58:21","modified_gmt":"2026-04-26T13:58:21","slug":"tennis-evert","status":"publish","type":"product","link":"https:\/\/momentasdesign.com\/en\/apyrankes\/tennis-evert\/","title":{"rendered":"&#8216;Tennis&#8217; 925 sidabrin\u0117 apyrank\u0117"},"content":{"rendered":"<p>Stilinga \u2018Tennis\u2019 modelio apyrank\u0117 su baltais cirkoniais. Pagaminta i\u0161 925 sidabro.\u00a0 Plotis &#8211; 3 mm.<\/p>\n<p>Bracelet weight ~ 1.54 g. (weight varies depending on selected size).<\/p>\n<p>*The colors and shape of the jewelry items may differ slightly from those shown in the photos<\/p>","protected":false},"excerpt":{"rendered":"<p>Stilinga \u2018Tennis\u2019 modelio apyrank\u0117 su baltais cirkoniais. Pagaminta i\u0161 925 sidabro.\u00a0 Plotis &#8211; 3 mm. Apyrank\u0117s svoris ~ 8,35 g. (svoris kinta nuo pasirinkto dyd\u017eio) *Papuo\u0161al\u0173 element\u0173 spalvos, svoris ir forma gali ne\u017eymiai skirtis nuo pateikt\u0173 nuotraukose<\/p>","protected":false},"featured_media":8716,"comment_status":"closed","ping_status":"closed","template":"","meta":{"_acf_changed":false,"_gspb_post_css":"","_kad_blocks_custom_css":"","_kad_blocks_head_custom_js":"","_kad_blocks_body_custom_js":"","_kad_blocks_footer_custom_js":"","pgc_sgb_lightbox_settings":""},"product_brand":[],"product_cat":[177],"product_tag":[184],"class_list":{"0":"post-7958","1":"product","2":"type-product","3":"status-publish","4":"has-post-thumbnail","6":"product_cat-apyrankes","7":"product_tag-dovanos-iki-100-eur","8":"pa_dydis-16-5-cm","9":"pa_dydis-17-5-cm","10":"pa_dydis-19-cm","11":"pa_savybes-populiariausi","12":"pa_spalvos-925-sidabras","13":"pa_stilius-cirkoniai","14":"pa_stilius-statement","16":"first","17":"outofstock","18":"purchasable","19":"product-type-variable"},"acf":[],"taxonomy_info":{"product_cat":[{"value":177,"label":"Apyrank\u0117s"}],"product_tag":[{"value":184,"label":"Dovanos iki 100 EUR"}],"pa_dydis":[{"value":137,"label":"16.5 cm"},{"value":138,"label":"17.5 cm"},{"value":114,"label":"19 cm"}],"pa_savybes":[{"value":86,"label":"Populiariausi"}],"pa_spalvos":[{"value":66,"label":"925 sidabras"}],"pa_stilius":[{"value":76,"label":"Cirkoniai"},{"value":84,"label":"Statement"}]},"featured_image_src_large":["https:\/\/momentasdesign.com\/wp-content\/uploads\/2023\/09\/tennis_apyranke_925_sidabras_su_cirkoniais_10-819x1024.jpg",819,1024,true],"author_info":[],"comment_info":0,"wcpa_form_fields":null,"_links":{"self":[{"href":"https:\/\/momentasdesign.com\/en\/wp-json\/wp\/v2\/product\/7958","targetHints":{"allow":["GET"]}}],"collection":[{"href":"https:\/\/momentasdesign.com\/en\/wp-json\/wp\/v2\/product"}],"about":[{"href":"https:\/\/momentasdesign.com\/en\/wp-json\/wp\/v2\/types\/product"}],"replies":[{"embeddable":true,"href":"https:\/\/momentasdesign.com\/en\/wp-json\/wp\/v2\/comments?post=7958"}],"wp:featuredmedia":[{"embeddable":true,"href":"https:\/\/momentasdesign.com\/en\/wp-json\/wp\/v2\/media\/8716"}],"wp:attachment":[{"href":"https:\/\/momentasdesign.com\/en\/wp-json\/wp\/v2\/media?parent=7958"}],"wp:term":[{"taxonomy":"product_brand","embeddable":true,"href":"https:\/\/momentasdesign.com\/en\/wp-json\/wp\/v2\/product_brand?post=7958"},{"taxonomy":"product_cat","embeddable":true,"href":"https:\/\/momentasdesign.com\/en\/wp-json\/wp\/v2\/product_cat?post=7958"},{"taxonomy":"product_tag","embeddable":true,"href":"https:\/\/momentasdesign.com\/en\/wp-json\/wp\/v2\/product_tag?post=7958"}],"curies":[{"name":"wp","href":"https:\/\/api.w.org\/{rel}","templated":true}]}}