{"id":7929,"date":"2023-09-04T09:32:42","date_gmt":"2023-09-04T09:32:42","guid":{"rendered":"https:\/\/nakuslenis.com\/shop-online\/spark-necklace-925-sidabrinis-kaklo-papuosalas-su-hematito-akmenimis\/"},"modified":"2026-02-26T16:27:35","modified_gmt":"2026-02-26T16:27:35","slug":"spark-necklace","status":"publish","type":"product","link":"https:\/\/momentasdesign.com\/en\/kaklo-papuosalai\/spark-necklace\/","title":{"rendered":"&#8216;Spark Necklace&#8217; 925 kaklo papuo\u0161alas"},"content":{"rendered":"<p>Minimalistinis rank\u0173 darbo kaklo papuo\u0161alas. Pagaminta i\u0161 auk\u0161\u010diausios kokyb\u0117s 925 sidabro ir 14K paauksuoto sidabro.<\/p>\n<p>\u0160is kaklo papuo\u0161alas gali b\u016bti graviruojamas (pailga hematito plok\u0161tel\u0117). Graviravimas galimas i\u0161 abiej\u0173 pusi\u0173.<strong> Graviruojamas tekstas netur\u0117t\u0173 b\u016bti ilgesnis nei 9 raid\u0117s vienoje plok\u0161tel\u0117s pus\u0117je.<\/strong><\/p>\n<p>Necklace clasp - Spring Ring. An extendable chain is added to this necklace, so it can be extended by 5 cm from the selected size.<\/p>\n<p>Weight ~ 2.92 g. (weight varies depending on selected size)<\/p>\n<p>The length of the jewelry in the photo is 40 cm.<\/p>\n<p>* The minimalist silver chain used for this product requires more care and attention than normal chains.<\/p>\n<p>**The colors and shape of the jewelry items may differ slightly from those shown in the photos<\/p>","protected":false},"excerpt":{"rendered":"<p>Minimalistinis rank\u0173 darbo kaklo papuo\u0161alas. Pagaminta i\u0161 auk\u0161\u010diausios kokyb\u0117s 925 sidabro ir 14K paauksuoto sidabro. \u0160is kaklo papuo\u0161alas gali b\u016bti graviruojamas (pailga hematito plok\u0161tel\u0117). Graviravimas galimas i\u0161 abiej\u0173 pusi\u0173. Graviruojamas tekstas netur\u0117t\u0173 b\u016bti ilgesnis nei 9 raid\u0117s vienoje plok\u0161tel\u0117s pus\u0117je. Pakabuko u\u017esegimas &#8211; karabinas. Prie \u0161io papuo\u0161alo yra dedama prailginama grandin\u0117le, tad papuo\u0161alas gali pasiilginti [&hellip;]<\/p>","protected":false},"featured_media":11529,"comment_status":"closed","ping_status":"closed","template":"","meta":{"_acf_changed":false,"_gspb_post_css":"","_kad_blocks_custom_css":"","_kad_blocks_head_custom_js":"","_kad_blocks_body_custom_js":"","_kad_blocks_footer_custom_js":"","pgc_sgb_lightbox_settings":""},"product_brand":[],"product_cat":[27,180,179,165,218],"product_tag":[185],"class_list":{"0":"post-7929","1":"product","2":"type-product","3":"status-publish","4":"has-post-thumbnail","6":"product_cat-kaklo-papuosalai","7":"product_cat-dovanos-iki-100-eur","8":"product_cat-dovanos-iki-60-eur","9":"product_cat-graviruojami","10":"product_cat-matching-gifts","11":"product_tag-dovanos-iki-60-eur","12":"pa_dydis-40-cm","13":"pa_dydis-46-cm","14":"pa_dydis-50-cm","15":"pa_savybes-graviruojamas","16":"pa_savybes-populiariausi","17":"pa_spalvos-925-sidabras","18":"pa_spalvos-paauksuotas-925-sidabras","19":"pa_stilius-minimalistiniai","20":"wcpa_has_options","22":"first","23":"instock","24":"purchasable","25":"product-type-variable"},"acf":[],"taxonomy_info":{"product_cat":[{"value":27,"label":"Kaklo papuo\u0161alai"},{"value":180,"label":"Dovanos iki 100 EUR"},{"value":179,"label":"Dovanos iki 60 EUR"},{"value":165,"label":"Graviruojami"},{"value":218,"label":"matching gifts"}],"product_tag":[{"value":185,"label":"Dovanos iki 60 EUR"}],"pa_dydis":[{"value":99,"label":"40 cm"},{"value":108,"label":"46 cm"},{"value":109,"label":"50 cm"}],"pa_savybes":[{"value":67,"label":"Graviruojamas"},{"value":86,"label":"Populiariausi"}],"pa_spalvos":[{"value":66,"label":"925 sidabras"},{"value":65,"label":"Paauksuotas 925 sidabras"}],"pa_stilius":[{"value":80,"label":"Minimalistiniai"}]},"featured_image_src_large":["https:\/\/momentasdesign.com\/wp-content\/uploads\/2023\/09\/spark-necklace-kaklo-papuosalas-momentas-819x1024.jpg",819,1024,true],"author_info":[],"comment_info":0,"wcpa_form_fields":{"wcpaData":{"product":{"product_price":62.9,"price_html":"<span class=\"woocommerce-Price-amount amount\"><bdi><span class=\"woocommerce-Price-currencySymbol\">&euro;<\/span>62.90<\/bdi><\/span>","original_product_price":62.9,"price_including_tax":62.9,"price_excluding_tax":62.9,"product_id":{"parent":7929,"variation":false},"is_variable":true,"stock_status":"instock","stock_quantity":null,"parent_sku":"5f96e389e95bc473d6a03752","product_attributes":{"pa_dydis":{"is_variation":true,"values":[]},"pa_savybes":{"is_variation":false,"values":["graviruojamas","populiariausi"]},"pa_spalvos":{"is_variation":false,"values":["925-sidabras","paauksuotas-925-sidabras"]},"pa_stilius":{"is_variation":false,"values":["minimalistiniai"]}},"custom_fields":[],"is_taxable":false,"product_name":"'Spark Necklace' 925 kaklo papuo\u0161alas","hasImage":false},"fields":{"sec_1064e802185a4ed":{"extra":{"key":"sec_1064e802185a4ed","section_id":"sec_1064e802185a4ed","name":"Default","status":1,"cl_rule":"show","enableCl":false,"relations":[],"toggle":true,"title_tag":"h3","show_title":false,"showPrice":"default","form_id":3875,"form_rules":{"exclude_from_discount":false,"fee_label":"Mokestis","disp_hide_options_price":false,"disp_show_section_price":false,"disp_show_field_price":true,"layout_option":"standard","pric_use_as_fee":false,"process_fee_as":"woo_fee"},"layout_option":"standard"},"fields":[[{"active":true,"col":6,"relations":false,"cl_rule":"show","enableCl":false,"price":"","enablePrice":false,"className":"","label_position":"default","desc_position":"default","type":"content","required":false,"elementId":"content_5934111870","label":"Suteikite savo papuo\u0161alams asmenin\u012f akcent\u0105. Asmeninis graviravimas + 7 EUR","name":"content_5934111870","contentType":"plain","value":"","error":false,"enableDesign":false,"gt_translate_keys":["label","value"],"price_dependency":false,"cl_dependency":false}]]},"sec_564e7fa51a94d6":{"extra":{"key":"sec_564e7fa51a94d6","section_id":"sec_564e7fa51a94d6","name":"NORIU PRID\u0116TI GRAVIRAVIM\u0104","status":1,"cl_rule":"show","enableCl":false,"relations":[],"toggle":true,"title_tag":"h3","show_title":false,"showPrice":"default","layout_option":"accordion","accordionOpen":false,"form_id":3869,"form_rules":{"exclude_from_discount":false,"fee_label":"Mokestis","disp_hide_options_price":false,"disp_show_section_price":false,"disp_show_field_price":true,"layout_option":"accordion","pric_use_as_fee":false,"process_fee_as":"custom"}},"fields":[[{"active":true,"col":6,"relations":false,"cl_rule":"show","enableCl":false,"price":"7","enablePrice":true,"className":"","label_position":"default","desc_position":"default","type":"text","subtype":"text","required":false,"elementId":"text_2499018746","label":"\u012fra\u0161ykite \u017eod\u012f","name":"text_2499018746","value":"","error":false,"placeholder":"J\u016bs\u0173 tekstas (0\/40)","allowed_chars":"","maxlength":"40","pricingType":"fixed","fee_label":"Graviravimas","cartLabel":"Graviruojamas tekstas","gt_translate_keys":["label","placeholder","value"],"price_dependency":false,"cl_dependency":["image_7767551088"]}],[{"active":true,"col":6,"relations":[{"operator":false,"rules":[{"operator":"AND","rules":{"cl_field":"text_2499018746","cl_relation":"is_not_empty","cl_val":""}}]}],"cl_rule":"show","enableCl":true,"price":"7","enablePrice":false,"className":"","label_position":"default","desc_position":"default","type":"image-group","required":false,"elementId":"image_7767551088","label":"Pasirinkite \u0161rift\u0105, graviruojamam \u017eod\u017eiui","name":"image_7767551088","enable_popup":"no","multiple":false,"layOut":"col-3","img_selection_type":"shadow","disp_type":"square","values":[{"label":"","value":"Nexa Light","selected":false,"image":"https:\/\/momentasdesign.com\/wp-content\/uploads\/2024\/10\/frunchy-sage-front-1.png","thumb":"https:\/\/momentasdesign.com\/wp-content\/uploads\/2024\/10\/frunchy-sage-front-1-150x150.png","tempId":"aco_1235","image_id":12079,"thumb_src":"https:\/\/momentasdesign.com\/wp-content\/uploads\/2024\/10\/frunchy-sage-front-1.png","gt_translate_keys":["label"]},{"label":"","value":"","selected":false,"image":"https:\/\/momentasdesign.com\/wp-content\/uploads\/2024\/10\/nexta-light-front-1.png","thumb":"https:\/\/momentasdesign.com\/wp-content\/uploads\/2024\/10\/nexta-light-front-1-150x150.png","tempId":"aco_520","image_id":12078,"thumb_src":"https:\/\/momentasdesign.com\/wp-content\/uploads\/2024\/10\/nexta-light-front-1.png","gt_translate_keys":["label"]},{"label":"","value":"","selected":false,"image":"https:\/\/momentasdesign.com\/wp-content\/uploads\/2024\/10\/radiant-front-1.png","thumb":"https:\/\/momentasdesign.com\/wp-content\/uploads\/2024\/10\/radiant-front-1-150x150.png","tempId":"aco_689","image_id":12073,"thumb_src":"https:\/\/momentasdesign.com\/wp-content\/uploads\/2024\/10\/radiant-front-1.png","gt_translate_keys":["label"]}],"disp_size_img":{"width":"","height":"80"},"error":false,"enableClearSelection":true,"enable_product_image":false,"cartLabel":"\u0160riftas","max_options":"1","maxFieldsError":"Pasirinkite vien\u0105 \u0161rift\u0105","priceOptions":"fixed_for_all","pricingType":"fixed","gt_translate_keys":["label","maxFieldsError"],"price_dependency":false,"cl_dependency":false,"value":""}],[{"active":true,"col":6,"relations":false,"cl_rule":"show","enableCl":false,"price":"","enablePrice":false,"className":"","label_position":"default","desc_position":"default","type":"content","required":false,"elementId":"content_1165387380","label":"arba","name":"content_1165387380","contentType":"plain","value":"","error":false,"gt_translate_keys":["label","value"],"price_dependency":false,"cl_dependency":false}],[{"active":true,"col":6,"relations":false,"cl_rule":"show","enableCl":false,"price":"","enablePrice":false,"className":"","label_position":"default","desc_position":"default","type":"content","required":false,"elementId":"content_1926148754","label":"pasirinkite paveiksl\u0117l\u012f","name":"content_1926148754","contentType":"plain","value":"","error":false,"enableDesign":false,"scrollBar":false,"gt_translate_keys":["label","value"],"price_dependency":false,"cl_dependency":false}],[{"active":true,"col":6,"relations":[{"operator":false,"rules":[{"operator":"AND","rules":{"cl_field":"file_2032101075","cl_relation":"is_not_empty","cl_val":""}}]}],"cl_rule":"hide","enableCl":true,"price":"7","enablePrice":true,"className":"","label_position":"default","desc_position":"default","type":"image-group","required":false,"elementId":"image_2273371459","label":"","name":"image_2273371459","enable_popup":"no","multiple":false,"layOut":"col-4","img_selection_type":"shadow","disp_type":"square","values":[{"label":"sis","value":"sisd","selected":false,"image":"https:\/\/momentasdesign.com\/wp-content\/uploads\/2024\/10\/sis-2.png","thumb":"https:\/\/momentasdesign.com\/wp-content\/uploads\/2024\/10\/sis-2-150x150.png","tempId":"aco_1641","image_id":12082,"thumb_src":"https:\/\/momentasdesign.com\/wp-content\/uploads\/2024\/10\/sis-2-75x75.png","gt_translate_keys":["label"]},{"label":"zaibas","value":"zaibas","selected":false,"image":"https:\/\/momentasdesign.com\/wp-content\/uploads\/2023\/09\/zaibas-1.png","thumb":"https:\/\/momentasdesign.com\/wp-content\/uploads\/2023\/09\/zaibas-1-150x150.png","tempId":"aco_1615","image_id":10020,"thumb_src":"https:\/\/momentasdesign.com\/wp-content\/uploads\/2023\/09\/zaibas-1-75x75.png","gt_translate_keys":["label"]},{"label":"begalybe","value":"begalybe","selected":false,"image":"https:\/\/momentasdesign.com\/wp-content\/uploads\/2023\/10\/begalybes-simbolis.png","thumb":"https:\/\/momentasdesign.com\/wp-content\/uploads\/2023\/10\/begalybes-simbolis-150x150.png","tempId":"aco_1562","image_id":9427,"thumb_src":"https:\/\/momentasdesign.com\/wp-content\/uploads\/2023\/10\/begalybes-simbolis-75x75.png","gt_translate_keys":["label"]},{"label":"SAULE","value":"SAULE","selected":false,"image":"https:\/\/momentasdesign.com\/wp-content\/uploads\/2023\/09\/saule-1.png","thumb":"https:\/\/momentasdesign.com\/wp-content\/uploads\/2023\/09\/saule-1-150x150.png","tempId":"aco_1576","image_id":10017,"thumb_src":"https:\/\/momentasdesign.com\/wp-content\/uploads\/2023\/09\/saule-1-72x72.png","gt_translate_keys":["label"]},{"label":"SIRDIS","value":"SIRDIS","selected":false,"image":"https:\/\/momentasdesign.com\/wp-content\/uploads\/2023\/09\/sirdele-original-1.png","thumb":"https:\/\/momentasdesign.com\/wp-content\/uploads\/2023\/09\/sirdele-original-1-150x150.png","tempId":"aco_1589","image_id":10019,"thumb_src":"https:\/\/momentasdesign.com\/wp-content\/uploads\/2023\/09\/sirdele-original-1-75x75.png","gt_translate_keys":["label"]},{"label":"sirdele","value":"sirdele","selected":false,"image":"https:\/\/momentasdesign.com\/wp-content\/uploads\/2023\/10\/sirdele_sidabrinis-zetonas.png","thumb":"https:\/\/momentasdesign.com\/wp-content\/uploads\/2023\/10\/sirdele_sidabrinis-zetonas-150x150.png","tempId":"aco_1563","image_id":9426,"thumb_src":"https:\/\/momentasdesign.com\/wp-content\/uploads\/2023\/10\/sirdele_sidabrinis-zetonas-75x75.png","gt_translate_keys":["label"]},{"label":"ZVAIGZDE","value":"ZVAIGZDE","selected":false,"image":"https:\/\/momentasdesign.com\/wp-content\/uploads\/2023\/09\/zvaigzde.png","thumb":"https:\/\/momentasdesign.com\/wp-content\/uploads\/2023\/09\/zvaigzde-150x150.png","tempId":"aco_1693","image_id":8121,"thumb_src":"https:\/\/momentasdesign.com\/wp-content\/uploads\/2023\/09\/zvaigzde-75x75.png","gt_translate_keys":["label"]},{"label":"saturnas","value":"saturnas","selected":false,"image":"https:\/\/momentasdesign.com\/wp-content\/uploads\/2023\/10\/saturnas.png","thumb":"https:\/\/momentasdesign.com\/wp-content\/uploads\/2023\/10\/saturnas-150x150.png","tempId":"aco_1561","image_id":9428,"thumb_src":"https:\/\/momentasdesign.com\/wp-content\/uploads\/2023\/10\/saturnas-72x72.png","gt_translate_keys":["label"]}],"disp_size_img":{"width":"50","height":"50"},"error":false,"enableClearSelection":true,"cartLabel":"Graviruojamas paveiksl\u0117lis","fee_label":"Graviravimas ","max_options":"1","maxFieldsError":"Galite pasirinkti tik vien\u0105 paveiksl\u0117l\u012f","priceOptions":"fixed_for_all","pricingType":"fixed","min_options":"0","isTemplate":false,"gt_translate_keys":["label","maxFieldsError"],"price_dependency":false,"cl_dependency":false,"value":""}],[{"active":true,"col":6,"relations":false,"cl_rule":"show","enableCl":false,"price":"7","enablePrice":true,"className":"","label_position":"default","desc_position":"default","type":"file","required":false,"elementId":"file_2032101075","name":"file_2032101075","label":"\u012fkelkite savo paveiksl\u0117l\u012f","upload_type":"ajax","uploadSize":"10","file_types":["images","docs","design"],"placeholder":"","error":false,"description":"","tooltip":"","pricingType":"fixed","enableDesign":false,"minUploadSize":"","maxFileSizeError":"Did\u017eiausias leistinas failo dydis 10 MB","cartLabel":"Graviruojamas paveiksl\u0117lis","fee_label":"Graviravimas","allowedFileTypes":"image\/*,.doc,.docx,.xml,.dot,.docm,.dotm,.dotx,.htm,.html,.odt,.pdf,.rtf,.txt,.wps,.xps,application\/msword,application\/vnd,.psd,.eps,.ai,.indd,.raw","gt_translate_keys":["label","placeholder","description","tooltip","maxFileSizeError"],"price_dependency":false,"cl_dependency":["image_2273371459"],"value":""}],[{"active":true,"col":6,"relations":[],"cl_rule":"show","enableCl":false,"price":"","enablePrice":false,"className":"","label_position":"default","desc_position":"default","type":"content","required":false,"elementId":"content_4616032027","label":"","name":"content_4616032027","contentType":"rich","value":"<p><a href=\"\/engraving-images-ideas\/\">Neturite min\u010di\u0173? Visas graviravimo id\u0117jas rasite \u010dia.<\/a><\/p>","error":false,"subtype":"div","gt_translate_keys":["label","value"],"price_dependency":false,"cl_dependency":false}],[{"active":true,"col":6,"relations":false,"cl_rule":"show","enableCl":false,"price":"","enablePrice":false,"className":"","label_position":"default","desc_position":"default","type":"header","required":false,"elementId":"header_7906112556","label":"PASTABA: \u012fkeltas tekstas tur\u0117t\u0173 b\u016bti \u012fskaitomas ir bus i\u0161graviruotas tiksliai taip, kaip matyti \u012fkeltame paveiksl\u0117lyje.","subtype":"h6","error":false,"gt_translate_keys":["label"],"price_dependency":false,"cl_dependency":false,"value":""}]]}},"config":{"price_override":"","enable_recaptcha":false,"bind_quantity":false,"quantity_bind_formula":false,"disp_summ_show_option_price":false,"disp_summ_show_product_price":false,"disp_summ_show_total_price":true,"disp_summ_show_fee":false,"disp_summ_show_discount":false,"summary_title":"","options_total_label":"Kaina","total_label":"I\u0161 viso","options_product_label":"Prek\u0117s kaina","fee_label":"Mokestis","discount_label":"Nuolaida","has_price":true,"has_quantity_formula":false},"mc_unit":1,"tax_rate":1,"tax_rate_real":1,"discount":{"percentage":0,"fixed":0},"design":{"conf":{"LabelPosition":"above","DescPosition":"above","UploadField":"custom_1","QuantityFieldStyle":"default"},"css":{"LeftLabelWidth":"120px"}},"formulas":{"fmla_1731963597487288695":"((0)?(0):(0))"},"lookuptables":[],"clones":false,"cartKey":false}},"_links":{"self":[{"href":"https:\/\/momentasdesign.com\/en\/wp-json\/wp\/v2\/product\/7929","targetHints":{"allow":["GET"]}}],"collection":[{"href":"https:\/\/momentasdesign.com\/en\/wp-json\/wp\/v2\/product"}],"about":[{"href":"https:\/\/momentasdesign.com\/en\/wp-json\/wp\/v2\/types\/product"}],"replies":[{"embeddable":true,"href":"https:\/\/momentasdesign.com\/en\/wp-json\/wp\/v2\/comments?post=7929"}],"wp:featuredmedia":[{"embeddable":true,"href":"https:\/\/momentasdesign.com\/en\/wp-json\/wp\/v2\/media\/11529"}],"wp:attachment":[{"href":"https:\/\/momentasdesign.com\/en\/wp-json\/wp\/v2\/media?parent=7929"}],"wp:term":[{"taxonomy":"product_brand","embeddable":true,"href":"https:\/\/momentasdesign.com\/en\/wp-json\/wp\/v2\/product_brand?post=7929"},{"taxonomy":"product_cat","embeddable":true,"href":"https:\/\/momentasdesign.com\/en\/wp-json\/wp\/v2\/product_cat?post=7929"},{"taxonomy":"product_tag","embeddable":true,"href":"https:\/\/momentasdesign.com\/en\/wp-json\/wp\/v2\/product_tag?post=7929"}],"curies":[{"name":"wp","href":"https:\/\/api.w.org\/{rel}","templated":true}]}}