{"id":7918,"date":"2023-09-04T09:31:58","date_gmt":"2023-09-04T09:31:58","guid":{"rendered":"https:\/\/nakuslenis.com\/shop-online\/sofia-925-sidabrine-apyranke-su-gelavandeniu-perlu\/"},"modified":"2025-12-02T10:17:23","modified_gmt":"2025-12-02T10:17:23","slug":"sofia","status":"publish","type":"product","link":"https:\/\/momentasdesign.com\/en\/apyrankes\/sofia\/","title":{"rendered":"&#8216;Sofia&#8217; 925 apyrank\u0117"},"content":{"rendered":"<p>Eleganti\u0161ka minimalistin\u0117 rank\u0173 darbo apyrank\u0117. Pagaminta i\u0161 925 sidabro ir g\u0117lavandenio perlo. Perlo dydis 5-7 mm.<\/p>\n<p>Bracelet clasp - Spring Ring. An extension chain is not included with this model.<\/p>\n<p>Bracelet weight ~ 1.30 g. (weight varies depending on selected size)<\/p>\n<p>*The colors and shape of the jewelry items may differ slightly from those shown in the photos<\/p>","protected":false},"excerpt":{"rendered":"<p>Eleganti\u0161ka minimalistin\u0117 rank\u0173 darbo apyrank\u0117. Pagaminta i\u0161 925 sidabro ir g\u0117lavandenio perlo. Perlo dydis 5-7 mm. Apyrank\u0117s u\u017esegimas \u2013 karabinas. Prie \u0161ios modelio prailginama grandin\u0117l\u0117 n\u0117ra dedama. Apyrank\u0117s svoris ~ 1,37 g. (svoris kinta nuo pasirinkto dyd\u017eio). *Papuo\u0161al\u0173 element\u0173 spalvos ir forma gali ne\u017eymiai skirtis nuo pateikt\u0173 nuotraukose<\/p>","protected":false},"featured_media":6647,"comment_status":"closed","ping_status":"closed","template":"","meta":{"_acf_changed":false,"_gspb_post_css":"","_kad_blocks_custom_css":"","_kad_blocks_head_custom_js":"","_kad_blocks_body_custom_js":"","_kad_blocks_footer_custom_js":"","pgc_sgb_lightbox_settings":""},"product_brand":[],"product_cat":[177,180,178,179],"product_tag":[185],"class_list":{"0":"post-7918","1":"product","2":"type-product","3":"status-publish","4":"has-post-thumbnail","6":"product_cat-apyrankes","7":"product_cat-dovanos-iki-100-eur","8":"product_cat-dovanos-iki-40-eur","9":"product_cat-dovanos-iki-60-eur","10":"product_tag-dovanos-iki-60-eur","11":"pa_dydis-15-cm","12":"pa_dydis-16-cm","13":"pa_dydis-17-cm","14":"pa_dydis-18-cm","15":"pa_spalvos-925-sidabras","16":"pa_stilius-minimalistiniai","17":"pa_stilius-perlai","19":"first","20":"instock","21":"featured","22":"purchasable","23":"product-type-variable"},"acf":[],"taxonomy_info":{"product_cat":[{"value":177,"label":"Apyrank\u0117s"},{"value":180,"label":"Dovanos iki 100 EUR"},{"value":178,"label":"Dovanos iki 40 EUR"},{"value":179,"label":"Dovanos iki 60 EUR"}],"product_tag":[{"value":185,"label":"Dovanos iki 60 EUR"}],"pa_dydis":[{"value":106,"label":"15 cm"},{"value":111,"label":"16 cm"},{"value":112,"label":"17 cm"},{"value":113,"label":"18 cm"}],"pa_spalvos":[{"value":66,"label":"925 sidabras"}],"pa_stilius":[{"value":80,"label":"Minimalistiniai"},{"value":75,"label":"Perlai"}]},"featured_image_src_large":["https:\/\/momentasdesign.com\/wp-content\/uploads\/2023\/09\/sofia_momentas_925_sidabrine_apyranke_su_gelavandeniu_perlu_3-1-scaled.jpg",819,1024,false],"author_info":[],"comment_info":0,"wcpa_form_fields":null,"_links":{"self":[{"href":"https:\/\/momentasdesign.com\/en\/wp-json\/wp\/v2\/product\/7918","targetHints":{"allow":["GET"]}}],"collection":[{"href":"https:\/\/momentasdesign.com\/en\/wp-json\/wp\/v2\/product"}],"about":[{"href":"https:\/\/momentasdesign.com\/en\/wp-json\/wp\/v2\/types\/product"}],"replies":[{"embeddable":true,"href":"https:\/\/momentasdesign.com\/en\/wp-json\/wp\/v2\/comments?post=7918"}],"wp:featuredmedia":[{"embeddable":true,"href":"https:\/\/momentasdesign.com\/en\/wp-json\/wp\/v2\/media\/6647"}],"wp:attachment":[{"href":"https:\/\/momentasdesign.com\/en\/wp-json\/wp\/v2\/media?parent=7918"}],"wp:term":[{"taxonomy":"product_brand","embeddable":true,"href":"https:\/\/momentasdesign.com\/en\/wp-json\/wp\/v2\/product_brand?post=7918"},{"taxonomy":"product_cat","embeddable":true,"href":"https:\/\/momentasdesign.com\/en\/wp-json\/wp\/v2\/product_cat?post=7918"},{"taxonomy":"product_tag","embeddable":true,"href":"https:\/\/momentasdesign.com\/en\/wp-json\/wp\/v2\/product_tag?post=7918"}],"curies":[{"name":"wp","href":"https:\/\/api.w.org\/{rel}","templated":true}]}}