{"id":7816,"date":"2023-09-04T09:27:15","date_gmt":"2023-09-04T09:27:15","guid":{"rendered":"https:\/\/nakuslenis.com\/shop-online\/dvieju-papuosalu-rinkinys-vili\/"},"modified":"2025-12-02T03:52:05","modified_gmt":"2025-12-02T03:52:05","slug":"vili","status":"publish","type":"product","link":"https:\/\/momentasdesign.com\/en\/rinkiniai\/vili\/","title":{"rendered":"Set of two jewelry 'Vili'"},"content":{"rendered":"<p>Dviej\u0173 kaklo papuo\u0161al\u0173 derinys. Pagaminta i\u0161 g\u0117lavandeni\u0173 perl\u0173 ir 925 sidabro.<\/p>\n<p>Rinkinio vert\u0117 &#8211; <strong>129,80 Eur.<\/strong><\/p>\n<p>Necklace clasp - Spring Ring.<\/p>\n<p>Perl\u0173 v\u0117rinio ilgis &#8211; 40 cm. Kaklo papuo\u0161alas \u2018Natalie\u2019 &#8211; 46 cm.<\/p>\n<p>*Each pearl has a unique, one-of-a-kind shape. Therefore, each pearl will differ from the one shown in the photo.<\/p>\n<p>** The colors and shape of the jewelry items may differ slightly from those shown in the photos<\/p>","protected":false},"excerpt":{"rendered":"<p>Dviej\u0173 kaklo papuo\u0161al\u0173 derinys. Pagaminta i\u0161 g\u0117lavandeni\u0173 perl\u0173 ir 925 sidabro. Rinkinio vert\u0117 &#8211; 129,80 Eur. Pakabuk\u0173 u\u017esegimai &#8211; karabinai. Perl\u0173 v\u0117rinio ilgis &#8211; 40 cm. Kaklo papuo\u0161alas \u2018Natalie\u2019 &#8211; 46 cm. *Kiekvienas perlas turi unikali\u0105, tik jam b\u016bding\u0105 vienetin\u0119 form\u0105. Tod\u0117l kiekvienas perlas skirsis nuo nurodyto nuotraukoje. **Papuo\u0161al\u0173 element\u0173 spalvos ir forma gali ne\u017eymiai [&hellip;]<\/p>","protected":false},"featured_media":8931,"comment_status":"closed","ping_status":"closed","template":"","meta":{"_acf_changed":false,"_gspb_post_css":"","_kad_blocks_custom_css":"","_kad_blocks_head_custom_js":"","_kad_blocks_body_custom_js":"","_kad_blocks_footer_custom_js":"","pgc_sgb_lightbox_settings":""},"product_brand":[],"product_cat":[162,27,180],"product_tag":[],"class_list":{"0":"post-7816","1":"product","2":"type-product","3":"status-publish","4":"has-post-thumbnail","6":"product_cat-rinkiniai","7":"product_cat-kaklo-papuosalai","8":"product_cat-dovanos-iki-100-eur","9":"pa_spalvos-925-sidabras","10":"pa_stilius-statement","11":"pa_stilius-perlai","13":"first","14":"instock","15":"purchasable","16":"product-type-simple"},"acf":[],"taxonomy_info":{"product_cat":[{"value":162,"label":"Rinkiniai"},{"value":27,"label":"Kaklo papuo\u0161alai"},{"value":180,"label":"Dovanos iki 100 EUR"}],"pa_spalvos":[{"value":66,"label":"925 sidabras"}],"pa_stilius":[{"value":84,"label":"Statement"},{"value":75,"label":"Perlai"}]},"featured_image_src_large":["https:\/\/momentasdesign.com\/wp-content\/uploads\/2023\/09\/A7402415copy-819x1024.jpg",819,1024,true],"author_info":[],"comment_info":0,"wcpa_form_fields":null,"_links":{"self":[{"href":"https:\/\/momentasdesign.com\/en\/wp-json\/wp\/v2\/product\/7816","targetHints":{"allow":["GET"]}}],"collection":[{"href":"https:\/\/momentasdesign.com\/en\/wp-json\/wp\/v2\/product"}],"about":[{"href":"https:\/\/momentasdesign.com\/en\/wp-json\/wp\/v2\/types\/product"}],"replies":[{"embeddable":true,"href":"https:\/\/momentasdesign.com\/en\/wp-json\/wp\/v2\/comments?post=7816"}],"wp:featuredmedia":[{"embeddable":true,"href":"https:\/\/momentasdesign.com\/en\/wp-json\/wp\/v2\/media\/8931"}],"wp:attachment":[{"href":"https:\/\/momentasdesign.com\/en\/wp-json\/wp\/v2\/media?parent=7816"}],"wp:term":[{"taxonomy":"product_brand","embeddable":true,"href":"https:\/\/momentasdesign.com\/en\/wp-json\/wp\/v2\/product_brand?post=7816"},{"taxonomy":"product_cat","embeddable":true,"href":"https:\/\/momentasdesign.com\/en\/wp-json\/wp\/v2\/product_cat?post=7816"},{"taxonomy":"product_tag","embeddable":true,"href":"https:\/\/momentasdesign.com\/en\/wp-json\/wp\/v2\/product_tag?post=7816"}],"curies":[{"name":"wp","href":"https:\/\/api.w.org\/{rel}","templated":true}]}}