{"id":7803,"date":"2023-09-04T09:26:54","date_gmt":"2023-09-04T09:26:54","guid":{"rendered":"https:\/\/nakuslenis.com\/shop-online\/925-sidabriniai-auskarai-su-cirkoniais-quinn\/"},"modified":"2026-03-26T19:16:40","modified_gmt":"2026-03-26T19:16:40","slug":"quinn","status":"publish","type":"product","link":"https:\/\/momentasdesign.com\/en\/auskarai\/quinn\/","title":{"rendered":"925 silver earrings with zircons 'Quinn'"},"content":{"rendered":"<p>Charming and extremely stylish 925 silver earrings decorated with zircons. Certified by the Lithuanian Assay Office.<\/p>\n<p>Dydis: 1 cm.<\/p>\n<p>Weight ~ 2.23 g.<\/p>\n<p>*The colors and shape of the jewelry items may differ slightly from those shown in the photos<\/p>","protected":false},"excerpt":{"rendered":"<p>\u017dav\u016bs ir itin stilingi 925 sidabriniai auskarai papuo\u0161ti cirkoniais. Prabuota Lietuvos prabavimo r\u016bmuose. Dydis: 1 cm. Auskar\u0173 svoris ~ 2,23 g. *Papuo\u0161al\u0173 element\u0173 spalvos ir forma gali ne\u017eymiai skirtis nuo pateikt\u0173 nuotraukose<\/p>","protected":false},"featured_media":8647,"comment_status":"closed","ping_status":"closed","template":"","meta":{"_acf_changed":false,"_gspb_post_css":"","_kad_blocks_custom_css":"","_kad_blocks_head_custom_js":"","_kad_blocks_body_custom_js":"","_kad_blocks_footer_custom_js":"","pgc_sgb_lightbox_settings":""},"product_brand":[],"product_cat":[160,180,179],"product_tag":[185],"class_list":{"0":"post-7803","1":"product","2":"type-product","3":"status-publish","4":"has-post-thumbnail","6":"product_cat-auskarai","7":"product_cat-dovanos-iki-100-eur","8":"product_cat-dovanos-iki-60-eur","9":"product_tag-dovanos-iki-60-eur","10":"pa_savybes-populiariausi","11":"pa_spalvos-925-sidabras","12":"pa_stilius-minimalistiniai","13":"pa_stilius-cirkoniai","14":"pa_stilius-hoops","16":"first","17":"outofstock","18":"purchasable","19":"product-type-simple"},"acf":[],"taxonomy_info":{"product_cat":[{"value":160,"label":"Auskarai"},{"value":180,"label":"Dovanos iki 100 EUR"},{"value":179,"label":"Dovanos iki 60 EUR"}],"product_tag":[{"value":185,"label":"Dovanos iki 60 EUR"}],"pa_savybes":[{"value":86,"label":"Populiariausi"}],"pa_spalvos":[{"value":66,"label":"925 sidabras"}],"pa_stilius":[{"value":80,"label":"Minimalistiniai"},{"value":76,"label":"Cirkoniai"},{"value":82,"label":"Hoops"}]},"featured_image_src_large":["https:\/\/momentasdesign.com\/wp-content\/uploads\/2023\/09\/quinn-925-sidabriniai-auskarai-su-cirkoniais-8-819x1024.jpg",819,1024,true],"author_info":[],"comment_info":0,"wcpa_form_fields":null,"_links":{"self":[{"href":"https:\/\/momentasdesign.com\/en\/wp-json\/wp\/v2\/product\/7803","targetHints":{"allow":["GET"]}}],"collection":[{"href":"https:\/\/momentasdesign.com\/en\/wp-json\/wp\/v2\/product"}],"about":[{"href":"https:\/\/momentasdesign.com\/en\/wp-json\/wp\/v2\/types\/product"}],"replies":[{"embeddable":true,"href":"https:\/\/momentasdesign.com\/en\/wp-json\/wp\/v2\/comments?post=7803"}],"wp:featuredmedia":[{"embeddable":true,"href":"https:\/\/momentasdesign.com\/en\/wp-json\/wp\/v2\/media\/8647"}],"wp:attachment":[{"href":"https:\/\/momentasdesign.com\/en\/wp-json\/wp\/v2\/media?parent=7803"}],"wp:term":[{"taxonomy":"product_brand","embeddable":true,"href":"https:\/\/momentasdesign.com\/en\/wp-json\/wp\/v2\/product_brand?post=7803"},{"taxonomy":"product_cat","embeddable":true,"href":"https:\/\/momentasdesign.com\/en\/wp-json\/wp\/v2\/product_cat?post=7803"},{"taxonomy":"product_tag","embeddable":true,"href":"https:\/\/momentasdesign.com\/en\/wp-json\/wp\/v2\/product_tag?post=7803"}],"curies":[{"name":"wp","href":"https:\/\/api.w.org\/{rel}","templated":true}]}}