{"id":7782,"date":"2023-09-04T09:25:57","date_gmt":"2023-09-04T09:25:57","guid":{"rendered":"https:\/\/nakuslenis.com\/shop-online\/pescara-14k-paauksuotas-925-sidabrinis-kaklo-papuosalas-su-sirdele\/"},"modified":"2026-02-27T06:56:08","modified_gmt":"2026-02-27T06:56:08","slug":"pescara","status":"publish","type":"product","link":"https:\/\/momentasdesign.com\/en\/kaklo-papuosalai\/pescara\/","title":{"rendered":"&#8216;Pescara&#8217; 14K paauksuotas 925 kaklo papuo\u0161alas"},"content":{"rendered":"<p>Minimalistinis rank\u0173 darbo kaklo papuo\u0161alas. Pagaminta i\u0161 14K paauksuoto 925 sidabro.<\/p>\n<p>Necklace clasp - Spring Ring. An extendable chain is added to this necklace, so it can be extended by 5 cm from the selected size.<\/p>\n<p>Weight ~ 2.45 g. (weight varies depending on selected size)<\/p>\n<p>\u0160irdel\u0117s dydis: 4 mm.<\/p>\n<p>The length of the jewelry in the photo is 40 cm.<\/p>\n<p>* The minimalist silver chain used for this product requires more care and attention than normal chains.<\/p>\n<p>**The colors and shape of the jewelry items may differ slightly from those shown in the photos<\/p>","protected":false},"excerpt":{"rendered":"<p>Minimalistinis rank\u0173 darbo kaklo papuo\u0161alas. Pagaminta i\u0161 14K paauksuoto 925 sidabro. Pakabuko u\u017esegimas &#8211; karabinas. Prie \u0161io papuo\u0161alo yra dedama prailginama grandin\u0117le, tad papuo\u0161alas gali pasiilginti apie 5 cm. nuo pasrinkto dyd\u017eio. Svoris ~ 2,45 g. (svoris kinta nuo pasirinkto dyd\u017eio). \u0160irdel\u0117s dydis: 4 mm. Papuo\u0161alo ilgis nuotraukoje &#8211; 40 cm. * \u0160iam gaminiui naudojama [&hellip;]<\/p>","protected":false},"featured_media":6383,"comment_status":"closed","ping_status":"closed","template":"","meta":{"_acf_changed":false,"_gspb_post_css":"","_kad_blocks_custom_css":"","_kad_blocks_head_custom_js":"","_kad_blocks_body_custom_js":"","_kad_blocks_footer_custom_js":"","pgc_sgb_lightbox_settings":""},"product_brand":[],"product_cat":[27,180,179,218],"product_tag":[184],"class_list":{"0":"post-7782","1":"product","2":"type-product","3":"status-publish","4":"has-post-thumbnail","6":"product_cat-kaklo-papuosalai","7":"product_cat-dovanos-iki-100-eur","8":"product_cat-dovanos-iki-60-eur","9":"product_cat-matching-gifts","10":"product_tag-dovanos-iki-100-eur","11":"pa_dydis-35-cm","12":"pa_dydis-40-cm","13":"pa_dydis-45-cm","14":"pa_dydis-50-cm","15":"pa_savybes-populiariausi","16":"pa_spalvos-paauksuotas-925-sidabras","17":"pa_stilius-minimalistiniai","19":"first","20":"instock","21":"featured","22":"purchasable","23":"product-type-variable"},"acf":[],"taxonomy_info":{"product_cat":[{"value":27,"label":"Kaklo papuo\u0161alai"},{"value":180,"label":"Dovanos iki 100 EUR"},{"value":179,"label":"Dovanos iki 60 EUR"},{"value":218,"label":"matching gifts"}],"product_tag":[{"value":184,"label":"Dovanos iki 100 EUR"}],"pa_dydis":[{"value":105,"label":"35 cm"},{"value":99,"label":"40 cm"},{"value":110,"label":"45 cm"},{"value":109,"label":"50 cm"}],"pa_savybes":[{"value":86,"label":"Populiariausi"}],"pa_spalvos":[{"value":65,"label":"Paauksuotas 925 sidabras"}],"pa_stilius":[{"value":80,"label":"Minimalistiniai"}]},"featured_image_src_large":["https:\/\/momentasdesign.com\/wp-content\/uploads\/2023\/09\/pescara_momentas_paauksuotas_kaklo_papuosalas_su_sirdele_1-819x1024.jpg",819,1024,true],"author_info":[],"comment_info":0,"wcpa_form_fields":null,"_links":{"self":[{"href":"https:\/\/momentasdesign.com\/en\/wp-json\/wp\/v2\/product\/7782","targetHints":{"allow":["GET"]}}],"collection":[{"href":"https:\/\/momentasdesign.com\/en\/wp-json\/wp\/v2\/product"}],"about":[{"href":"https:\/\/momentasdesign.com\/en\/wp-json\/wp\/v2\/types\/product"}],"replies":[{"embeddable":true,"href":"https:\/\/momentasdesign.com\/en\/wp-json\/wp\/v2\/comments?post=7782"}],"wp:featuredmedia":[{"embeddable":true,"href":"https:\/\/momentasdesign.com\/en\/wp-json\/wp\/v2\/media\/6383"}],"wp:attachment":[{"href":"https:\/\/momentasdesign.com\/en\/wp-json\/wp\/v2\/media?parent=7782"}],"wp:term":[{"taxonomy":"product_brand","embeddable":true,"href":"https:\/\/momentasdesign.com\/en\/wp-json\/wp\/v2\/product_brand?post=7782"},{"taxonomy":"product_cat","embeddable":true,"href":"https:\/\/momentasdesign.com\/en\/wp-json\/wp\/v2\/product_cat?post=7782"},{"taxonomy":"product_tag","embeddable":true,"href":"https:\/\/momentasdesign.com\/en\/wp-json\/wp\/v2\/product_tag?post=7782"}],"curies":[{"name":"wp","href":"https:\/\/api.w.org\/{rel}","templated":true}]}}