{"id":7737,"date":"2023-09-04T09:23:52","date_gmt":"2023-09-04T09:23:52","guid":{"rendered":"https:\/\/nakuslenis.com\/shop-online\/natalie-925-sidabrinis-kaklo-papuosalas-su-gelavandeniu-perlu\/"},"modified":"2026-02-26T16:10:14","modified_gmt":"2026-02-26T16:10:14","slug":"natalie","status":"publish","type":"product","link":"https:\/\/momentasdesign.com\/en\/kaklo-papuosalai\/natalie\/","title":{"rendered":"&#8216;Natalie&#8217; 925 kaklo papuo\u0161alas"},"content":{"rendered":"<p>Eleganti\u0161kas minimalistinis rank\u0173 darbo kaklo papuo\u0161alas. Pagaminta i\u0161 925 sidabro ir g\u0117lavandenio perlo.<\/p>\n<p>Necklace clasp - Spring Ring. An extendable chain is added to this necklace, so it can be extended by 5 cm from the selected size.<\/p>\n<p>Weight ~ 2.93 g. (weight varies depending on selected size)<\/p>\n<p>The length of the jewelry in the photo is 40 cm.<\/p>\n<p>* The minimalist silver chain used for this product requires more care and attention than normal chains.<\/p>\n<p>**The colors and shape of the jewelry items may differ slightly from those shown in the photos<\/p>","protected":false},"excerpt":{"rendered":"<p>Eleganti\u0161kas minimalistinis rank\u0173 darbo kaklo papuo\u0161alas. Pagaminta i\u0161 925 sidabro ir g\u0117lavandenio perlo. Pakabuko u\u017esegimas &#8211; karabinas. Prie \u0161io papuo\u0161alo yra dedama prailginama grandin\u0117le, tad papuo\u0161alas gali pasiilginti apie 5 cm. nuo pasrinkto dyd\u017eio. Svoris ~ 2,93 g. (svoris kinta nuo pasirinkto dyd\u017eio). Papuo\u0161alo ilgis nuotraukoje &#8211; 40 cm. * \u0160iam gaminiui naudojama minimalistin\u0117 sidabrin\u0117 [&hellip;]<\/p>","protected":false},"featured_media":6290,"comment_status":"closed","ping_status":"closed","template":"","meta":{"_acf_changed":false,"_gspb_post_css":"","_kad_blocks_custom_css":"","_kad_blocks_head_custom_js":"","_kad_blocks_body_custom_js":"","_kad_blocks_footer_custom_js":"","pgc_sgb_lightbox_settings":""},"product_brand":[],"product_cat":[27,180,178,179],"product_tag":[185],"class_list":{"0":"post-7737","1":"product","2":"type-product","3":"status-publish","4":"has-post-thumbnail","6":"product_cat-kaklo-papuosalai","7":"product_cat-dovanos-iki-100-eur","8":"product_cat-dovanos-iki-40-eur","9":"product_cat-dovanos-iki-60-eur","10":"product_tag-dovanos-iki-60-eur","11":"pa_dydis-35-cm","12":"pa_dydis-40-cm","13":"pa_dydis-46-cm","14":"pa_dydis-50-cm","15":"pa_spalvos-925-sidabras","16":"pa_stilius-minimalistiniai","17":"pa_stilius-perlai","19":"first","20":"instock","21":"purchasable","22":"product-type-variable"},"acf":[],"taxonomy_info":{"product_cat":[{"value":27,"label":"Kaklo papuo\u0161alai"},{"value":180,"label":"Dovanos iki 100 EUR"},{"value":178,"label":"Dovanos iki 40 EUR"},{"value":179,"label":"Dovanos iki 60 EUR"}],"product_tag":[{"value":185,"label":"Dovanos iki 60 EUR"}],"pa_dydis":[{"value":105,"label":"35 cm"},{"value":99,"label":"40 cm"},{"value":108,"label":"46 cm"},{"value":109,"label":"50 cm"}],"pa_spalvos":[{"value":66,"label":"925 sidabras"}],"pa_stilius":[{"value":80,"label":"Minimalistiniai"},{"value":75,"label":"Perlai"}]},"featured_image_src_large":["https:\/\/momentasdesign.com\/wp-content\/uploads\/2023\/09\/natalie_momentas_925_sidabrinis_kaklo_papuosalas_su_gelavandeniu_perlu_8-1-819x1024.jpg",819,1024,true],"author_info":[],"comment_info":0,"wcpa_form_fields":null,"_links":{"self":[{"href":"https:\/\/momentasdesign.com\/en\/wp-json\/wp\/v2\/product\/7737","targetHints":{"allow":["GET"]}}],"collection":[{"href":"https:\/\/momentasdesign.com\/en\/wp-json\/wp\/v2\/product"}],"about":[{"href":"https:\/\/momentasdesign.com\/en\/wp-json\/wp\/v2\/types\/product"}],"replies":[{"embeddable":true,"href":"https:\/\/momentasdesign.com\/en\/wp-json\/wp\/v2\/comments?post=7737"}],"wp:featuredmedia":[{"embeddable":true,"href":"https:\/\/momentasdesign.com\/en\/wp-json\/wp\/v2\/media\/6290"}],"wp:attachment":[{"href":"https:\/\/momentasdesign.com\/en\/wp-json\/wp\/v2\/media?parent=7737"}],"wp:term":[{"taxonomy":"product_brand","embeddable":true,"href":"https:\/\/momentasdesign.com\/en\/wp-json\/wp\/v2\/product_brand?post=7737"},{"taxonomy":"product_cat","embeddable":true,"href":"https:\/\/momentasdesign.com\/en\/wp-json\/wp\/v2\/product_cat?post=7737"},{"taxonomy":"product_tag","embeddable":true,"href":"https:\/\/momentasdesign.com\/en\/wp-json\/wp\/v2\/product_tag?post=7737"}],"curies":[{"name":"wp","href":"https:\/\/api.w.org\/{rel}","templated":true}]}}