{"id":7665,"date":"2023-09-04T09:21:16","date_gmt":"2023-09-04T09:21:16","guid":{"rendered":"https:\/\/nakuslenis.com\/shop-online\/isskirtinis-925-sidabrinis-ziedas-magnolia\/"},"modified":"2026-04-26T14:09:55","modified_gmt":"2026-04-26T14:09:55","slug":"magnolia","status":"publish","type":"product","link":"https:\/\/momentasdesign.com\/en\/ziedai\/magnolia\/","title":{"rendered":"925 silver ring 'Magnolia'"},"content":{"rendered":"<p>A charming ultra-minimalist ring. Made of 925 silver. Certified by the Lithuanian Assay Office. <span class=\"html-span xdj266r x14z9mp xat24cr x1lziwak xexx8yu xyri2b x18d9i69 x1c1uobl x1hl2dhg x16tdsg8 x1vvkbs x4k7w5x x1h91t0o x1h9r5lt x1jfb8zj xv2umb2 x1beo9mf xaigb6o x12ejxvf x3igimt xarpa2k xedcshv x1lytzrv x1t2pt76 x7ja8zs x1qrby5j\"><span class=\"x193iq5w xeuugli x13faqbe x1vvkbs xlh3980 xvmahel x1n0sxbx x1lliihq x1s928wv xhkezso x1gmr53x x1cpjm7i x1fgarty x1943h6x xudqn12 x3x7a5m x6prxxf xvq8zen xo1l8bm x14ctfv\" dir=\"auto\">\u0160is \u017eiedas gali b\u016bti graviruotas (itin smulkus graviravimas).\u00a0 Ant \u0161io \u017eiedo rekomenduojame graviruoti <strong>iki 5 simboli\u0173.<\/strong><\/span><\/span><\/p>\n<p>Weight ~ 0.44 g. (weight varies depending on selected size)<\/p>\n<p>\u017diedo plotis: 2 mm.<\/p>\n<p class=\"translation-block\">Don't know your ring size? Information on how to find your ring size can be found here.<\/p>\n<p>*The colors and shape of the jewelry items may differ slightly from those shown in the photos<\/p>","protected":false},"excerpt":{"rendered":"<p>\u017davus itin minimalistinis \u017eiedas. Pagaminta i\u0161 925 sidabro. Prabuota Lietuvos prabavimo r\u016bmuose. \u0160is \u017eiedas gali b\u016bti graviruotas (itin smulkus graviravimas).\u00a0 Ant \u0161io \u017eiedo rekomenduojame graviruoti iki 5 simboli\u0173. \u017diedo svoris ~ 0,44 g. (svoris kinta nuo pasirinkto dyd\u017eio). \u017diedo plotis: 2 mm. Ne\u017einai savo \u017eiedo dyd\u017eio? Informacij\u0105 kaip surasti savo \u017eiedo dyd\u012f rasi \u010dia. *Papuo\u0161al\u0173 [&hellip;]<\/p>","protected":false},"featured_media":6174,"comment_status":"closed","ping_status":"closed","template":"","meta":{"_acf_changed":false,"_gspb_post_css":"","_kad_blocks_custom_css":"","_kad_blocks_head_custom_js":"","_kad_blocks_body_custom_js":"","_kad_blocks_footer_custom_js":"","pgc_sgb_lightbox_settings":""},"product_brand":[],"product_cat":[161,180,178,179,165],"product_tag":[186],"class_list":{"0":"post-7665","1":"product","2":"type-product","3":"status-publish","4":"has-post-thumbnail","6":"product_cat-ziedai","7":"product_cat-dovanos-iki-100-eur","8":"product_cat-dovanos-iki-40-eur","9":"product_cat-dovanos-iki-60-eur","10":"product_cat-graviruojami","11":"product_tag-dovanos-iki-40-eur","12":"pa_dydis-4-14","13":"pa_dydis-5-15","14":"pa_dydis-6-16","15":"pa_dydis-7-17","16":"pa_dydis-8-18","17":"pa_dydis-9-19","18":"pa_savybes-graviruojamas","19":"pa_spalvos-925-sidabras","20":"pa_stilius-minimalistiniai","21":"pa_stilius-unisex","22":"wcpa_has_options","24":"first","25":"instock","26":"purchasable","27":"product-type-variable"},"acf":[],"taxonomy_info":{"product_cat":[{"value":161,"label":"\u017diedai"},{"value":180,"label":"Dovanos iki 100 EUR"},{"value":178,"label":"Dovanos iki 40 EUR"},{"value":179,"label":"Dovanos iki 60 EUR"},{"value":165,"label":"Graviruojami"}],"product_tag":[{"value":186,"label":"Dovanos iki 40 EUR"}],"pa_dydis":[{"value":212,"label":"4 (14)"},{"value":203,"label":"5 (15)"},{"value":204,"label":"6 (16)"},{"value":205,"label":"7 (17)"},{"value":206,"label":"8 (18)"},{"value":207,"label":"9 (19)"}],"pa_savybes":[{"value":67,"label":"Graviruojamas"}],"pa_spalvos":[{"value":66,"label":"925 sidabras"}],"pa_stilius":[{"value":80,"label":"Minimalistiniai"},{"value":77,"label":"Unisex"}]},"featured_image_src_large":["https:\/\/momentasdesign.com\/wp-content\/uploads\/2023\/09\/magnolia_momentas_925_sidabrinis_minmalistinis_ziedas_-1-819x1024.jpg",819,1024,true],"author_info":[],"comment_info":0,"wcpa_form_fields":{"wcpaData":{"product":{"product_price":39.9,"price_html":"<span class=\"woocommerce-Price-amount amount\"><bdi><span class=\"woocommerce-Price-currencySymbol\">&euro;<\/span>39.90<\/bdi><\/span>","original_product_price":39.9,"price_including_tax":39.9,"price_excluding_tax":39.9,"product_id":{"parent":7665,"variation":false},"is_variable":true,"stock_status":"instock","stock_quantity":null,"parent_sku":"6140388aeab56326f6ac0208","product_attributes":{"pa_dydis":{"is_variation":true,"values":[]},"pa_spalvos":{"is_variation":false,"values":["925-sidabras"]},"pa_stilius":{"is_variation":false,"values":["minimalistiniai","unisex"]},"pa_savybes":{"is_variation":false,"values":["graviruojamas"]}},"custom_fields":[],"is_taxable":false,"product_name":"I\u0161skirtinis 925 sidabrinis \u017eiedas 'magnolia'","hasImage":false},"fields":{"sec_1064e802185a4ed":{"extra":{"key":"sec_1064e802185a4ed","section_id":"sec_1064e802185a4ed","name":"Default","status":1,"cl_rule":"show","enableCl":false,"relations":[],"toggle":true,"title_tag":"h3","show_title":false,"showPrice":"default","form_id":3875,"form_rules":{"exclude_from_discount":false,"fee_label":"Mokestis","disp_hide_options_price":false,"disp_show_section_price":false,"disp_show_field_price":true,"layout_option":"standard","pric_use_as_fee":false,"process_fee_as":"woo_fee"},"layout_option":"standard"},"fields":[[{"active":true,"col":6,"relations":false,"cl_rule":"show","enableCl":false,"price":"","enablePrice":false,"className":"","label_position":"default","desc_position":"default","type":"content","required":false,"elementId":"content_5934111870","label":"Suteikite savo papuo\u0161alams asmenin\u012f akcent\u0105. Asmeninis graviravimas + 7 EUR","name":"content_5934111870","contentType":"plain","value":"","error":false,"enableDesign":false,"gt_translate_keys":["label","value"],"price_dependency":false,"cl_dependency":false}]]},"sec_564e7fa51a94d6":{"extra":{"key":"sec_564e7fa51a94d6","section_id":"sec_564e7fa51a94d6","name":"NORIU PRID\u0116TI GRAVIRAVIM\u0104","status":1,"cl_rule":"show","enableCl":false,"relations":[],"toggle":true,"title_tag":"h3","show_title":false,"showPrice":"default","layout_option":"accordion","accordionOpen":false,"form_id":3869,"form_rules":{"exclude_from_discount":false,"fee_label":"Mokestis","disp_hide_options_price":false,"disp_show_section_price":false,"disp_show_field_price":true,"layout_option":"accordion","pric_use_as_fee":false,"process_fee_as":"custom"}},"fields":[[{"active":true,"col":6,"relations":false,"cl_rule":"show","enableCl":false,"price":"7","enablePrice":true,"className":"","label_position":"default","desc_position":"default","type":"text","subtype":"text","required":false,"elementId":"text_2499018746","label":"\u012fra\u0161ykite \u017eod\u012f","name":"text_2499018746","value":"","error":false,"placeholder":"J\u016bs\u0173 tekstas (0\/40)","allowed_chars":"","maxlength":"40","pricingType":"fixed","fee_label":"Graviravimas","cartLabel":"Graviruojamas tekstas","gt_translate_keys":["label","placeholder","value"],"price_dependency":false,"cl_dependency":["image_7767551088"]}],[{"active":true,"col":6,"relations":[{"operator":false,"rules":[{"operator":"AND","rules":{"cl_field":"text_2499018746","cl_relation":"is_not_empty","cl_val":""}}]}],"cl_rule":"show","enableCl":true,"price":"7","enablePrice":false,"className":"","label_position":"default","desc_position":"default","type":"image-group","required":false,"elementId":"image_7767551088","label":"Pasirinkite \u0161rift\u0105, graviruojamam \u017eod\u017eiui","name":"image_7767551088","enable_popup":"no","multiple":false,"layOut":"col-3","img_selection_type":"shadow","disp_type":"square","values":[{"label":"","value":"Nexa Light","selected":false,"image":"https:\/\/momentasdesign.com\/wp-content\/uploads\/2024\/10\/frunchy-sage-front-1.png","thumb":"https:\/\/momentasdesign.com\/wp-content\/uploads\/2024\/10\/frunchy-sage-front-1-150x150.png","tempId":"aco_1235","image_id":12079,"thumb_src":"https:\/\/momentasdesign.com\/wp-content\/uploads\/2024\/10\/frunchy-sage-front-1.png","gt_translate_keys":["label"]},{"label":"","value":"","selected":false,"image":"https:\/\/momentasdesign.com\/wp-content\/uploads\/2024\/10\/nexta-light-front-1.png","thumb":"https:\/\/momentasdesign.com\/wp-content\/uploads\/2024\/10\/nexta-light-front-1-150x150.png","tempId":"aco_520","image_id":12078,"thumb_src":"https:\/\/momentasdesign.com\/wp-content\/uploads\/2024\/10\/nexta-light-front-1.png","gt_translate_keys":["label"]},{"label":"","value":"","selected":false,"image":"https:\/\/momentasdesign.com\/wp-content\/uploads\/2024\/10\/radiant-front-1.png","thumb":"https:\/\/momentasdesign.com\/wp-content\/uploads\/2024\/10\/radiant-front-1-150x150.png","tempId":"aco_689","image_id":12073,"thumb_src":"https:\/\/momentasdesign.com\/wp-content\/uploads\/2024\/10\/radiant-front-1.png","gt_translate_keys":["label"]}],"disp_size_img":{"width":"","height":"80"},"error":false,"enableClearSelection":true,"enable_product_image":false,"cartLabel":"\u0160riftas","max_options":"1","maxFieldsError":"Pasirinkite vien\u0105 \u0161rift\u0105","priceOptions":"fixed_for_all","pricingType":"fixed","gt_translate_keys":["label","maxFieldsError"],"price_dependency":false,"cl_dependency":false,"value":""}],[{"active":true,"col":6,"relations":false,"cl_rule":"show","enableCl":false,"price":"","enablePrice":false,"className":"","label_position":"default","desc_position":"default","type":"content","required":false,"elementId":"content_1165387380","label":"arba","name":"content_1165387380","contentType":"plain","value":"","error":false,"gt_translate_keys":["label","value"],"price_dependency":false,"cl_dependency":false}],[{"active":true,"col":6,"relations":false,"cl_rule":"show","enableCl":false,"price":"","enablePrice":false,"className":"","label_position":"default","desc_position":"default","type":"content","required":false,"elementId":"content_1926148754","label":"pasirinkite paveiksl\u0117l\u012f","name":"content_1926148754","contentType":"plain","value":"","error":false,"enableDesign":false,"scrollBar":false,"gt_translate_keys":["label","value"],"price_dependency":false,"cl_dependency":false}],[{"active":true,"col":6,"relations":[{"operator":false,"rules":[{"operator":"AND","rules":{"cl_field":"file_2032101075","cl_relation":"is_not_empty","cl_val":""}}]}],"cl_rule":"hide","enableCl":true,"price":"7","enablePrice":true,"className":"","label_position":"default","desc_position":"default","type":"image-group","required":false,"elementId":"image_2273371459","label":"","name":"image_2273371459","enable_popup":"no","multiple":false,"layOut":"col-4","img_selection_type":"shadow","disp_type":"square","values":[{"label":"sis","value":"sisd","selected":false,"image":"https:\/\/momentasdesign.com\/wp-content\/uploads\/2024\/10\/sis-2.png","thumb":"https:\/\/momentasdesign.com\/wp-content\/uploads\/2024\/10\/sis-2-150x150.png","tempId":"aco_1641","image_id":12082,"thumb_src":"https:\/\/momentasdesign.com\/wp-content\/uploads\/2024\/10\/sis-2-75x75.png","gt_translate_keys":["label"]},{"label":"zaibas","value":"zaibas","selected":false,"image":"https:\/\/momentasdesign.com\/wp-content\/uploads\/2023\/09\/zaibas-1.png","thumb":"https:\/\/momentasdesign.com\/wp-content\/uploads\/2023\/09\/zaibas-1-150x150.png","tempId":"aco_1615","image_id":10020,"thumb_src":"https:\/\/momentasdesign.com\/wp-content\/uploads\/2023\/09\/zaibas-1-75x75.png","gt_translate_keys":["label"]},{"label":"begalybe","value":"begalybe","selected":false,"image":"https:\/\/momentasdesign.com\/wp-content\/uploads\/2023\/10\/begalybes-simbolis.png","thumb":"https:\/\/momentasdesign.com\/wp-content\/uploads\/2023\/10\/begalybes-simbolis-150x150.png","tempId":"aco_1562","image_id":9427,"thumb_src":"https:\/\/momentasdesign.com\/wp-content\/uploads\/2023\/10\/begalybes-simbolis-75x75.png","gt_translate_keys":["label"]},{"label":"SAULE","value":"SAULE","selected":false,"image":"https:\/\/momentasdesign.com\/wp-content\/uploads\/2023\/09\/saule-1.png","thumb":"https:\/\/momentasdesign.com\/wp-content\/uploads\/2023\/09\/saule-1-150x150.png","tempId":"aco_1576","image_id":10017,"thumb_src":"https:\/\/momentasdesign.com\/wp-content\/uploads\/2023\/09\/saule-1-72x72.png","gt_translate_keys":["label"]},{"label":"SIRDIS","value":"SIRDIS","selected":false,"image":"https:\/\/momentasdesign.com\/wp-content\/uploads\/2023\/09\/sirdele-original-1.png","thumb":"https:\/\/momentasdesign.com\/wp-content\/uploads\/2023\/09\/sirdele-original-1-150x150.png","tempId":"aco_1589","image_id":10019,"thumb_src":"https:\/\/momentasdesign.com\/wp-content\/uploads\/2023\/09\/sirdele-original-1-75x75.png","gt_translate_keys":["label"]},{"label":"sirdele","value":"sirdele","selected":false,"image":"https:\/\/momentasdesign.com\/wp-content\/uploads\/2023\/10\/sirdele_sidabrinis-zetonas.png","thumb":"https:\/\/momentasdesign.com\/wp-content\/uploads\/2023\/10\/sirdele_sidabrinis-zetonas-150x150.png","tempId":"aco_1563","image_id":9426,"thumb_src":"https:\/\/momentasdesign.com\/wp-content\/uploads\/2023\/10\/sirdele_sidabrinis-zetonas-75x75.png","gt_translate_keys":["label"]},{"label":"ZVAIGZDE","value":"ZVAIGZDE","selected":false,"image":"https:\/\/momentasdesign.com\/wp-content\/uploads\/2023\/09\/zvaigzde.png","thumb":"https:\/\/momentasdesign.com\/wp-content\/uploads\/2023\/09\/zvaigzde-150x150.png","tempId":"aco_1693","image_id":8121,"thumb_src":"https:\/\/momentasdesign.com\/wp-content\/uploads\/2023\/09\/zvaigzde-75x75.png","gt_translate_keys":["label"]},{"label":"saturnas","value":"saturnas","selected":false,"image":"https:\/\/momentasdesign.com\/wp-content\/uploads\/2023\/10\/saturnas.png","thumb":"https:\/\/momentasdesign.com\/wp-content\/uploads\/2023\/10\/saturnas-150x150.png","tempId":"aco_1561","image_id":9428,"thumb_src":"https:\/\/momentasdesign.com\/wp-content\/uploads\/2023\/10\/saturnas-72x72.png","gt_translate_keys":["label"]}],"disp_size_img":{"width":"50","height":"50"},"error":false,"enableClearSelection":true,"cartLabel":"Graviruojamas paveiksl\u0117lis","fee_label":"Graviravimas ","max_options":"1","maxFieldsError":"Galite pasirinkti tik vien\u0105 paveiksl\u0117l\u012f","priceOptions":"fixed_for_all","pricingType":"fixed","min_options":"0","isTemplate":false,"gt_translate_keys":["label","maxFieldsError"],"price_dependency":false,"cl_dependency":false,"value":""}],[{"active":true,"col":6,"relations":false,"cl_rule":"show","enableCl":false,"price":"7","enablePrice":true,"className":"","label_position":"default","desc_position":"default","type":"file","required":false,"elementId":"file_2032101075","name":"file_2032101075","label":"\u012fkelkite savo paveiksl\u0117l\u012f","upload_type":"ajax","uploadSize":"10","file_types":["images","docs","design"],"placeholder":"","error":false,"description":"","tooltip":"","pricingType":"fixed","enableDesign":false,"minUploadSize":"","maxFileSizeError":"Did\u017eiausias leistinas failo dydis 10 MB","cartLabel":"Graviruojamas paveiksl\u0117lis","fee_label":"Graviravimas","allowedFileTypes":"image\/*,.doc,.docx,.xml,.dot,.docm,.dotm,.dotx,.htm,.html,.odt,.pdf,.rtf,.txt,.wps,.xps,application\/msword,application\/vnd,.psd,.eps,.ai,.indd,.raw","gt_translate_keys":["label","placeholder","description","tooltip","maxFileSizeError"],"price_dependency":false,"cl_dependency":["image_2273371459"],"value":""}],[{"active":true,"col":6,"relations":[],"cl_rule":"show","enableCl":false,"price":"","enablePrice":false,"className":"","label_position":"default","desc_position":"default","type":"content","required":false,"elementId":"content_4616032027","label":"","name":"content_4616032027","contentType":"rich","value":"<p><a href=\"\/engraving-images-ideas\/\">Neturite min\u010di\u0173? Visas graviravimo id\u0117jas rasite \u010dia.<\/a><\/p>","error":false,"subtype":"div","gt_translate_keys":["label","value"],"price_dependency":false,"cl_dependency":false}],[{"active":true,"col":6,"relations":false,"cl_rule":"show","enableCl":false,"price":"","enablePrice":false,"className":"","label_position":"default","desc_position":"default","type":"header","required":false,"elementId":"header_7906112556","label":"PASTABA: \u012fkeltas tekstas tur\u0117t\u0173 b\u016bti \u012fskaitomas ir bus i\u0161graviruotas tiksliai taip, kaip matyti \u012fkeltame paveiksl\u0117lyje.","subtype":"h6","error":false,"gt_translate_keys":["label"],"price_dependency":false,"cl_dependency":false,"value":""}]]}},"config":{"price_override":"","enable_recaptcha":false,"bind_quantity":false,"quantity_bind_formula":false,"disp_summ_show_option_price":false,"disp_summ_show_product_price":false,"disp_summ_show_total_price":true,"disp_summ_show_fee":false,"disp_summ_show_discount":false,"summary_title":"","options_total_label":"Kaina","total_label":"I\u0161 viso","options_product_label":"Prek\u0117s kaina","fee_label":"Mokestis","discount_label":"Nuolaida","has_price":true,"has_quantity_formula":false},"mc_unit":1,"tax_rate":1,"tax_rate_real":1,"discount":{"percentage":0,"fixed":0},"design":{"conf":{"LabelPosition":"above","DescPosition":"above","UploadField":"custom_1","QuantityFieldStyle":"default"},"css":{"LeftLabelWidth":"120px"}},"formulas":{"fmla_1731963597487288695":"((0)?(0):(0))"},"lookuptables":[],"clones":false,"cartKey":false}},"_links":{"self":[{"href":"https:\/\/momentasdesign.com\/en\/wp-json\/wp\/v2\/product\/7665","targetHints":{"allow":["GET"]}}],"collection":[{"href":"https:\/\/momentasdesign.com\/en\/wp-json\/wp\/v2\/product"}],"about":[{"href":"https:\/\/momentasdesign.com\/en\/wp-json\/wp\/v2\/types\/product"}],"replies":[{"embeddable":true,"href":"https:\/\/momentasdesign.com\/en\/wp-json\/wp\/v2\/comments?post=7665"}],"wp:featuredmedia":[{"embeddable":true,"href":"https:\/\/momentasdesign.com\/en\/wp-json\/wp\/v2\/media\/6174"}],"wp:attachment":[{"href":"https:\/\/momentasdesign.com\/en\/wp-json\/wp\/v2\/media?parent=7665"}],"wp:term":[{"taxonomy":"product_brand","embeddable":true,"href":"https:\/\/momentasdesign.com\/en\/wp-json\/wp\/v2\/product_brand?post=7665"},{"taxonomy":"product_cat","embeddable":true,"href":"https:\/\/momentasdesign.com\/en\/wp-json\/wp\/v2\/product_cat?post=7665"},{"taxonomy":"product_tag","embeddable":true,"href":"https:\/\/momentasdesign.com\/en\/wp-json\/wp\/v2\/product_tag?post=7665"}],"curies":[{"name":"wp","href":"https:\/\/api.w.org\/{rel}","templated":true}]}}