{"id":7616,"date":"2023-09-04T09:19:16","date_gmt":"2023-09-04T09:19:16","guid":{"rendered":"https:\/\/nakuslenis.com\/shop-online\/kerry-925-sidabriniai-auskarai-su-cirkonio-kristalais\/"},"modified":"2026-05-01T09:05:37","modified_gmt":"2026-05-01T09:05:37","slug":"kerry","status":"publish","type":"product","link":"https:\/\/momentasdesign.com\/en\/auskarai\/kerry\/","title":{"rendered":"'Kerry' 925 silver earrings with zircon crystals"},"content":{"rendered":"<p>Puo\u0161niai prabang\u016bs 925 sidabriniai auskarai su cirkonio kristalais. Pagaminta i\u0161 925 sidabro. Prabuota Lietuvos prabavimo r\u016bmuose.<\/p>\n<p>Auk\u0161tis &#8211; 5 mm., plotis &#8211; 7 mm.<\/p>\n<p>Weight ~ 1.21 g.<\/p>\n<p>*The colors and shape of the jewelry items may differ slightly from those shown in the photos<\/p>","protected":false},"excerpt":{"rendered":"<p>Puo\u0161niai prabang\u016bs 925 sidabriniai auskarai su cirkonio kristalais. Pagaminta i\u0161 925 sidabro. Prabuota Lietuvos prabavimo r\u016bmuose. Auk\u0161tis &#8211; 5 mm., plotis &#8211; 7 mm. Auskar\u0173 svoris ~ 1,21 g. *Papuo\u0161al\u0173 element\u0173 spalvos ir forma gali ne\u017eymiai skirtis nuo pateikt\u0173 nuotraukose<\/p>","protected":false},"featured_media":6050,"comment_status":"closed","ping_status":"closed","template":"","meta":{"_acf_changed":false,"_gspb_post_css":"","_kad_blocks_custom_css":"","_kad_blocks_head_custom_js":"","_kad_blocks_body_custom_js":"","_kad_blocks_footer_custom_js":"","pgc_sgb_lightbox_settings":""},"product_brand":[],"product_cat":[160,180,179],"product_tag":[185],"class_list":{"0":"post-7616","1":"product","2":"type-product","3":"status-publish","4":"has-post-thumbnail","6":"product_cat-auskarai","7":"product_cat-dovanos-iki-100-eur","8":"product_cat-dovanos-iki-60-eur","9":"product_tag-dovanos-iki-60-eur","10":"pa_savybes-populiariausi","11":"pa_spalvos-925-sidabras","12":"pa_stilius-cirkoniai","13":"pa_stilius-minimalistiniai","14":"pa_stilius-studs","16":"first","17":"onbackorder","18":"purchasable","19":"product-type-simple"},"acf":[],"taxonomy_info":{"product_cat":[{"value":160,"label":"Auskarai"},{"value":180,"label":"Dovanos iki 100 EUR"},{"value":179,"label":"Dovanos iki 60 EUR"}],"product_tag":[{"value":185,"label":"Dovanos iki 60 EUR"}],"pa_savybes":[{"value":86,"label":"Populiariausi"}],"pa_spalvos":[{"value":66,"label":"925 sidabras"}],"pa_stilius":[{"value":76,"label":"Cirkoniai"},{"value":80,"label":"Minimalistiniai"},{"value":83,"label":"Studs"}]},"featured_image_src_large":["https:\/\/momentasdesign.com\/wp-content\/uploads\/2023\/09\/Kerry_momentas_auskarai_su_cirkoniais_5-819x1024.jpg",819,1024,true],"author_info":[],"comment_info":0,"wcpa_form_fields":null,"_links":{"self":[{"href":"https:\/\/momentasdesign.com\/en\/wp-json\/wp\/v2\/product\/7616","targetHints":{"allow":["GET"]}}],"collection":[{"href":"https:\/\/momentasdesign.com\/en\/wp-json\/wp\/v2\/product"}],"about":[{"href":"https:\/\/momentasdesign.com\/en\/wp-json\/wp\/v2\/types\/product"}],"replies":[{"embeddable":true,"href":"https:\/\/momentasdesign.com\/en\/wp-json\/wp\/v2\/comments?post=7616"}],"wp:featuredmedia":[{"embeddable":true,"href":"https:\/\/momentasdesign.com\/en\/wp-json\/wp\/v2\/media\/6050"}],"wp:attachment":[{"href":"https:\/\/momentasdesign.com\/en\/wp-json\/wp\/v2\/media?parent=7616"}],"wp:term":[{"taxonomy":"product_brand","embeddable":true,"href":"https:\/\/momentasdesign.com\/en\/wp-json\/wp\/v2\/product_brand?post=7616"},{"taxonomy":"product_cat","embeddable":true,"href":"https:\/\/momentasdesign.com\/en\/wp-json\/wp\/v2\/product_cat?post=7616"},{"taxonomy":"product_tag","embeddable":true,"href":"https:\/\/momentasdesign.com\/en\/wp-json\/wp\/v2\/product_tag?post=7616"}],"curies":[{"name":"wp","href":"https:\/\/api.w.org\/{rel}","templated":true}]}}