{"id":7553,"date":"2023-09-04T09:16:19","date_gmt":"2023-09-04T09:16:19","guid":{"rendered":"https:\/\/nakuslenis.com\/shop-online\/hao-gelavandeniu-perlu-verinys-su-925-sidabrinemis-detalemis\/"},"modified":"2025-12-17T09:53:43","modified_gmt":"2025-12-17T09:53:43","slug":"hao","status":"publish","type":"product","link":"https:\/\/momentasdesign.com\/en\/kaklo-papuosalai\/hao\/","title":{"rendered":"&#8216;Hao&#8217; v\u0117rinys"},"content":{"rendered":"<p>Stilingas rank\u0173 darbo v\u0117rinys. Pagaminta i\u0161 g\u0117lavandeni\u0173 perl\u0173 ir 925 sidabro.<\/p>\n<p>The length of the necklace is 40 cm.<\/p>\n<p>Weight ~ 49.44 g.<\/p>\n<p>*The colors and shape of the jewelry items may differ slightly from those shown in the photos<\/p>","protected":false},"excerpt":{"rendered":"<p>Stilingas rank\u0173 darbo v\u0117rinys. Pagaminta i\u0161 g\u0117lavandeni\u0173 perl\u0173 ir 925 sidabro. V\u0117rinio ilgis &#8211; 40 cm. V\u0117rinio svoris ~ 49,44 g. *Papuo\u0161al\u0173 element\u0173 spalvos ir forma gali ne\u017eymiai skirtis nuo pateikt\u0173 nuotraukose<\/p>","protected":false},"featured_media":8859,"comment_status":"closed","ping_status":"closed","template":"","meta":{"_acf_changed":false,"_gspb_post_css":"","_kad_blocks_custom_css":"","_kad_blocks_head_custom_js":"","_kad_blocks_body_custom_js":"","_kad_blocks_footer_custom_js":"","pgc_sgb_lightbox_settings":""},"product_brand":[],"product_cat":[27,180],"product_tag":[184],"class_list":{"0":"post-7553","1":"product","2":"type-product","3":"status-publish","4":"has-post-thumbnail","6":"product_cat-kaklo-papuosalai","7":"product_cat-dovanos-iki-100-eur","8":"product_tag-dovanos-iki-100-eur","9":"pa_stilius-statement","10":"pa_stilius-perlai","12":"first","13":"outofstock","14":"purchasable","15":"product-type-simple"},"acf":[],"taxonomy_info":{"product_cat":[{"value":27,"label":"Kaklo papuo\u0161alai"},{"value":180,"label":"Dovanos iki 100 EUR"}],"product_tag":[{"value":184,"label":"Dovanos iki 100 EUR"}],"pa_stilius":[{"value":84,"label":"Statement"},{"value":75,"label":"Perlai"}]},"featured_image_src_large":["https:\/\/momentasdesign.com\/wp-content\/uploads\/2023\/09\/hao-925-sidabrinis-verinys-su-gelavandeniais-perlais-momentas-7-819x1024.jpg",819,1024,true],"author_info":[],"comment_info":0,"wcpa_form_fields":null,"_links":{"self":[{"href":"https:\/\/momentasdesign.com\/en\/wp-json\/wp\/v2\/product\/7553","targetHints":{"allow":["GET"]}}],"collection":[{"href":"https:\/\/momentasdesign.com\/en\/wp-json\/wp\/v2\/product"}],"about":[{"href":"https:\/\/momentasdesign.com\/en\/wp-json\/wp\/v2\/types\/product"}],"replies":[{"embeddable":true,"href":"https:\/\/momentasdesign.com\/en\/wp-json\/wp\/v2\/comments?post=7553"}],"wp:featuredmedia":[{"embeddable":true,"href":"https:\/\/momentasdesign.com\/en\/wp-json\/wp\/v2\/media\/8859"}],"wp:attachment":[{"href":"https:\/\/momentasdesign.com\/en\/wp-json\/wp\/v2\/media?parent=7553"}],"wp:term":[{"taxonomy":"product_brand","embeddable":true,"href":"https:\/\/momentasdesign.com\/en\/wp-json\/wp\/v2\/product_brand?post=7553"},{"taxonomy":"product_cat","embeddable":true,"href":"https:\/\/momentasdesign.com\/en\/wp-json\/wp\/v2\/product_cat?post=7553"},{"taxonomy":"product_tag","embeddable":true,"href":"https:\/\/momentasdesign.com\/en\/wp-json\/wp\/v2\/product_tag?post=7553"}],"curies":[{"name":"wp","href":"https:\/\/api.w.org\/{rel}","templated":true}]}}