{"id":7549,"date":"2023-09-04T09:16:19","date_gmt":"2023-09-04T09:16:19","guid":{"rendered":"https:\/\/nakuslenis.com\/shop-online\/dvieju-papuosalu-rinkinys-hana\/"},"modified":"2026-02-27T14:13:39","modified_gmt":"2026-02-27T14:13:39","slug":"hana","status":"publish","type":"product","link":"https:\/\/momentasdesign.com\/en\/rinkiniai\/hana\/","title":{"rendered":"Set of two jewelry 'Hana'"},"content":{"rendered":"<p>Dviej\u0173 kaklo papuo\u0161al\u0173 derinys &#8216;Hao&#8217; ir &#8216;Lecce&#8217; . Pagaminta i\u0161 g\u0117lavandeni\u0173 perl\u0173 ir 925 sidabrini\u0173 detali\u0173.<\/p>\n<p>Rinkinio vert\u0117 &#8211; 160,80 Eur.<\/p>\n<p>Necklace clasp - Spring Ring. Extension chains are not included with this jewelry.<\/p>\n<p>The length of the necklaces is 40 cm.<\/p>\n<p>*Each pearl has a unique, one-of-a-kind shape. Therefore, each pearl will differ from the one shown in the photo.<\/p>\n<p>** The colors and shape of the jewelry items may differ slightly from those shown in the photos<\/p>","protected":false},"excerpt":{"rendered":"<p>Dviej\u0173 kaklo papuo\u0161al\u0173 derinys &#8216;Hao&#8217; ir &#8216;Lecce&#8217; . Pagaminta i\u0161 g\u0117lavandeni\u0173 perl\u0173 ir 925 sidabrini\u0173 detali\u0173. Rinkinio vert\u0117 &#8211; 160,80 Eur. Pakabuk\u0173 u\u017esegimai &#8211; karabinai. Prie \u0161i\u0173 papuo\u0161al\u0173 prailginamos grandin\u0117l\u0117s n\u0117ra dedamos. V\u0117rini\u0173 ilgiai &#8211; 40 cm. *Kiekvienas perlas turi unikali\u0105, tik jam b\u016bding\u0105 vienetin\u0119 form\u0105. Tod\u0117l kiekvienas perlas skirsis nuo nurodyto nuotraukoje. **Papuo\u0161al\u0173 element\u0173 [&hellip;]<\/p>\n","protected":false},"featured_media":5925,"comment_status":"closed","ping_status":"closed","template":"","meta":{"_acf_changed":false,"_gspb_post_css":"","_kad_blocks_custom_css":"","_kad_blocks_head_custom_js":"","_kad_blocks_body_custom_js":"","_kad_blocks_footer_custom_js":"","pgc_sgb_lightbox_settings":""},"product_brand":[],"product_cat":[162,27],"product_tag":[],"class_list":{"0":"post-7549","1":"product","2":"type-product","3":"status-publish","4":"has-post-thumbnail","6":"product_cat-rinkiniai","7":"product_cat-kaklo-papuosalai","8":"pa_spalvos-925-sidabras","9":"pa_stilius-perlai","10":"pa_stilius-statement","12":"first","13":"outofstock","14":"purchasable","15":"product-type-simple"},"acf":[],"taxonomy_info":{"product_cat":[{"value":162,"label":"Rinkiniai"},{"value":27,"label":"Kaklo papuo\u0161alai"}],"pa_spalvos":[{"value":66,"label":"925 sidabras"}],"pa_stilius":[{"value":75,"label":"Perlai"},{"value":84,"label":"Statement"}]},"featured_image_src_large":["https:\/\/momentasdesign.com\/wp-content\/uploads\/2023\/09\/A7402479-copy-819x1024.jpg",819,1024,true],"author_info":[],"comment_info":0,"wcpa_form_fields":null,"_links":{"self":[{"href":"https:\/\/momentasdesign.com\/en\/wp-json\/wp\/v2\/product\/7549","targetHints":{"allow":["GET"]}}],"collection":[{"href":"https:\/\/momentasdesign.com\/en\/wp-json\/wp\/v2\/product"}],"about":[{"href":"https:\/\/momentasdesign.com\/en\/wp-json\/wp\/v2\/types\/product"}],"replies":[{"embeddable":true,"href":"https:\/\/momentasdesign.com\/en\/wp-json\/wp\/v2\/comments?post=7549"}],"wp:featuredmedia":[{"embeddable":true,"href":"https:\/\/momentasdesign.com\/en\/wp-json\/wp\/v2\/media\/5925"}],"wp:attachment":[{"href":"https:\/\/momentasdesign.com\/en\/wp-json\/wp\/v2\/media?parent=7549"}],"wp:term":[{"taxonomy":"product_brand","embeddable":true,"href":"https:\/\/momentasdesign.com\/en\/wp-json\/wp\/v2\/product_brand?post=7549"},{"taxonomy":"product_cat","embeddable":true,"href":"https:\/\/momentasdesign.com\/en\/wp-json\/wp\/v2\/product_cat?post=7549"},{"taxonomy":"product_tag","embeddable":true,"href":"https:\/\/momentasdesign.com\/en\/wp-json\/wp\/v2\/product_tag?post=7549"}],"curies":[{"name":"wp","href":"https:\/\/api.w.org\/{rel}","templated":true}]}}