{"id":7512,"date":"2023-09-04T09:14:41","date_gmt":"2023-09-04T09:14:41","guid":{"rendered":"https:\/\/nakuslenis.com\/shop-online\/eze-925-sidabriniai-auskarai-zvaigzdutes\/"},"modified":"2025-12-19T11:37:34","modified_gmt":"2025-12-19T11:37:34","slug":"eze-auskarai","status":"publish","type":"product","link":"https:\/\/momentasdesign.com\/en\/auskarai\/eze-auskarai\/","title":{"rendered":"&#8216;Eze&#8217; 925 auskarai"},"content":{"rendered":"<p>Charming and extremely minimalist 925 silver earrings. Made of 925 silver. Certified by the Lithuanian Assay Office.<\/p>\n<p>Dydis &#8211; 4 mm.<\/p>\n<p>Weight ~ 0.32 g.<\/p>\n<p>*The colors and shape of the jewelry items may differ slightly from those shown in the photos<\/p>","protected":false},"excerpt":{"rendered":"<p>\u017dav\u016bs ir itin minimalistiniai 925 sidabriniai auskarai. Pagaminta i\u0161 925 sidabro. Prabuota Lietuvos prabavimo r\u016bmuose. Dydis &#8211; 4 mm. Auskar\u0173 svoris ~ 0,32 g. *Papuo\u0161al\u0173 element\u0173 spalvos ir forma gali ne\u017eymiai skirtis nuo pateikt\u0173 nuotraukose<\/p>","protected":false},"featured_media":8603,"comment_status":"closed","ping_status":"closed","template":"","meta":{"_acf_changed":false,"_gspb_post_css":"","_kad_blocks_custom_css":"","_kad_blocks_head_custom_js":"","_kad_blocks_body_custom_js":"","_kad_blocks_footer_custom_js":"","pgc_sgb_lightbox_settings":""},"product_brand":[],"product_cat":[160,180,178,179,218],"product_tag":[186],"class_list":{"0":"post-7512","1":"product","2":"type-product","3":"status-publish","4":"has-post-thumbnail","6":"product_cat-auskarai","7":"product_cat-dovanos-iki-100-eur","8":"product_cat-dovanos-iki-40-eur","9":"product_cat-dovanos-iki-60-eur","10":"product_cat-matching-gifts","11":"product_tag-dovanos-iki-40-eur","12":"pa_savybes-populiariausi","13":"pa_spalvos-925-sidabras","14":"pa_stilius-minimalistiniai","15":"pa_stilius-studs","17":"first","18":"instock","19":"purchasable","20":"product-type-simple"},"acf":[],"taxonomy_info":{"product_cat":[{"value":160,"label":"Auskarai"},{"value":180,"label":"Dovanos iki 100 EUR"},{"value":178,"label":"Dovanos iki 40 EUR"},{"value":179,"label":"Dovanos iki 60 EUR"},{"value":218,"label":"matching gifts"}],"product_tag":[{"value":186,"label":"Dovanos iki 40 EUR"}],"pa_savybes":[{"value":86,"label":"Populiariausi"}],"pa_spalvos":[{"value":66,"label":"925 sidabras"}],"pa_stilius":[{"value":80,"label":"Minimalistiniai"},{"value":83,"label":"Studs"}]},"featured_image_src_large":["https:\/\/momentasdesign.com\/wp-content\/uploads\/2023\/09\/eze-minimalistiniai-925-sidabriniai-auskarai-zvaigzdutes-.jpg",608,760,false],"author_info":[],"comment_info":0,"wcpa_form_fields":null,"_links":{"self":[{"href":"https:\/\/momentasdesign.com\/en\/wp-json\/wp\/v2\/product\/7512","targetHints":{"allow":["GET"]}}],"collection":[{"href":"https:\/\/momentasdesign.com\/en\/wp-json\/wp\/v2\/product"}],"about":[{"href":"https:\/\/momentasdesign.com\/en\/wp-json\/wp\/v2\/types\/product"}],"replies":[{"embeddable":true,"href":"https:\/\/momentasdesign.com\/en\/wp-json\/wp\/v2\/comments?post=7512"}],"wp:featuredmedia":[{"embeddable":true,"href":"https:\/\/momentasdesign.com\/en\/wp-json\/wp\/v2\/media\/8603"}],"wp:attachment":[{"href":"https:\/\/momentasdesign.com\/en\/wp-json\/wp\/v2\/media?parent=7512"}],"wp:term":[{"taxonomy":"product_brand","embeddable":true,"href":"https:\/\/momentasdesign.com\/en\/wp-json\/wp\/v2\/product_brand?post=7512"},{"taxonomy":"product_cat","embeddable":true,"href":"https:\/\/momentasdesign.com\/en\/wp-json\/wp\/v2\/product_cat?post=7512"},{"taxonomy":"product_tag","embeddable":true,"href":"https:\/\/momentasdesign.com\/en\/wp-json\/wp\/v2\/product_tag?post=7512"}],"curies":[{"name":"wp","href":"https:\/\/api.w.org\/{rel}","templated":true}]}}