{"id":7500,"date":"2023-09-04T09:14:00","date_gmt":"2023-09-04T09:14:00","guid":{"rendered":"https:\/\/nakuslenis.com\/shop-online\/puosnus-925-sidabriniai-auskarai-su-cirkoniais-ariella\/"},"modified":"2026-03-18T15:17:06","modified_gmt":"2026-03-18T15:17:06","slug":"ariella","status":"publish","type":"product","link":"https:\/\/momentasdesign.com\/en\/auskarai\/ariella\/","title":{"rendered":"925 auskarai su cirkoniais &#8216;ariella&#8217;"},"content":{"rendered":"<p>Charming, extremely elegant 925 silver earrings decorated with zircons. Certified by the Lithuanian Assay Office. These earrings can be worn in several ways (the 'crown' with white zircons can be removed as seen in the pictures below).<\/p>\n<p>Dydis: 8 mm.<\/p>\n<p>Weight ~ 2.97 g.<\/p>\n<p>*The colors and shape of the jewelry items may differ slightly from those shown in the photos<\/p>","protected":false},"excerpt":{"rendered":"<p>\u017dav\u016bs, itin eleganti\u0161ki ir puo\u0161n\u016bs 925 sidabriniai auskarai papuo\u0161ti cirkoniais. Prabuota Lietuvos prabavimo r\u016bmuose. \u0160ie auskarai gali b\u016bt\u0173 ne\u0161iojami keliais b\u016bdais (\u2018kar\u016bn\u0117le\u2019 su baltais cirkoniais gali b\u016bti nuimta, kaip matoma nuotraukose apa\u010dioje). Dydis: 8 mm. Auskar\u0173 svoris ~ 2,97 g. *Papuo\u0161al\u0173 element\u0173 spalvos ir forma gali ne\u017eymiai skirtis nuo pateikt\u0173 nuotraukose<\/p>","protected":false},"featured_media":8564,"comment_status":"closed","ping_status":"closed","template":"","meta":{"_acf_changed":false,"_gspb_post_css":"","_kad_blocks_custom_css":"","_kad_blocks_head_custom_js":"","_kad_blocks_body_custom_js":"","_kad_blocks_footer_custom_js":"","pgc_sgb_lightbox_settings":""},"product_brand":[],"product_cat":[160,180],"product_tag":[185],"class_list":{"0":"post-7500","1":"product","2":"type-product","3":"status-publish","4":"has-post-thumbnail","6":"product_cat-auskarai","7":"product_cat-dovanos-iki-100-eur","8":"product_tag-dovanos-iki-60-eur","9":"pa_savybes-populiariausi","10":"pa_spalvos-925-sidabras","11":"pa_stilius-cirkoniai","12":"pa_stilius-statement","13":"pa_stilius-studs","15":"first","16":"onbackorder","17":"purchasable","18":"product-type-simple"},"acf":[],"taxonomy_info":{"product_cat":[{"value":160,"label":"Auskarai"},{"value":180,"label":"Dovanos iki 100 EUR"}],"product_tag":[{"value":185,"label":"Dovanos iki 60 EUR"}],"pa_savybes":[{"value":86,"label":"Populiariausi"}],"pa_spalvos":[{"value":66,"label":"925 sidabras"}],"pa_stilius":[{"value":76,"label":"Cirkoniai"},{"value":84,"label":"Statement"},{"value":83,"label":"Studs"}]},"featured_image_src_large":["https:\/\/momentasdesign.com\/wp-content\/uploads\/2023\/09\/ariella-678x1024.jpg",678,1024,true],"author_info":[],"comment_info":0,"wcpa_form_fields":null,"_links":{"self":[{"href":"https:\/\/momentasdesign.com\/en\/wp-json\/wp\/v2\/product\/7500","targetHints":{"allow":["GET"]}}],"collection":[{"href":"https:\/\/momentasdesign.com\/en\/wp-json\/wp\/v2\/product"}],"about":[{"href":"https:\/\/momentasdesign.com\/en\/wp-json\/wp\/v2\/types\/product"}],"replies":[{"embeddable":true,"href":"https:\/\/momentasdesign.com\/en\/wp-json\/wp\/v2\/comments?post=7500"}],"wp:featuredmedia":[{"embeddable":true,"href":"https:\/\/momentasdesign.com\/en\/wp-json\/wp\/v2\/media\/8564"}],"wp:attachment":[{"href":"https:\/\/momentasdesign.com\/en\/wp-json\/wp\/v2\/media?parent=7500"}],"wp:term":[{"taxonomy":"product_brand","embeddable":true,"href":"https:\/\/momentasdesign.com\/en\/wp-json\/wp\/v2\/product_brand?post=7500"},{"taxonomy":"product_cat","embeddable":true,"href":"https:\/\/momentasdesign.com\/en\/wp-json\/wp\/v2\/product_cat?post=7500"},{"taxonomy":"product_tag","embeddable":true,"href":"https:\/\/momentasdesign.com\/en\/wp-json\/wp\/v2\/product_tag?post=7500"}],"curies":[{"name":"wp","href":"https:\/\/api.w.org\/{rel}","templated":true}]}}