{"id":7483,"date":"2023-09-04T09:13:39","date_gmt":"2023-09-04T09:13:39","guid":{"rendered":"https:\/\/nakuslenis.com\/shop-online\/enzo-925-sidabriniai-auskarai-zaibukai\/"},"modified":"2026-02-24T04:41:11","modified_gmt":"2026-02-24T04:41:11","slug":"enzo","status":"publish","type":"product","link":"https:\/\/momentasdesign.com\/en\/auskarai\/enzo\/","title":{"rendered":"&#8216;Enzo&#8217; 925"},"content":{"rendered":"<p>Charming minimalist 925 silver earrings. Made of 925 silver. Certified by the Lithuanian Assay Office. Height - 5 mm, width - 3 mm.<\/p>\n<p>Weight ~ 0.34 g.<\/p>\n<p>*The colors and shape of the jewelry items may differ slightly from those shown in the photos<\/p>","protected":false},"excerpt":{"rendered":"<p>\u017dav\u016bs minimalistiniai 925 sidabriniai auskarai. Pagaminta i\u0161 925 sidabro. Prabuota Lietuvos prabavimo r\u016bmuose. Auk\u0161its &#8211; 5 mm, plotis &#8211; 3 mm. Auskar\u0173 svoris ~ 0,34 g. *Papuo\u0161al\u0173 element\u0173 spalvos ir forma gali ne\u017eymiai skirtis nuo pateikt\u0173 nuotraukose<\/p>","protected":false},"featured_media":5776,"comment_status":"closed","ping_status":"closed","template":"","meta":{"_acf_changed":false,"_gspb_post_css":"","_kad_blocks_custom_css":"","_kad_blocks_head_custom_js":"","_kad_blocks_body_custom_js":"","_kad_blocks_footer_custom_js":"","pgc_sgb_lightbox_settings":""},"product_brand":[],"product_cat":[160,180,178,179,202],"product_tag":[186],"class_list":{"0":"post-7483","1":"product","2":"type-product","3":"status-publish","4":"has-post-thumbnail","6":"product_cat-auskarai","7":"product_cat-dovanos-iki-100-eur","8":"product_cat-dovanos-iki-40-eur","9":"product_cat-dovanos-iki-60-eur","10":"product_cat-ispardavimas","11":"product_tag-dovanos-iki-40-eur","12":"pa_spalvos-925-sidabras","13":"pa_stilius-minimalistiniai","15":"first","16":"instock","17":"sale","18":"purchasable","19":"product-type-simple"},"acf":[],"taxonomy_info":{"product_cat":[{"value":160,"label":"Auskarai"},{"value":180,"label":"Dovanos iki 100 EUR"},{"value":178,"label":"Dovanos iki 40 EUR"},{"value":179,"label":"Dovanos iki 60 EUR"},{"value":202,"label":"I\u0161pardavimas"}],"product_tag":[{"value":186,"label":"Dovanos iki 40 EUR"}],"pa_spalvos":[{"value":66,"label":"925 sidabras"}],"pa_stilius":[{"value":80,"label":"Minimalistiniai"}]},"featured_image_src_large":["https:\/\/momentasdesign.com\/wp-content\/uploads\/2023\/09\/enzo_momentas_925_sidabriniai_minimalistiniai_auskarai_zaibukai_-1-819x1024.jpg",819,1024,true],"author_info":[],"comment_info":0,"wcpa_form_fields":null,"_links":{"self":[{"href":"https:\/\/momentasdesign.com\/en\/wp-json\/wp\/v2\/product\/7483","targetHints":{"allow":["GET"]}}],"collection":[{"href":"https:\/\/momentasdesign.com\/en\/wp-json\/wp\/v2\/product"}],"about":[{"href":"https:\/\/momentasdesign.com\/en\/wp-json\/wp\/v2\/types\/product"}],"replies":[{"embeddable":true,"href":"https:\/\/momentasdesign.com\/en\/wp-json\/wp\/v2\/comments?post=7483"}],"wp:featuredmedia":[{"embeddable":true,"href":"https:\/\/momentasdesign.com\/en\/wp-json\/wp\/v2\/media\/5776"}],"wp:attachment":[{"href":"https:\/\/momentasdesign.com\/en\/wp-json\/wp\/v2\/media?parent=7483"}],"wp:term":[{"taxonomy":"product_brand","embeddable":true,"href":"https:\/\/momentasdesign.com\/en\/wp-json\/wp\/v2\/product_brand?post=7483"},{"taxonomy":"product_cat","embeddable":true,"href":"https:\/\/momentasdesign.com\/en\/wp-json\/wp\/v2\/product_cat?post=7483"},{"taxonomy":"product_tag","embeddable":true,"href":"https:\/\/momentasdesign.com\/en\/wp-json\/wp\/v2\/product_tag?post=7483"}],"curies":[{"name":"wp","href":"https:\/\/api.w.org\/{rel}","templated":true}]}}