{"id":7468,"date":"2023-09-04T09:13:11","date_gmt":"2023-09-04T09:13:11","guid":{"rendered":"https:\/\/nakuslenis.com\/shop-online\/elijah-14k-paauksuota-925-sidabrine-apyranke-su-sirdele\/"},"modified":"2025-12-09T14:50:45","modified_gmt":"2025-12-09T14:50:45","slug":"elijah","status":"publish","type":"product","link":"https:\/\/momentasdesign.com\/en\/apyrankes\/elijah\/","title":{"rendered":"&#8216;Elijah&#8217; apyrank\u0117"},"content":{"rendered":"<p>Minimalist handmade bracelet. Made of 925 14K gold-plated silver.  Certified by the Lithuanian Assay Office.<\/p>\n<p>Bracelet clasp - Spring Ring. An extension chain is not included with this model<\/p>\n<p>Weight ~ 1.07 g. (weight varies depending on selected size)<\/p>\n<p>\u0160irdel\u0117s dydis: 4 mm.<\/p>\n<p>*The colors and shape of the jewelry items may differ slightly from those shown in the photos<\/p>","protected":false},"excerpt":{"rendered":"<p>Minimalistin\u0117 rank\u0173 darbo apyrank\u0117. Pagaminta i\u0161 925 14K paauksuoto sidabro. Prabuota Lietuvos prabavimo r\u016bmuose. Pakabuko u\u017esegimas \u2013 karabinas. Prie \u0161ios modelio prailginama grandin\u0117l\u0117 n\u0117ra dedama. Apyrank\u0117s svoris ~ 1,07 g. (svoris kinta nuo pasirinkto dyd\u017eio). \u0160irdel\u0117s dydis: 4 mm. *Papuo\u0161al\u0173 element\u0173 spalvos ir forma gali ne\u017eymiai skirtis nuo pateikt\u0173 nuotraukose<\/p>","protected":false},"featured_media":5727,"comment_status":"closed","ping_status":"closed","template":"","meta":{"_acf_changed":false,"_gspb_post_css":"","_kad_blocks_custom_css":"","_kad_blocks_head_custom_js":"","_kad_blocks_body_custom_js":"","_kad_blocks_footer_custom_js":"","pgc_sgb_lightbox_settings":""},"product_brand":[],"product_cat":[177,180,179,218],"product_tag":[185],"class_list":{"0":"post-7468","1":"product","2":"type-product","3":"status-publish","4":"has-post-thumbnail","6":"product_cat-apyrankes","7":"product_cat-dovanos-iki-100-eur","8":"product_cat-dovanos-iki-60-eur","9":"product_cat-matching-gifts","10":"product_tag-dovanos-iki-60-eur","11":"pa_dydis-15-cm","12":"pa_dydis-16-cm","13":"pa_dydis-17-cm","14":"pa_dydis-18-cm","15":"pa_dydis-19-cm","16":"pa_dydis-20-cm","17":"pa_savybes-populiariausi","18":"pa_spalvos-paauksuotas-925-sidabras","19":"pa_stilius-minimalistiniai","21":"first","22":"instock","23":"featured","24":"purchasable","25":"product-type-variable"},"acf":[],"taxonomy_info":{"product_cat":[{"value":177,"label":"Apyrank\u0117s"},{"value":180,"label":"Dovanos iki 100 EUR"},{"value":179,"label":"Dovanos iki 60 EUR"},{"value":218,"label":"matching gifts"}],"product_tag":[{"value":185,"label":"Dovanos iki 60 EUR"}],"pa_dydis":[{"value":106,"label":"15 cm"},{"value":111,"label":"16 cm"},{"value":112,"label":"17 cm"},{"value":113,"label":"18 cm"},{"value":114,"label":"19 cm"},{"value":115,"label":"20 cm"}],"pa_savybes":[{"value":86,"label":"Populiariausi"}],"pa_spalvos":[{"value":65,"label":"Paauksuotas 925 sidabras"}],"pa_stilius":[{"value":80,"label":"Minimalistiniai"}]},"featured_image_src_large":["https:\/\/momentasdesign.com\/wp-content\/uploads\/2023\/09\/DSC04980-copys2-819x1024.jpg",819,1024,true],"author_info":[],"comment_info":0,"wcpa_form_fields":null,"_links":{"self":[{"href":"https:\/\/momentasdesign.com\/en\/wp-json\/wp\/v2\/product\/7468","targetHints":{"allow":["GET"]}}],"collection":[{"href":"https:\/\/momentasdesign.com\/en\/wp-json\/wp\/v2\/product"}],"about":[{"href":"https:\/\/momentasdesign.com\/en\/wp-json\/wp\/v2\/types\/product"}],"replies":[{"embeddable":true,"href":"https:\/\/momentasdesign.com\/en\/wp-json\/wp\/v2\/comments?post=7468"}],"wp:featuredmedia":[{"embeddable":true,"href":"https:\/\/momentasdesign.com\/en\/wp-json\/wp\/v2\/media\/5727"}],"wp:attachment":[{"href":"https:\/\/momentasdesign.com\/en\/wp-json\/wp\/v2\/media?parent=7468"}],"wp:term":[{"taxonomy":"product_brand","embeddable":true,"href":"https:\/\/momentasdesign.com\/en\/wp-json\/wp\/v2\/product_brand?post=7468"},{"taxonomy":"product_cat","embeddable":true,"href":"https:\/\/momentasdesign.com\/en\/wp-json\/wp\/v2\/product_cat?post=7468"},{"taxonomy":"product_tag","embeddable":true,"href":"https:\/\/momentasdesign.com\/en\/wp-json\/wp\/v2\/product_tag?post=7468"}],"curies":[{"name":"wp","href":"https:\/\/api.w.org\/{rel}","templated":true}]}}