{"id":7457,"date":"2023-09-04T09:12:50","date_gmt":"2023-09-04T09:12:50","guid":{"rendered":"https:\/\/nakuslenis.com\/shop-online\/minimalistinis-blizgus-925-sidabrinis-ziedas-diana\/"},"modified":"2026-03-30T19:48:43","modified_gmt":"2026-03-30T19:48:43","slug":"diana","status":"publish","type":"product","link":"https:\/\/momentasdesign.com\/en\/ziedai\/diana\/","title":{"rendered":"Minimalist 925 silver ring 'Diana'"},"content":{"rendered":"<p>A charming ultra-minimalist ring. Made of 925 silver. Certified by the Lithuanian Assay Office.<\/p>\n<p>Weight ~ 0.73 g. (weight varies depending on selected size)<\/p>\n<p>\u017diedo plotis: 1 mm.<\/p>\n<p class=\"translation-block\">Don't know your ring size? Information on how to find your ring size can be found here.<\/p>\n<p>*The colors and shape of the jewelry items may differ slightly from those shown in the photos<\/p>","protected":false},"excerpt":{"rendered":"<p>\u017davus itin minimalistinis \u017eiedas. Pagaminta i\u0161 925 sidabro. Prabuota Lietuvos prabavimo r\u016bmuose. \u017diedo svoris ~ 0,73 g. (svoris kinta nuo pasirinkto dyd\u017eio). \u017diedo plotis: 1 mm. Ne\u017einai savo \u017eiedo dyd\u017eio? Informacij\u0105 kaip surasti savo \u017eiedo dyd\u012f rasi \u010dia. *Papuo\u0161al\u0173 element\u0173 spalvos ir forma gali ne\u017eymiai skirtis nuo pateikt\u0173 nuotraukose<\/p>","protected":false},"featured_media":11715,"comment_status":"closed","ping_status":"closed","template":"","meta":{"_acf_changed":false,"_gspb_post_css":"","_kad_blocks_custom_css":"","_kad_blocks_head_custom_js":"","_kad_blocks_body_custom_js":"","_kad_blocks_footer_custom_js":"","pgc_sgb_lightbox_settings":""},"product_brand":[],"product_cat":[161,180,178,179,202],"product_tag":[186],"class_list":{"0":"post-7457","1":"product","2":"type-product","3":"status-publish","4":"has-post-thumbnail","6":"product_cat-ziedai","7":"product_cat-dovanos-iki-100-eur","8":"product_cat-dovanos-iki-40-eur","9":"product_cat-dovanos-iki-60-eur","10":"product_cat-ispardavimas","11":"product_tag-dovanos-iki-40-eur","12":"pa_dydis-5-15","13":"pa_dydis-6-16","14":"pa_dydis-7-17","15":"pa_dydis-8-18","16":"pa_dydis-9-19","17":"pa_dydis-10-20","18":"pa_dydis-11-21","19":"pa_dydis-12-22","20":"pa_dydis-13-23","21":"pa_spalvos-925-sidabras","22":"pa_stilius-minimalistiniai","23":"pa_stilius-unisex","25":"first","26":"instock","27":"sale","28":"purchasable","29":"product-type-variable"},"acf":[],"taxonomy_info":{"product_cat":[{"value":161,"label":"\u017diedai"},{"value":180,"label":"Dovanos iki 100 EUR"},{"value":178,"label":"Dovanos iki 40 EUR"},{"value":179,"label":"Dovanos iki 60 EUR"},{"value":202,"label":"I\u0161pardavimas"}],"product_tag":[{"value":186,"label":"Dovanos iki 40 EUR"}],"pa_dydis":[{"value":203,"label":"5 (15)"},{"value":204,"label":"6 (16)"},{"value":205,"label":"7 (17)"},{"value":206,"label":"8 (18)"},{"value":207,"label":"9 (19)"},{"value":208,"label":"10 (20)"},{"value":209,"label":"11 (21)"},{"value":210,"label":"12 (22)"},{"value":211,"label":"13 (23)"}],"pa_spalvos":[{"value":66,"label":"925 sidabras"}],"pa_stilius":[{"value":80,"label":"Minimalistiniai"},{"value":77,"label":"Unisex"}]},"featured_image_src_large":["https:\/\/momentasdesign.com\/wp-content\/uploads\/2023\/09\/diana-925-sidabrinis-minimalistinis-ziedas-2-819x1024.jpg",819,1024,true],"author_info":[],"comment_info":0,"wcpa_form_fields":null,"_links":{"self":[{"href":"https:\/\/momentasdesign.com\/en\/wp-json\/wp\/v2\/product\/7457","targetHints":{"allow":["GET"]}}],"collection":[{"href":"https:\/\/momentasdesign.com\/en\/wp-json\/wp\/v2\/product"}],"about":[{"href":"https:\/\/momentasdesign.com\/en\/wp-json\/wp\/v2\/types\/product"}],"replies":[{"embeddable":true,"href":"https:\/\/momentasdesign.com\/en\/wp-json\/wp\/v2\/comments?post=7457"}],"wp:featuredmedia":[{"embeddable":true,"href":"https:\/\/momentasdesign.com\/en\/wp-json\/wp\/v2\/media\/11715"}],"wp:attachment":[{"href":"https:\/\/momentasdesign.com\/en\/wp-json\/wp\/v2\/media?parent=7457"}],"wp:term":[{"taxonomy":"product_brand","embeddable":true,"href":"https:\/\/momentasdesign.com\/en\/wp-json\/wp\/v2\/product_brand?post=7457"},{"taxonomy":"product_cat","embeddable":true,"href":"https:\/\/momentasdesign.com\/en\/wp-json\/wp\/v2\/product_cat?post=7457"},{"taxonomy":"product_tag","embeddable":true,"href":"https:\/\/momentasdesign.com\/en\/wp-json\/wp\/v2\/product_tag?post=7457"}],"curies":[{"name":"wp","href":"https:\/\/api.w.org\/{rel}","templated":true}]}}