{"id":7449,"date":"2023-09-04T09:12:32","date_gmt":"2023-09-04T09:12:32","guid":{"rendered":"https:\/\/nakuslenis.com\/shop-online\/kalto-925-sidabro-ziedas-denise\/"},"modified":"2026-01-28T17:23:05","modified_gmt":"2026-01-28T17:23:05","slug":"denise","status":"publish","type":"product","link":"https:\/\/momentasdesign.com\/en\/ziedai\/denise\/","title":{"rendered":"Hammered 925 silver ring 'Denise'"},"content":{"rendered":"<p>A charming ultra-minimalist ring. Made of 925 silver. Certified by the Lithuanian Assay Office.<\/p>\n<p>Weight ~ 1.39 g. (weight varies depending on selected size)<\/p>\n<p>\u017diedo plotis: 2 mm.<\/p>\n<p class=\"translation-block\">Don't know your ring size? Information on how to find your ring size can be found here.<\/p>\n<p>*The colors and shape of the jewelry items may differ slightly from those shown in the photos<\/p>","protected":false},"excerpt":{"rendered":"<p>\u017davus itin minimalistinis \u017eiedas. Pagaminta i\u0161 925 sidabro. Prabuota Lietuvos prabavimo r\u016bmuose. \u017diedo svoris ~ 1,39 g. (svoris kinta nuo pasirinkto dyd\u017eio). \u017diedo plotis: 2 mm. Ne\u017einai savo \u017eiedo dyd\u017eio? Informacij\u0105 kaip surasti savo \u017eiedo dyd\u012f rasi \u010dia. *Papuo\u0161al\u0173 element\u0173 spalvos ir forma gali ne\u017eymiai skirtis nuo pateikt\u0173 nuotraukose<\/p>","protected":false},"featured_media":5698,"comment_status":"closed","ping_status":"closed","template":"","meta":{"_acf_changed":false,"_gspb_post_css":"","_kad_blocks_custom_css":"","_kad_blocks_head_custom_js":"","_kad_blocks_body_custom_js":"","_kad_blocks_footer_custom_js":"","pgc_sgb_lightbox_settings":""},"product_brand":[],"product_cat":[161,180,178,179],"product_tag":[185],"class_list":{"0":"post-7449","1":"product","2":"type-product","3":"status-publish","4":"has-post-thumbnail","6":"product_cat-ziedai","7":"product_cat-dovanos-iki-100-eur","8":"product_cat-dovanos-iki-40-eur","9":"product_cat-dovanos-iki-60-eur","10":"product_tag-dovanos-iki-60-eur","11":"pa_dydis-6-16","12":"pa_dydis-7-17","13":"pa_dydis-8-18","14":"pa_dydis-9-19","15":"pa_spalvos-925-sidabras","16":"pa_stilius-minimalistiniai","17":"pa_stilius-unisex","19":"first","20":"instock","21":"purchasable","22":"product-type-variable"},"acf":[],"taxonomy_info":{"product_cat":[{"value":161,"label":"\u017diedai"},{"value":180,"label":"Dovanos iki 100 EUR"},{"value":178,"label":"Dovanos iki 40 EUR"},{"value":179,"label":"Dovanos iki 60 EUR"}],"product_tag":[{"value":185,"label":"Dovanos iki 60 EUR"}],"pa_dydis":[{"value":204,"label":"6 (16)"},{"value":205,"label":"7 (17)"},{"value":206,"label":"8 (18)"},{"value":207,"label":"9 (19)"}],"pa_spalvos":[{"value":66,"label":"925 sidabras"}],"pa_stilius":[{"value":80,"label":"Minimalistiniai"},{"value":77,"label":"Unisex"}]},"featured_image_src_large":["https:\/\/momentasdesign.com\/wp-content\/uploads\/2023\/09\/denise_925_sidabrinis_minimalistinis_ziedas_-1-819x1024.jpg",819,1024,true],"author_info":[],"comment_info":0,"wcpa_form_fields":null,"_links":{"self":[{"href":"https:\/\/momentasdesign.com\/en\/wp-json\/wp\/v2\/product\/7449","targetHints":{"allow":["GET"]}}],"collection":[{"href":"https:\/\/momentasdesign.com\/en\/wp-json\/wp\/v2\/product"}],"about":[{"href":"https:\/\/momentasdesign.com\/en\/wp-json\/wp\/v2\/types\/product"}],"replies":[{"embeddable":true,"href":"https:\/\/momentasdesign.com\/en\/wp-json\/wp\/v2\/comments?post=7449"}],"wp:featuredmedia":[{"embeddable":true,"href":"https:\/\/momentasdesign.com\/en\/wp-json\/wp\/v2\/media\/5698"}],"wp:attachment":[{"href":"https:\/\/momentasdesign.com\/en\/wp-json\/wp\/v2\/media?parent=7449"}],"wp:term":[{"taxonomy":"product_brand","embeddable":true,"href":"https:\/\/momentasdesign.com\/en\/wp-json\/wp\/v2\/product_brand?post=7449"},{"taxonomy":"product_cat","embeddable":true,"href":"https:\/\/momentasdesign.com\/en\/wp-json\/wp\/v2\/product_cat?post=7449"},{"taxonomy":"product_tag","embeddable":true,"href":"https:\/\/momentasdesign.com\/en\/wp-json\/wp\/v2\/product_tag?post=7449"}],"curies":[{"name":"wp","href":"https:\/\/api.w.org\/{rel}","templated":true}]}}