{"id":7431,"date":"2023-09-04T09:11:47","date_gmt":"2023-09-04T09:11:47","guid":{"rendered":"https:\/\/nakuslenis.com\/shop-online\/cora-minimalistiniai-14k-paauksuoti-925-sidabriniai-auskarai\/"},"modified":"2025-12-02T03:52:11","modified_gmt":"2025-12-02T03:52:11","slug":"cora","status":"publish","type":"product","link":"https:\/\/momentasdesign.com\/en\/auskarai\/cora\/","title":{"rendered":"&#8216;Cora&#8217; 14K paauksuoti 925 auskarai"},"content":{"rendered":"<p>Charming and extremely minimalist gold-plated earrings. Made of 14K gold-plated 925 silver. Certified by the Lithuanian Assay Office. Height - 6 mm, width - 1 mm.<\/p>\n<p>Weight ~ 0.37 g.<\/p>\n<p>*The colors and shape of the jewelry items may differ slightly from those shown in the photos<\/p>","protected":false},"excerpt":{"rendered":"<p>\u017dav\u016bs ir itin minimalistiniai paauksuoti auskarai. Pagaminta i\u0161 14K paauksuoto 925 sidabro. Prabuota Lietuvos prabavimo r\u016bmuose. Auk\u0161its &#8211; 6 mm, plotis &#8211; 1 mm. Auskar\u0173 svoris ~ 0,37 g. *Papuo\u0161al\u0173 element\u0173 spalvos ir forma gali ne\u017eymiai skirtis nuo pateikt\u0173 nuotraukose<\/p>","protected":false},"featured_media":5647,"comment_status":"closed","ping_status":"closed","template":"","meta":{"_acf_changed":false,"_gspb_post_css":"","_kad_blocks_custom_css":"","_kad_blocks_head_custom_js":"","_kad_blocks_body_custom_js":"","_kad_blocks_footer_custom_js":"","pgc_sgb_lightbox_settings":""},"product_brand":[],"product_cat":[160,180,178,179],"product_tag":[186],"class_list":{"0":"post-7431","1":"product","2":"type-product","3":"status-publish","4":"has-post-thumbnail","6":"product_cat-auskarai","7":"product_cat-dovanos-iki-100-eur","8":"product_cat-dovanos-iki-40-eur","9":"product_cat-dovanos-iki-60-eur","10":"product_tag-dovanos-iki-40-eur","11":"pa_spalvos-paauksuotas-925-sidabras","12":"pa_stilius-minimalistiniai","13":"pa_stilius-unisex","14":"pa_stilius-studs","16":"first","17":"instock","18":"purchasable","19":"product-type-simple"},"acf":[],"taxonomy_info":{"product_cat":[{"value":160,"label":"Auskarai"},{"value":180,"label":"Dovanos iki 100 EUR"},{"value":178,"label":"Dovanos iki 40 EUR"},{"value":179,"label":"Dovanos iki 60 EUR"}],"product_tag":[{"value":186,"label":"Dovanos iki 40 EUR"}],"pa_spalvos":[{"value":65,"label":"Paauksuotas 925 sidabras"}],"pa_stilius":[{"value":80,"label":"Minimalistiniai"},{"value":77,"label":"Unisex"},{"value":83,"label":"Studs"}]},"featured_image_src_large":["https:\/\/momentasdesign.com\/wp-content\/uploads\/2023\/09\/cora_momentas_paauksuoti_minimalistiniai_auskarai_4-819x1024.jpg",819,1024,true],"author_info":[],"comment_info":0,"wcpa_form_fields":null,"_links":{"self":[{"href":"https:\/\/momentasdesign.com\/en\/wp-json\/wp\/v2\/product\/7431","targetHints":{"allow":["GET"]}}],"collection":[{"href":"https:\/\/momentasdesign.com\/en\/wp-json\/wp\/v2\/product"}],"about":[{"href":"https:\/\/momentasdesign.com\/en\/wp-json\/wp\/v2\/types\/product"}],"replies":[{"embeddable":true,"href":"https:\/\/momentasdesign.com\/en\/wp-json\/wp\/v2\/comments?post=7431"}],"wp:featuredmedia":[{"embeddable":true,"href":"https:\/\/momentasdesign.com\/en\/wp-json\/wp\/v2\/media\/5647"}],"wp:attachment":[{"href":"https:\/\/momentasdesign.com\/en\/wp-json\/wp\/v2\/media?parent=7431"}],"wp:term":[{"taxonomy":"product_brand","embeddable":true,"href":"https:\/\/momentasdesign.com\/en\/wp-json\/wp\/v2\/product_brand?post=7431"},{"taxonomy":"product_cat","embeddable":true,"href":"https:\/\/momentasdesign.com\/en\/wp-json\/wp\/v2\/product_cat?post=7431"},{"taxonomy":"product_tag","embeddable":true,"href":"https:\/\/momentasdesign.com\/en\/wp-json\/wp\/v2\/product_tag?post=7431"}],"curies":[{"name":"wp","href":"https:\/\/api.w.org\/{rel}","templated":true}]}}