{"id":7394,"date":"2023-09-04T09:09:49","date_gmt":"2023-09-04T09:09:49","guid":{"rendered":"https:\/\/nakuslenis.com\/shop-online\/charlotte-925-sidabrinis-kaklo-papuosalas-su-cirkoniais\/"},"modified":"2026-04-26T14:00:29","modified_gmt":"2026-04-26T14:00:29","slug":"charlotte","status":"publish","type":"product","link":"https:\/\/momentasdesign.com\/en\/kaklo-papuosalai\/charlotte\/","title":{"rendered":"&#8216;Charlotte&#8217; 925 kaklo papuo\u0161alas"},"content":{"rendered":"<p>Eleganti\u0161kas bei stilingas \u2018choker\u2019 tipo kaklo papuo\u0161alas. Pagaminta i\u0161 925 sidabro ir cirkonio kristal\u0173.<\/p>\n<p>Necklace clasp - Spring Ring. An extension chain is added to the jewelry, so the necklace can be extended by about 8 cm.<\/p>\n<p>Papuo\u0161alo ilgis &#8211; 32 cm.(40 cm su prailginama grandin\u0117le)<\/p>\n<p>Width - 2 mm.<\/p>\n<p>Svoris ~ 5,72 g.<\/p>\n<p>*The colors and shape of the jewelry items may differ slightly from those shown in the photos<\/p>","protected":false},"excerpt":{"rendered":"<p>Eleganti\u0161kas bei stilingas \u2018choker\u2019 tipo kaklo papuo\u0161alas. Pagaminta i\u0161 925 sidabro ir cirkonio kristal\u0173. Pakabuko u\u017esegimas &#8211; karabinas. Prie papuo\u0161alo yra dedama prailginama grandin\u0117le, tod\u0117l kaklo papuo\u0161alas gali pasiilginti apie 8 cm. Papuo\u0161alo ilgis &#8211; 32 cm.(40 cm su prailginama grandin\u0117le) Plotis &#8211; 2 mm. Svoris ~ 5,72 g. *Papuo\u0161al\u0173 element\u0173 spalvos ir forma gali [&hellip;]<\/p>\n","protected":false},"featured_media":5574,"comment_status":"closed","ping_status":"closed","template":"","meta":{"_acf_changed":false,"_gspb_post_css":"","_kad_blocks_custom_css":"","_kad_blocks_head_custom_js":"","_kad_blocks_body_custom_js":"","_kad_blocks_footer_custom_js":"","pgc_sgb_lightbox_settings":""},"product_brand":[],"product_cat":[27,180],"product_tag":[184],"class_list":{"0":"post-7394","1":"product","2":"type-product","3":"status-publish","4":"has-post-thumbnail","6":"product_cat-kaklo-papuosalai","7":"product_cat-dovanos-iki-100-eur","8":"product_tag-dovanos-iki-100-eur","9":"pa_dydis-35-cm","10":"pa_dydis-40-cm","11":"pa_spalvos-925-sidabras","12":"pa_stilius-cirkoniai","13":"pa_stilius-statement","15":"first","16":"outofstock","17":"purchasable","18":"product-type-simple"},"acf":[],"taxonomy_info":{"product_cat":[{"value":27,"label":"Kaklo papuo\u0161alai"},{"value":180,"label":"Dovanos iki 100 EUR"}],"product_tag":[{"value":184,"label":"Dovanos iki 100 EUR"}],"pa_dydis":[{"value":105,"label":"35 cm"},{"value":99,"label":"40 cm"}],"pa_spalvos":[{"value":66,"label":"925 sidabras"}],"pa_stilius":[{"value":76,"label":"Cirkoniai"},{"value":84,"label":"Statement"}]},"featured_image_src_large":["https:\/\/momentasdesign.com\/wp-content\/uploads\/2023\/09\/Charlotte_tennis_choker_momentas_11.jpg",819,1024,false],"author_info":[],"comment_info":0,"wcpa_form_fields":null,"_links":{"self":[{"href":"https:\/\/momentasdesign.com\/en\/wp-json\/wp\/v2\/product\/7394","targetHints":{"allow":["GET"]}}],"collection":[{"href":"https:\/\/momentasdesign.com\/en\/wp-json\/wp\/v2\/product"}],"about":[{"href":"https:\/\/momentasdesign.com\/en\/wp-json\/wp\/v2\/types\/product"}],"replies":[{"embeddable":true,"href":"https:\/\/momentasdesign.com\/en\/wp-json\/wp\/v2\/comments?post=7394"}],"wp:featuredmedia":[{"embeddable":true,"href":"https:\/\/momentasdesign.com\/en\/wp-json\/wp\/v2\/media\/5574"}],"wp:attachment":[{"href":"https:\/\/momentasdesign.com\/en\/wp-json\/wp\/v2\/media?parent=7394"}],"wp:term":[{"taxonomy":"product_brand","embeddable":true,"href":"https:\/\/momentasdesign.com\/en\/wp-json\/wp\/v2\/product_brand?post=7394"},{"taxonomy":"product_cat","embeddable":true,"href":"https:\/\/momentasdesign.com\/en\/wp-json\/wp\/v2\/product_cat?post=7394"},{"taxonomy":"product_tag","embeddable":true,"href":"https:\/\/momentasdesign.com\/en\/wp-json\/wp\/v2\/product_tag?post=7394"}],"curies":[{"name":"wp","href":"https:\/\/api.w.org\/{rel}","templated":true}]}}