{"id":7369,"date":"2023-09-04T09:08:35","date_gmt":"2023-09-04T09:08:35","guid":{"rendered":"https:\/\/nakuslenis.com\/shop-online\/bjorn-925-sidabrinis-kaklo-papuosalas\/"},"modified":"2026-04-03T08:17:07","modified_gmt":"2026-04-03T08:17:07","slug":"bjorn","status":"publish","type":"product","link":"https:\/\/momentasdesign.com\/en\/kaklo-papuosalai\/bjorn\/","title":{"rendered":"&#8216;Bjorn&#8217; 925"},"content":{"rendered":"<p>A stylish chain-type necklace. Made of 925 silver. Certified by the Lithuanian Assay Office.<\/p>\n<p>Bracelet clasp - Spring Ring. An extension chain is not included with this model.<\/p>\n<p>Papuo\u0161alo ilgis &#8211; 40 cm.<\/p>\n<p>Plotis &#8211; 8 mm.<\/p>\n<p>Weight ~ 28.12 g.<\/p>\n<p>*The colors and shape of the jewelry items may differ slightly from those shown in the photos<\/p>","protected":false},"excerpt":{"rendered":"<p>Stilingas, \u2018chain\u2019 tipo kaklo papuo\u0161alas. Pagaminta i\u0161 925 sidabro. Prabuota Lietuvos prabavimo r\u016bmuose. Pakabuko u\u017esegimas &#8211; karabinas. Papuo\u0161alo ilgis &#8211; 40 cm. Plotis &#8211; 8 mm. Svoris ~ 28,12 g. *Papuo\u0161al\u0173 element\u0173 spalvos ir forma gali ne\u017eymiai skirtis nuo pateikt\u0173 nuotraukose<\/p>","protected":false},"featured_media":5522,"comment_status":"closed","ping_status":"closed","template":"","meta":{"_acf_changed":false,"_gspb_post_css":"","_kad_blocks_custom_css":"","_kad_blocks_head_custom_js":"","_kad_blocks_body_custom_js":"","_kad_blocks_footer_custom_js":"","pgc_sgb_lightbox_settings":""},"product_brand":[],"product_cat":[27],"product_tag":[],"class_list":{"0":"post-7369","1":"product","2":"type-product","3":"status-publish","4":"has-post-thumbnail","6":"product_cat-kaklo-papuosalai","7":"pa_spalvos-925-sidabras","8":"pa_stilius-statement","10":"first","11":"outofstock","12":"purchasable","13":"product-type-simple"},"acf":[],"taxonomy_info":{"product_cat":[{"value":27,"label":"Kaklo papuo\u0161alai"}],"pa_spalvos":[{"value":66,"label":"925 sidabras"}],"pa_stilius":[{"value":84,"label":"Statement"}]},"featured_image_src_large":["https:\/\/momentasdesign.com\/wp-content\/uploads\/2023\/09\/momentas_bjorn_grandine_42-819x1024.jpg",819,1024,true],"author_info":[],"comment_info":0,"wcpa_form_fields":null,"_links":{"self":[{"href":"https:\/\/momentasdesign.com\/en\/wp-json\/wp\/v2\/product\/7369","targetHints":{"allow":["GET"]}}],"collection":[{"href":"https:\/\/momentasdesign.com\/en\/wp-json\/wp\/v2\/product"}],"about":[{"href":"https:\/\/momentasdesign.com\/en\/wp-json\/wp\/v2\/types\/product"}],"replies":[{"embeddable":true,"href":"https:\/\/momentasdesign.com\/en\/wp-json\/wp\/v2\/comments?post=7369"}],"wp:featuredmedia":[{"embeddable":true,"href":"https:\/\/momentasdesign.com\/en\/wp-json\/wp\/v2\/media\/5522"}],"wp:attachment":[{"href":"https:\/\/momentasdesign.com\/en\/wp-json\/wp\/v2\/media?parent=7369"}],"wp:term":[{"taxonomy":"product_brand","embeddable":true,"href":"https:\/\/momentasdesign.com\/en\/wp-json\/wp\/v2\/product_brand?post=7369"},{"taxonomy":"product_cat","embeddable":true,"href":"https:\/\/momentasdesign.com\/en\/wp-json\/wp\/v2\/product_cat?post=7369"},{"taxonomy":"product_tag","embeddable":true,"href":"https:\/\/momentasdesign.com\/en\/wp-json\/wp\/v2\/product_tag?post=7369"}],"curies":[{"name":"wp","href":"https:\/\/api.w.org\/{rel}","templated":true}]}}