{"id":7358,"date":"2023-09-04T09:08:15","date_gmt":"2023-09-04T09:08:15","guid":{"rendered":"https:\/\/nakuslenis.com\/shop-online\/dvieju-papuosalu-rinkinys-bell\/"},"modified":"2025-12-02T03:52:20","modified_gmt":"2025-12-02T03:52:20","slug":"dvieju-papuosalu-rinkinys-bell","status":"publish","type":"product","link":"https:\/\/momentasdesign.com\/en\/rinkiniai\/dvieju-papuosalu-rinkinys-bell\/","title":{"rendered":"'Bell' 14K gold plated 925 silver necklaces set"},"content":{"rendered":"<p style=\"white-space: pre-wrap;\">Dviej\u0173 kaklo papuo\u0161al\u0173 derinys. Trumpesnis papuo\u0161alas nuotraukoje 45 cm. (pagaminta i\u0161 18K paauksuoto 925 sidabro). Ilgesnis papuo\u0161alas nuotraukoje 50 cm. (pagaminta i\u0161 925 paauksuoto sidabro).<\/p>\n<p style=\"white-space: pre-wrap;\">Necklace clasp - Spring Ring. Extension chains are not included with this jewelry.<\/p>\n<p style=\"white-space: pre-wrap;\">*The colors and shape of the jewelry items may differ slightly from those shown in the photos<\/p>","protected":false},"excerpt":{"rendered":"<p>Dviej\u0173 kaklo papuo\u0161al\u0173 derinys. Trumpesnis papuo\u0161alas nuotraukoje 45 cm. (pagaminta i\u0161 18K paauksuoto 925 sidabro). Ilgesnis papuo\u0161alas nuotraukoje 50 cm. (pagaminta i\u0161 925 paauksuoto sidabro). Pakabuk\u0173 u\u017esegimai &#8211; karabinai. Prie \u0161i\u0173 papuo\u0161al\u0173 prailginamos grandin\u0117l\u0117s n\u0117ra dedamos. *Papuo\u0161al\u0173 element\u0173 spalvos ir forma gali ne\u017eymiai skirtis nuo pateikt\u0173 nuotraukose<\/p>","protected":false},"featured_media":8903,"comment_status":"closed","ping_status":"closed","template":"","meta":{"_acf_changed":false,"_gspb_post_css":"","_kad_blocks_custom_css":"","_kad_blocks_head_custom_js":"","_kad_blocks_body_custom_js":"","_kad_blocks_footer_custom_js":"","pgc_sgb_lightbox_settings":""},"product_brand":[],"product_cat":[162,27,180],"product_tag":[],"class_list":{"0":"post-7358","1":"product","2":"type-product","3":"status-publish","4":"has-post-thumbnail","6":"product_cat-rinkiniai","7":"product_cat-kaklo-papuosalai","8":"product_cat-dovanos-iki-100-eur","9":"pa_spalvos-paauksuotas-925-sidabras","10":"pa_stilius-minimalistiniai","12":"first","13":"instock","14":"purchasable","15":"product-type-simple"},"acf":[],"taxonomy_info":{"product_cat":[{"value":162,"label":"Rinkiniai"},{"value":27,"label":"Kaklo papuo\u0161alai"},{"value":180,"label":"Dovanos iki 100 EUR"}],"pa_spalvos":[{"value":65,"label":"Paauksuotas 925 sidabras"}],"pa_stilius":[{"value":80,"label":"Minimalistiniai"}]},"featured_image_src_large":["https:\/\/momentasdesign.com\/wp-content\/uploads\/2023\/09\/bell-rinkinys-14k-paaksuotas-925-sidabras-momentas--819x1024.jpg",819,1024,true],"author_info":[],"comment_info":0,"wcpa_form_fields":null,"_links":{"self":[{"href":"https:\/\/momentasdesign.com\/en\/wp-json\/wp\/v2\/product\/7358","targetHints":{"allow":["GET"]}}],"collection":[{"href":"https:\/\/momentasdesign.com\/en\/wp-json\/wp\/v2\/product"}],"about":[{"href":"https:\/\/momentasdesign.com\/en\/wp-json\/wp\/v2\/types\/product"}],"replies":[{"embeddable":true,"href":"https:\/\/momentasdesign.com\/en\/wp-json\/wp\/v2\/comments?post=7358"}],"wp:featuredmedia":[{"embeddable":true,"href":"https:\/\/momentasdesign.com\/en\/wp-json\/wp\/v2\/media\/8903"}],"wp:attachment":[{"href":"https:\/\/momentasdesign.com\/en\/wp-json\/wp\/v2\/media?parent=7358"}],"wp:term":[{"taxonomy":"product_brand","embeddable":true,"href":"https:\/\/momentasdesign.com\/en\/wp-json\/wp\/v2\/product_brand?post=7358"},{"taxonomy":"product_cat","embeddable":true,"href":"https:\/\/momentasdesign.com\/en\/wp-json\/wp\/v2\/product_cat?post=7358"},{"taxonomy":"product_tag","embeddable":true,"href":"https:\/\/momentasdesign.com\/en\/wp-json\/wp\/v2\/product_tag?post=7358"}],"curies":[{"name":"wp","href":"https:\/\/api.w.org\/{rel}","templated":true}]}}