{"id":7321,"date":"2023-09-04T09:06:34","date_gmt":"2023-09-04T09:06:34","guid":{"rendered":"https:\/\/nakuslenis.com\/shop-online\/athena-keshi-perlu-verinys-su-925-sidabrinemis-detalemis\/"},"modified":"2025-12-02T03:52:07","modified_gmt":"2025-12-02T03:52:07","slug":"athena","status":"publish","type":"product","link":"https:\/\/momentasdesign.com\/en\/kaklo-papuosalai\/athena\/","title":{"rendered":"&#8216;Athena&#8217; perl\u0173 v\u0117rinys"},"content":{"rendered":"<p>Stylish handmade necklace. Made with keshi freshwater pearls and 925 silver details. Certified by the Lithuanian Assay Office.<\/p>\n<p>The length of the necklace is 40 cm.<\/p>\n<p>Weight ~ 20.41 g.<\/p>\n<p>*The colors and shape of the jewelry items may differ slightly from those shown in the photos<\/p>","protected":false},"excerpt":{"rendered":"<p>Stilingas rank\u0173 darbo v\u0117rinys. Pagaminta i\u0161 keshi g\u0117lavandeni\u0173 perl\u0173 ir 925 sidabrini\u0173 detali\u0173. Prabuota Lietuvos prabavimo r\u016bmuose. V\u0117rinio ilgis &#8211; 40 cm. V\u0117rinio svoris ~ 20,41 g. *Papuo\u0161al\u0173 element\u0173 spalvos ir forma gali ne\u017eymiai skirtis nuo pateikt\u0173 nuotraukose<\/p>","protected":false},"featured_media":11558,"comment_status":"closed","ping_status":"closed","template":"","meta":{"_acf_changed":false,"_gspb_post_css":"","_kad_blocks_custom_css":"","_kad_blocks_head_custom_js":"","_kad_blocks_body_custom_js":"","_kad_blocks_footer_custom_js":"","pgc_sgb_lightbox_settings":""},"product_brand":[],"product_cat":[27,180],"product_tag":[184],"class_list":{"0":"post-7321","1":"product","2":"type-product","3":"status-publish","4":"has-post-thumbnail","6":"product_cat-kaklo-papuosalai","7":"product_cat-dovanos-iki-100-eur","8":"product_tag-dovanos-iki-100-eur","9":"pa_stilius-statement","10":"pa_stilius-perlai","12":"first","13":"instock","14":"purchasable","15":"product-type-simple"},"acf":[],"taxonomy_info":{"product_cat":[{"value":27,"label":"Kaklo papuo\u0161alai"},{"value":180,"label":"Dovanos iki 100 EUR"}],"product_tag":[{"value":184,"label":"Dovanos iki 100 EUR"}],"pa_stilius":[{"value":84,"label":"Statement"},{"value":75,"label":"Perlai"}]},"featured_image_src_large":["https:\/\/momentasdesign.com\/wp-content\/uploads\/2023\/09\/athena-momentas-5-819x1024.jpg",819,1024,true],"author_info":[],"comment_info":0,"wcpa_form_fields":null,"_links":{"self":[{"href":"https:\/\/momentasdesign.com\/en\/wp-json\/wp\/v2\/product\/7321","targetHints":{"allow":["GET"]}}],"collection":[{"href":"https:\/\/momentasdesign.com\/en\/wp-json\/wp\/v2\/product"}],"about":[{"href":"https:\/\/momentasdesign.com\/en\/wp-json\/wp\/v2\/types\/product"}],"replies":[{"embeddable":true,"href":"https:\/\/momentasdesign.com\/en\/wp-json\/wp\/v2\/comments?post=7321"}],"wp:featuredmedia":[{"embeddable":true,"href":"https:\/\/momentasdesign.com\/en\/wp-json\/wp\/v2\/media\/11558"}],"wp:attachment":[{"href":"https:\/\/momentasdesign.com\/en\/wp-json\/wp\/v2\/media?parent=7321"}],"wp:term":[{"taxonomy":"product_brand","embeddable":true,"href":"https:\/\/momentasdesign.com\/en\/wp-json\/wp\/v2\/product_brand?post=7321"},{"taxonomy":"product_cat","embeddable":true,"href":"https:\/\/momentasdesign.com\/en\/wp-json\/wp\/v2\/product_cat?post=7321"},{"taxonomy":"product_tag","embeddable":true,"href":"https:\/\/momentasdesign.com\/en\/wp-json\/wp\/v2\/product_tag?post=7321"}],"curies":[{"name":"wp","href":"https:\/\/api.w.org\/{rel}","templated":true}]}}