{"id":7306,"date":"2023-09-04T09:05:50","date_gmt":"2023-09-04T09:05:50","guid":{"rendered":"https:\/\/nakuslenis.com\/shop-online\/prabangus-925-sidabrinis-ziedas-su-cirkoniais-april\/"},"modified":"2026-02-28T12:31:03","modified_gmt":"2026-02-28T12:31:03","slug":"april","status":"publish","type":"product","link":"https:\/\/momentasdesign.com\/en\/ziedai\/april\/","title":{"rendered":"'April' 925 silver ring with zircons"},"content":{"rendered":"<p>Luxury ring with zircons. Made of 925 silver. Certified by the Lithuanian Assay Office.<\/p>\n<p>Weight ~ 5.38 g. (weight varies depending on selected size)<\/p>\n<p>\u017diedo plotis: 6 mm.<\/p>\n<p class=\"translation-block\">Don't know your ring size? Information on how to find your ring size can be found here.<\/p>\n<p>*The colors and shape of the jewelry items may differ slightly from those shown in the photos<\/p>","protected":false},"excerpt":{"rendered":"<p>Stilingas \u017eiedas su cirkoniais. Pagaminta i\u0161 925 sidabro. Prabuota Lietuvos prabavimo r\u016bmuose. \u017diedo svoris ~ 5,38 g. (svoris kinta nuo pasirinkto dyd\u017eio). \u017diedo plotis: 6 mm. Ne\u017einai savo \u017eiedo dyd\u017eio? Informacij\u0105 kaip surasti savo \u017eiedo dyd\u012f rasi \u010dia. *Papuo\u0161al\u0173 element\u0173 spalvos ir forma gali ne\u017eymiai skirtis nuo pateikt\u0173 nuotraukose<\/p>","protected":false},"featured_media":11548,"comment_status":"closed","ping_status":"closed","template":"","meta":{"_acf_changed":false,"_gspb_post_css":"","_kad_blocks_custom_css":"","_kad_blocks_head_custom_js":"","_kad_blocks_body_custom_js":"","_kad_blocks_footer_custom_js":"","pgc_sgb_lightbox_settings":""},"product_brand":[],"product_cat":[161,180,202],"product_tag":[184],"class_list":{"0":"post-7306","1":"product","2":"type-product","3":"status-publish","4":"has-post-thumbnail","6":"product_cat-ziedai","7":"product_cat-dovanos-iki-100-eur","8":"product_cat-ispardavimas","9":"product_tag-dovanos-iki-100-eur","10":"pa_dydis-6-16","11":"pa_dydis-7-17","12":"pa_dydis-8-18","13":"pa_spalvos-925-sidabras","14":"pa_stilius-statement","15":"pa_stilius-cirkoniai","17":"first","18":"instock","19":"sale","20":"purchasable","21":"product-type-variable"},"acf":[],"taxonomy_info":{"product_cat":[{"value":161,"label":"\u017diedai"},{"value":180,"label":"Dovanos iki 100 EUR"},{"value":202,"label":"I\u0161pardavimas"}],"product_tag":[{"value":184,"label":"Dovanos iki 100 EUR"}],"pa_dydis":[{"value":204,"label":"6 (16)"},{"value":205,"label":"7 (17)"},{"value":206,"label":"8 (18)"}],"pa_spalvos":[{"value":66,"label":"925 sidabras"}],"pa_stilius":[{"value":84,"label":"Statement"},{"value":76,"label":"Cirkoniai"}]},"featured_image_src_large":["https:\/\/momentasdesign.com\/wp-content\/uploads\/2023\/09\/april-925-sidabrinis-ziedas-momentas-2-819x1024.jpg",819,1024,true],"author_info":[],"comment_info":0,"wcpa_form_fields":null,"_links":{"self":[{"href":"https:\/\/momentasdesign.com\/en\/wp-json\/wp\/v2\/product\/7306","targetHints":{"allow":["GET"]}}],"collection":[{"href":"https:\/\/momentasdesign.com\/en\/wp-json\/wp\/v2\/product"}],"about":[{"href":"https:\/\/momentasdesign.com\/en\/wp-json\/wp\/v2\/types\/product"}],"replies":[{"embeddable":true,"href":"https:\/\/momentasdesign.com\/en\/wp-json\/wp\/v2\/comments?post=7306"}],"wp:featuredmedia":[{"embeddable":true,"href":"https:\/\/momentasdesign.com\/en\/wp-json\/wp\/v2\/media\/11548"}],"wp:attachment":[{"href":"https:\/\/momentasdesign.com\/en\/wp-json\/wp\/v2\/media?parent=7306"}],"wp:term":[{"taxonomy":"product_brand","embeddable":true,"href":"https:\/\/momentasdesign.com\/en\/wp-json\/wp\/v2\/product_brand?post=7306"},{"taxonomy":"product_cat","embeddable":true,"href":"https:\/\/momentasdesign.com\/en\/wp-json\/wp\/v2\/product_cat?post=7306"},{"taxonomy":"product_tag","embeddable":true,"href":"https:\/\/momentasdesign.com\/en\/wp-json\/wp\/v2\/product_tag?post=7306"}],"curies":[{"name":"wp","href":"https:\/\/api.w.org\/{rel}","templated":true}]}}