{"id":2229,"date":"2023-07-13T23:24:40","date_gmt":"2023-07-13T23:24:40","guid":{"rendered":"https:\/\/nakuslenis.com\/?post_type=product&#038;p=2229"},"modified":"2024-10-26T20:42:00","modified_gmt":"2024-10-26T20:42:00","slug":"gift-coupon","status":"publish","type":"product","link":"https:\/\/momentasdesign.com\/en\/dovanu-idejos\/gift-coupon\/","title":{"rendered":"Gift card"},"content":{"rendered":"<p class=\"sqsrte-small\">Dovan\u0173 kupono s\u0105lygos ir taisykl\u0117s:<\/p>\n<p class=\"sqsrte-small\">&#8211; Momentasdesign.com dovan\u0173 kuponas galioja 12 m\u0117n. nuo \u012fsigijimo dienos.<\/p>\n<p class=\"sqsrte-small\">&#8211; Dovan\u0173 kuponas \u012f pinigus nekei\u010diamas ir negr\u0105\u017einamas.<\/p>\n<p class=\"sqsrte-small\">&#8211; Jeigu mokama suma yra didesn\u0117 nei nurodyta dovan\u0173 kupone, skirtum\u0105 turi sumok\u0117ti dovan\u0173 kupono gav\u0117jas.<\/p>\n<p class=\"sqsrte-small\">&#8211; Dovan\u0173 kupono tur\u0117tojui \u012fsigijus paslaug\u0173 u\u017e ma\u017eesn\u0119 sum\u0105, nei nurodyta Dovan\u0173 kupone, likusi suma Dovan\u0173 kupono tur\u0117tojui negr\u0105\u017einama.<\/p>","protected":false},"excerpt":{"rendered":"<p>Dovan\u0173 kupono s\u0105lygos ir taisykl\u0117s: &#8211; Momentasdesign.com dovan\u0173 kuponas galioja 12 m\u0117n. nuo \u012fsigijimo dienos. &#8211; Dovan\u0173 kuponas \u012f pinigus nekei\u010diamas ir negr\u0105\u017einamas. &#8211; Jeigu mokama suma yra didesn\u0117 nei nurodyta dovan\u0173 kupone, skirtum\u0105 turi sumok\u0117ti dovan\u0173 kupono gav\u0117jas. &#8211; Dovan\u0173 kupono tur\u0117tojui \u012fsigijus paslaug\u0173 u\u017e ma\u017eesn\u0119 sum\u0105, nei nurodyta Dovan\u0173 kupone, likusi suma Dovan\u0173 [&hellip;]<\/p>","protected":false},"featured_media":9300,"comment_status":"open","ping_status":"closed","template":"","meta":{"_acf_changed":false,"_gspb_post_css":"","_kad_blocks_custom_css":"","_kad_blocks_head_custom_js":"","_kad_blocks_body_custom_js":"","_kad_blocks_footer_custom_js":"","pgc_sgb_lightbox_settings":""},"product_brand":[],"product_cat":[163],"product_tag":[],"class_list":{"0":"post-2229","1":"product","2":"type-product","3":"status-publish","4":"has-post-thumbnail","6":"product_cat-dovanu-idejos","7":"wcpa_has_options","9":"first","10":"instock","11":"shipping-taxable","12":"purchasable","13":"product-type-pw-gift-card","14":"has-default-attributes"},"acf":[],"taxonomy_info":{"product_cat":[{"value":163,"label":"Dovan\u0173 id\u0117jos"}]},"featured_image_src_large":["https:\/\/momentasdesign.com\/wp-content\/uploads\/2023\/07\/DSC03744-copy-2-1-1.png",1024,857,false],"author_info":[],"comment_info":1,"wcpa_form_fields":{"wcpaData":{"product":{"product_price":0,"price_html":"<span class=\"kt-before-price-variation\">Nuo<\/span> <span class=\"woocommerce-Price-amount amount\"><bdi><span class=\"woocommerce-Price-currencySymbol\">&euro;<\/span>0.00<\/bdi><\/span> <span class=\"kt-after-price-variation\"><\/span>","original_product_price":0,"price_including_tax":0,"price_excluding_tax":0,"product_id":{"parent":2229,"variation":false},"is_variable":true,"stock_status":"instock","stock_quantity":null,"parent_sku":"","product_attributes":{"gift-card-amount":{"is_variation":true,"values":[]}},"custom_fields":[],"is_taxable":false,"product_name":"Dovan\u0173 kuponas","hasImage":false},"fields":{"sec_76528050ce78ec":{"extra":{"key":"sec_76528050ce78ec","section_id":"sec_76528050ce78ec","name":"Default","status":1,"cl_rule":"show","enableCl":false,"relations":[],"toggle":true,"title_tag":"h3","show_title":false,"showPrice":"default","form_id":9279,"form_rules":{"exclude_from_discount":false,"fee_label":"Mokestis","disp_hide_options_price":false,"disp_show_section_price":false,"disp_show_field_price":true,"layout_option":"standard","pric_use_as_fee":false,"process_fee_as":"woo_fee"},"layout_option":"standard"},"fields":[[{"active":true,"col":6,"relations":false,"cl_rule":"show","enableCl":false,"price":"","enablePrice":false,"className":"","label_position":"left","desc_position":"default","type":"checkbox","required":false,"elementId":"checkbox_1215661901","label":"I\u0161si\u0173sti fizin\u012f dovan\u0173 kupon\u0105 gav\u0117jui pa\u0161tu ","name":"checkbox_1215661901","value":"","check_value":"I\u0161si\u0173sti fizin\u012f dovan\u0173 kupon\u0105 gav\u0117jui pa\u0161tu ","checkUi":"","error":false,"pricingType":"fixed","enableDesign":true,"LabelColor":"#27292b","LabelSize":"13","DescColor":"#27292b","DescSize":"13","gt_translate_keys":["label","value","check_value"],"price_dependency":false,"cl_dependency":["content_4838291647"]}],[{"active":true,"col":6,"relations":[{"operator":false,"rules":[{"operator":"AND","rules":{"cl_field":"checkbox_1215661901","cl_relation":"is","cl_val":true}}]}],"cl_rule":"show","enableCl":true,"price":"","enablePrice":false,"className":"","label_position":"default","desc_position":"default","type":"content","required":false,"elementId":"content_4838291647","label":"Jeigu norite, kad gav\u0117jas gaut\u0173 tik fizin\u012f kupon\u0105, \u017eemiau formoje \u012fveskite savo el.pa\u0161to adres\u0105, kad gautum\u0117te kupono kopij\u0105","name":"content_4838291647","contentType":"plain","value":"","error":false,"gt_translate_keys":["label","value"],"price_dependency":false,"cl_dependency":false}]]}},"config":{"price_override":"","enable_recaptcha":false,"bind_quantity":false,"quantity_bind_formula":false,"disp_summ_show_option_price":false,"disp_summ_show_product_price":false,"disp_summ_show_total_price":true,"disp_summ_show_fee":false,"disp_summ_show_discount":false,"summary_title":"","options_total_label":"Kaina","total_label":"I\u0161 viso","options_product_label":"Prek\u0117s kaina","fee_label":"Mokestis","discount_label":"Nuolaida","has_price":true,"has_quantity_formula":false},"mc_unit":1,"tax_rate":1,"tax_rate_real":1,"discount":{"percentage":0,"fixed":0},"design":{"conf":{"LabelPosition":"above","DescPosition":"above","UploadField":"custom_1","QuantityFieldStyle":"default"},"css":{"LeftLabelWidth":"120px"}},"formulas":[],"lookuptables":[],"clones":false,"cartKey":false}},"_links":{"self":[{"href":"https:\/\/momentasdesign.com\/en\/wp-json\/wp\/v2\/product\/2229","targetHints":{"allow":["GET"]}}],"collection":[{"href":"https:\/\/momentasdesign.com\/en\/wp-json\/wp\/v2\/product"}],"about":[{"href":"https:\/\/momentasdesign.com\/en\/wp-json\/wp\/v2\/types\/product"}],"replies":[{"embeddable":true,"href":"https:\/\/momentasdesign.com\/en\/wp-json\/wp\/v2\/comments?post=2229"}],"wp:featuredmedia":[{"embeddable":true,"href":"https:\/\/momentasdesign.com\/en\/wp-json\/wp\/v2\/media\/9300"}],"wp:attachment":[{"href":"https:\/\/momentasdesign.com\/en\/wp-json\/wp\/v2\/media?parent=2229"}],"wp:term":[{"taxonomy":"product_brand","embeddable":true,"href":"https:\/\/momentasdesign.com\/en\/wp-json\/wp\/v2\/product_brand?post=2229"},{"taxonomy":"product_cat","embeddable":true,"href":"https:\/\/momentasdesign.com\/en\/wp-json\/wp\/v2\/product_cat?post=2229"},{"taxonomy":"product_tag","embeddable":true,"href":"https:\/\/momentasdesign.com\/en\/wp-json\/wp\/v2\/product_tag?post=2229"}],"curies":[{"name":"wp","href":"https:\/\/api.w.org\/{rel}","templated":true}]}}