{"id":14696,"date":"2025-10-07T19:14:22","date_gmt":"2025-10-07T19:14:22","guid":{"rendered":"https:\/\/momentasdesign.com\/?post_type=product&#038;p=14696"},"modified":"2026-04-23T07:09:00","modified_gmt":"2026-04-23T07:09:00","slug":"leif","status":"publish","type":"product","link":"https:\/\/momentasdesign.com\/en\/apyrankes\/leif\/","title":{"rendered":"&#8216;Leif&#8217; 925 apyrank\u0117"},"content":{"rendered":"<p>Minimalistin\u0117, rank\u0173 darbo apyrank\u0117. Pagaminta i\u0161 925 sidabro ir upinio perlo. Prabuota Lietuvos prabavimo r\u016bmuose.<\/p>\n<p>Apyrank\u0117s dydis reguliuojasi nuo 15 cm &#8211; 25 cm.<\/p>\n<p>Perlo dydis: 7-8mm.<\/p>\n<p>Svoris ~ 2,09 g.<\/p>\n<p>*The colors and shape of the jewelry items may differ slightly from those shown in the photos<\/p>","protected":false},"excerpt":{"rendered":"<p>Minimalistin\u0117, rank\u0173 darbo apyrank\u0117. Pagaminta i\u0161 925 sidabro ir upinio perlo. Prabuota Lietuvos prabavimo r\u016bmuose. Apyrank\u0117s dydis reguliuojasi nuo 15 cm &#8211; 25 cm. Perlo dydis: 7-8mm. Svoris ~ 2,09 g. *Papuo\u0161al\u0173 element\u0173 spalvos ir forma gali ne\u017eymiai skirtis nuo pateikt\u0173 nuotraukose<\/p>","protected":false},"featured_media":14698,"comment_status":"closed","ping_status":"closed","template":"","meta":{"_acf_changed":false,"_gspb_post_css":"","_kad_blocks_custom_css":"","_kad_blocks_head_custom_js":"","_kad_blocks_body_custom_js":"","_kad_blocks_footer_custom_js":"","pgc_sgb_lightbox_settings":""},"product_brand":[],"product_cat":[177,180,179,159],"product_tag":[],"class_list":{"0":"post-14696","1":"product","2":"type-product","3":"status-publish","4":"has-post-thumbnail","6":"product_cat-apyrankes","7":"product_cat-dovanos-iki-100-eur","8":"product_cat-dovanos-iki-60-eur","9":"product_cat-naujienos","10":"pa_dydis-15-cm","11":"pa_dydis-16-cm","12":"pa_dydis-16-5-cm","13":"pa_dydis-17-cm","14":"pa_dydis-17-5-cm","15":"pa_dydis-18-cm","16":"pa_dydis-19-cm","17":"pa_dydis-20-cm","18":"pa_spalvos-925-sidabras","19":"pa_stilius-minimalistiniai","20":"pa_stilius-perlai","22":"first","23":"outofstock","24":"purchasable","25":"product-type-simple"},"acf":[],"taxonomy_info":{"product_cat":[{"value":177,"label":"Apyrank\u0117s"},{"value":180,"label":"Dovanos iki 100 EUR"},{"value":179,"label":"Dovanos iki 60 EUR"},{"value":159,"label":"Naujienos"}],"pa_dydis":[{"value":106,"label":"15 cm"},{"value":111,"label":"16 cm"},{"value":137,"label":"16.5 cm"},{"value":112,"label":"17 cm"},{"value":138,"label":"17.5 cm"},{"value":113,"label":"18 cm"},{"value":114,"label":"19 cm"},{"value":115,"label":"20 cm"}],"pa_spalvos":[{"value":66,"label":"925 sidabras"}],"pa_stilius":[{"value":80,"label":"Minimalistiniai"},{"value":75,"label":"Perlai"}]},"featured_image_src_large":["https:\/\/momentasdesign.com\/wp-content\/uploads\/2025\/11\/leif-925-sidabrine-apyranke-su-perlu-momentas-1-819x1024.webp",819,1024,true],"author_info":[],"comment_info":0,"wcpa_form_fields":null,"_links":{"self":[{"href":"https:\/\/momentasdesign.com\/en\/wp-json\/wp\/v2\/product\/14696","targetHints":{"allow":["GET"]}}],"collection":[{"href":"https:\/\/momentasdesign.com\/en\/wp-json\/wp\/v2\/product"}],"about":[{"href":"https:\/\/momentasdesign.com\/en\/wp-json\/wp\/v2\/types\/product"}],"replies":[{"embeddable":true,"href":"https:\/\/momentasdesign.com\/en\/wp-json\/wp\/v2\/comments?post=14696"}],"wp:featuredmedia":[{"embeddable":true,"href":"https:\/\/momentasdesign.com\/en\/wp-json\/wp\/v2\/media\/14698"}],"wp:attachment":[{"href":"https:\/\/momentasdesign.com\/en\/wp-json\/wp\/v2\/media?parent=14696"}],"wp:term":[{"taxonomy":"product_brand","embeddable":true,"href":"https:\/\/momentasdesign.com\/en\/wp-json\/wp\/v2\/product_brand?post=14696"},{"taxonomy":"product_cat","embeddable":true,"href":"https:\/\/momentasdesign.com\/en\/wp-json\/wp\/v2\/product_cat?post=14696"},{"taxonomy":"product_tag","embeddable":true,"href":"https:\/\/momentasdesign.com\/en\/wp-json\/wp\/v2\/product_tag?post=14696"}],"curies":[{"name":"wp","href":"https:\/\/api.w.org\/{rel}","templated":true}]}}