{"id":14691,"date":"2025-10-07T18:45:07","date_gmt":"2025-10-07T18:45:07","guid":{"rendered":"https:\/\/momentasdesign.com\/?post_type=product&#038;p=14691"},"modified":"2026-04-22T06:39:48","modified_gmt":"2026-04-22T06:39:48","slug":"lija","status":"publish","type":"product","link":"https:\/\/momentasdesign.com\/en\/apyrankes\/lija\/","title":{"rendered":"Tennis &#8216;Lija&#8217;"},"content":{"rendered":"<p>Stilinga \u2018Tennis\u2019 modelio apyrank\u0117 su baltais cirkoniais. Pagaminta i\u0161 925 sidabro.\u00a0 Plotis \u2013 2 mm.<\/p>\n<p>Apyrank\u0117s svoris ~ 3,81 g.<\/p>\n<p>Dydis: 17,8 cm &#8211; 20,3 cm (su prailginama grandin\u0117le)<\/p>\n<p>*The colors and shape of the jewelry items may differ slightly from those shown in the photos<\/p>","protected":false},"excerpt":{"rendered":"<p>Stilinga \u2018Tennis\u2019 modelio apyrank\u0117 su baltais cirkoniais. Pagaminta i\u0161 925 sidabro.\u00a0 Plotis \u2013 2 mm. Apyrank\u0117s svoris ~ 3,81 g. Dydis: 17,8 cm &#8211; 20,3 cm (su prailginama grandin\u0117le) *Papuo\u0161al\u0173 element\u0173 spalvos, svoris ir forma gali ne\u017eymiai skirtis nuo pateikt\u0173 nuotraukose<\/p>","protected":false},"featured_media":14693,"comment_status":"closed","ping_status":"closed","template":"","meta":{"_acf_changed":false,"_gspb_post_css":"","_kad_blocks_custom_css":"","_kad_blocks_head_custom_js":"","_kad_blocks_body_custom_js":"","_kad_blocks_footer_custom_js":"","pgc_sgb_lightbox_settings":""},"product_brand":[],"product_cat":[177,180,159],"product_tag":[],"class_list":{"0":"post-14691","1":"product","2":"type-product","3":"status-publish","4":"has-post-thumbnail","6":"product_cat-apyrankes","7":"product_cat-dovanos-iki-100-eur","8":"product_cat-naujienos","9":"pa_dydis-17-cm","10":"pa_spalvos-925-sidabras","11":"pa_stilius-cirkoniai","12":"pa_stilius-minimalistiniai","14":"first","15":"outofstock","16":"purchasable","17":"product-type-simple"},"acf":[],"taxonomy_info":{"product_cat":[{"value":177,"label":"Apyrank\u0117s"},{"value":180,"label":"Dovanos iki 100 EUR"},{"value":159,"label":"Naujienos"}],"pa_dydis":[{"value":112,"label":"17 cm"}],"pa_spalvos":[{"value":66,"label":"925 sidabras"}],"pa_stilius":[{"value":76,"label":"Cirkoniai"},{"value":80,"label":"Minimalistiniai"}]},"featured_image_src_large":["https:\/\/momentasdesign.com\/wp-content\/uploads\/2025\/11\/Tennis-Lilja-925-sidabrine-apyranke-momentas-4-819x1024.webp",819,1024,true],"author_info":[],"comment_info":0,"wcpa_form_fields":null,"_links":{"self":[{"href":"https:\/\/momentasdesign.com\/en\/wp-json\/wp\/v2\/product\/14691","targetHints":{"allow":["GET"]}}],"collection":[{"href":"https:\/\/momentasdesign.com\/en\/wp-json\/wp\/v2\/product"}],"about":[{"href":"https:\/\/momentasdesign.com\/en\/wp-json\/wp\/v2\/types\/product"}],"replies":[{"embeddable":true,"href":"https:\/\/momentasdesign.com\/en\/wp-json\/wp\/v2\/comments?post=14691"}],"wp:featuredmedia":[{"embeddable":true,"href":"https:\/\/momentasdesign.com\/en\/wp-json\/wp\/v2\/media\/14693"}],"wp:attachment":[{"href":"https:\/\/momentasdesign.com\/en\/wp-json\/wp\/v2\/media?parent=14691"}],"wp:term":[{"taxonomy":"product_brand","embeddable":true,"href":"https:\/\/momentasdesign.com\/en\/wp-json\/wp\/v2\/product_brand?post=14691"},{"taxonomy":"product_cat","embeddable":true,"href":"https:\/\/momentasdesign.com\/en\/wp-json\/wp\/v2\/product_cat?post=14691"},{"taxonomy":"product_tag","embeddable":true,"href":"https:\/\/momentasdesign.com\/en\/wp-json\/wp\/v2\/product_tag?post=14691"}],"curies":[{"name":"wp","href":"https:\/\/api.w.org\/{rel}","templated":true}]}}