{"id":14675,"date":"2025-10-07T16:01:15","date_gmt":"2025-10-07T16:01:15","guid":{"rendered":"https:\/\/momentasdesign.com\/?post_type=product&#038;p=14675"},"modified":"2025-12-19T14:18:40","modified_gmt":"2025-12-19T14:18:40","slug":"odin","status":"publish","type":"product","link":"https:\/\/momentasdesign.com\/en\/apyrankes\/odin\/","title":{"rendered":"&#8216;Odin&#8217; apyrank\u0117"},"content":{"rendered":"<p>Minimalistin\u0117, \u017eavi rank\u0173 darbo apyrank\u0117. Pagaminta i\u0161 hematito akmen\u0173 ir sidabro.<\/p>\n<p>Apyrank\u0117s u\u017esegimas \u2013 karabinas. Prie \u0161io papuo\u0161alo yra dedama prailginama grandin\u0117l\u0117, tad papuo\u0161alas gali pasiilginti ~ 3 cm.<\/p>\n<p>*The colors and shape of the jewelry items may differ slightly from those shown in the photos<\/p>","protected":false},"excerpt":{"rendered":"<p>Minimalistin\u0117, \u017eavi rank\u0173 darbo apyrank\u0117. Pagaminta i\u0161 hematito akmen\u0173 ir sidabro. Apyrank\u0117s u\u017esegimas \u2013 karabinas. Prie \u0161io papuo\u0161alo yra dedama prailginama grandin\u0117l\u0117, tad papuo\u0161alas gali pasiilginti ~ 3 cm. *Papuo\u0161al\u0173 element\u0173 spalvos ir forma gali ne\u017eymiai skirtis nuo pateikt\u0173 nuotraukose<\/p>","protected":false},"featured_media":14687,"comment_status":"closed","ping_status":"closed","template":"","meta":{"_acf_changed":false,"_gspb_post_css":"","_kad_blocks_custom_css":"","_kad_blocks_head_custom_js":"","_kad_blocks_body_custom_js":"","_kad_blocks_footer_custom_js":"","pgc_sgb_lightbox_settings":""},"product_brand":[],"product_cat":[177,180,178,179,159],"product_tag":[185],"class_list":{"0":"post-14675","1":"product","2":"type-product","3":"status-publish","4":"has-post-thumbnail","6":"product_cat-apyrankes","7":"product_cat-dovanos-iki-100-eur","8":"product_cat-dovanos-iki-40-eur","9":"product_cat-dovanos-iki-60-eur","10":"product_cat-naujienos","11":"product_tag-dovanos-iki-60-eur","12":"pa_dydis-15-18-cm","13":"pa_dydis-16-19-cm","14":"pa_dydis-18-21-cm","15":"pa_spalvos-925-sidabras","16":"pa_stilius-minimalistiniai","17":"pa_stilius-unisex","19":"first","20":"instock","21":"featured","22":"purchasable","23":"product-type-variable","24":"has-default-attributes"},"acf":[],"taxonomy_info":{"product_cat":[{"value":177,"label":"Apyrank\u0117s"},{"value":180,"label":"Dovanos iki 100 EUR"},{"value":178,"label":"Dovanos iki 40 EUR"},{"value":179,"label":"Dovanos iki 60 EUR"},{"value":159,"label":"Naujienos"}],"product_tag":[{"value":185,"label":"Dovanos iki 60 EUR"}],"pa_dydis":[{"value":213,"label":"15-18 cm"},{"value":214,"label":"16-19 cm"},{"value":215,"label":"18-21 cm."}],"pa_spalvos":[{"value":66,"label":"925 sidabras"}],"pa_stilius":[{"value":80,"label":"Minimalistiniai"},{"value":77,"label":"Unisex"}]},"featured_image_src_large":["https:\/\/momentasdesign.com\/wp-content\/uploads\/2025\/11\/odin-925-sidabrine-apyranke-hematitas-momentas-1-819x1024.webp",819,1024,true],"author_info":[],"comment_info":0,"wcpa_form_fields":null,"_links":{"self":[{"href":"https:\/\/momentasdesign.com\/en\/wp-json\/wp\/v2\/product\/14675","targetHints":{"allow":["GET"]}}],"collection":[{"href":"https:\/\/momentasdesign.com\/en\/wp-json\/wp\/v2\/product"}],"about":[{"href":"https:\/\/momentasdesign.com\/en\/wp-json\/wp\/v2\/types\/product"}],"replies":[{"embeddable":true,"href":"https:\/\/momentasdesign.com\/en\/wp-json\/wp\/v2\/comments?post=14675"}],"wp:featuredmedia":[{"embeddable":true,"href":"https:\/\/momentasdesign.com\/en\/wp-json\/wp\/v2\/media\/14687"}],"wp:attachment":[{"href":"https:\/\/momentasdesign.com\/en\/wp-json\/wp\/v2\/media?parent=14675"}],"wp:term":[{"taxonomy":"product_brand","embeddable":true,"href":"https:\/\/momentasdesign.com\/en\/wp-json\/wp\/v2\/product_brand?post=14675"},{"taxonomy":"product_cat","embeddable":true,"href":"https:\/\/momentasdesign.com\/en\/wp-json\/wp\/v2\/product_cat?post=14675"},{"taxonomy":"product_tag","embeddable":true,"href":"https:\/\/momentasdesign.com\/en\/wp-json\/wp\/v2\/product_tag?post=14675"}],"curies":[{"name":"wp","href":"https:\/\/api.w.org\/{rel}","templated":true}]}}