{"id":14669,"date":"2025-10-07T15:35:28","date_gmt":"2025-10-07T15:35:28","guid":{"rendered":"https:\/\/momentasdesign.com\/?post_type=product&#038;p=14669"},"modified":"2025-12-19T15:31:12","modified_gmt":"2025-12-19T15:31:12","slug":"oda","status":"publish","type":"product","link":"https:\/\/momentasdesign.com\/en\/kaklo-papuosalai\/oda\/","title":{"rendered":"&#8216;Oda&#8217; v\u0117rinys"},"content":{"rendered":"<p>Stilingas rank\u0173 darbo v\u0117rinys, pagamintas i\u0161 rafi\u0161ko feld\u0161pato akmen\u0173 ir sidabrini\u0173 detali\u0173. Nat\u016bralus kontrastas tarp akmens tekst\u016bros ir \u0161velnaus sidabro spindesio.<\/p>\n<p>V\u0117rinio ilgis &#8211; 38 cm. Prie \u0161io papuo\u0161alo yra dedama prailginama grandin\u0117le, tad papuo\u0161alo ilgis gali reguliuotis + 5 cm.<\/p>\n<p>*The colors and shape of the jewelry items may differ slightly from those shown in the photos<\/p>","protected":false},"excerpt":{"rendered":"<p>Stilingas rank\u0173 darbo v\u0117rinys, pagamintas i\u0161 rafi\u0161ko feld\u0161pato akmen\u0173 ir sidabrini\u0173 detali\u0173. Nat\u016bralus kontrastas tarp akmens tekst\u016bros ir \u0161velnaus sidabro spindesio. V\u0117rinio ilgis &#8211; 38 cm. Prie \u0161io papuo\u0161alo yra dedama prailginama grandin\u0117le, tad papuo\u0161alo ilgis gali reguliuotis + 5 cm. *Papuo\u0161al\u0173 element\u0173 spalvos ir forma gali ne\u017eymiai skirtis nuo pateikt\u0173 nuotraukose<\/p>","protected":false},"featured_media":14674,"comment_status":"closed","ping_status":"closed","template":"","meta":{"_acf_changed":false,"_gspb_post_css":"","_kad_blocks_custom_css":"","_kad_blocks_head_custom_js":"","_kad_blocks_body_custom_js":"","_kad_blocks_footer_custom_js":"","pgc_sgb_lightbox_settings":""},"product_brand":[],"product_cat":[27,180,178,179,159],"product_tag":[184],"class_list":{"0":"post-14669","1":"product","2":"type-product","3":"status-publish","4":"has-post-thumbnail","6":"product_cat-kaklo-papuosalai","7":"product_cat-dovanos-iki-100-eur","8":"product_cat-dovanos-iki-40-eur","9":"product_cat-dovanos-iki-60-eur","10":"product_cat-naujienos","11":"product_tag-dovanos-iki-100-eur","12":"pa_dydis-40-cm","13":"pa_savybes-925-sidabras","14":"pa_spalvos-925-sidabras","15":"pa_stilius-statement","17":"first","18":"instock","19":"purchasable","20":"product-type-simple"},"acf":[],"taxonomy_info":{"product_cat":[{"value":27,"label":"Kaklo papuo\u0161alai"},{"value":180,"label":"Dovanos iki 100 EUR"},{"value":178,"label":"Dovanos iki 40 EUR"},{"value":179,"label":"Dovanos iki 60 EUR"},{"value":159,"label":"Naujienos"}],"product_tag":[{"value":184,"label":"Dovanos iki 100 EUR"}],"pa_dydis":[{"value":99,"label":"40 cm"}],"pa_savybes":[{"value":68,"label":"925 sidabras"}],"pa_spalvos":[{"value":66,"label":"925 sidabras"}],"pa_stilius":[{"value":84,"label":"Statement"}]},"featured_image_src_large":["https:\/\/momentasdesign.com\/wp-content\/uploads\/2025\/11\/oda-verinys-925-sidabras-momentas-4-819x1024.webp",819,1024,true],"author_info":[],"comment_info":0,"wcpa_form_fields":null,"_links":{"self":[{"href":"https:\/\/momentasdesign.com\/en\/wp-json\/wp\/v2\/product\/14669","targetHints":{"allow":["GET"]}}],"collection":[{"href":"https:\/\/momentasdesign.com\/en\/wp-json\/wp\/v2\/product"}],"about":[{"href":"https:\/\/momentasdesign.com\/en\/wp-json\/wp\/v2\/types\/product"}],"replies":[{"embeddable":true,"href":"https:\/\/momentasdesign.com\/en\/wp-json\/wp\/v2\/comments?post=14669"}],"wp:featuredmedia":[{"embeddable":true,"href":"https:\/\/momentasdesign.com\/en\/wp-json\/wp\/v2\/media\/14674"}],"wp:attachment":[{"href":"https:\/\/momentasdesign.com\/en\/wp-json\/wp\/v2\/media?parent=14669"}],"wp:term":[{"taxonomy":"product_brand","embeddable":true,"href":"https:\/\/momentasdesign.com\/en\/wp-json\/wp\/v2\/product_brand?post=14669"},{"taxonomy":"product_cat","embeddable":true,"href":"https:\/\/momentasdesign.com\/en\/wp-json\/wp\/v2\/product_cat?post=14669"},{"taxonomy":"product_tag","embeddable":true,"href":"https:\/\/momentasdesign.com\/en\/wp-json\/wp\/v2\/product_tag?post=14669"}],"curies":[{"name":"wp","href":"https:\/\/api.w.org\/{rel}","templated":true}]}}