{"id":14594,"date":"2025-11-03T15:20:48","date_gmt":"2025-11-03T15:20:48","guid":{"rendered":"https:\/\/momentasdesign.com\/?post_type=product&#038;p=14594"},"modified":"2025-12-02T03:52:04","modified_gmt":"2025-12-02T03:52:04","slug":"astrid","status":"publish","type":"product","link":"https:\/\/momentasdesign.com\/en\/kaklo-papuosalai\/astrid\/","title":{"rendered":"&#8216;Astrid&#8217; 925"},"content":{"rendered":"<p>Minimalist handmade necklace. Made of 925 silver. Certified by the Lithuanian Assay Office.<\/p>\n<p>Pakabuko u\u017esegimas \u2013 karabinas. Prie \u0161io papuo\u0161alo prailginama grandin\u0117le n\u0117ra dedama.<\/p>\n<p>Svoris ~ 1,59 g.<\/p>\n<p>Papuo\u0161alo ilgis &#8211; 40 cm<\/p>\n<p>Sidabrin\u0117s \u017evaig\u017edut\u0117s dydis : 5 mm.<\/p>\n<p>**The colors and shape of the jewelry items may differ slightly from those shown in the photos<\/p>","protected":false},"excerpt":{"rendered":"<p>Minimalistinis rank\u0173 darbo kaklo papuo\u0161alas. Pagaminta i\u0161 925 sidabro. Prabuota Lietuvos prabavimo r\u016bmuose. Pakabuko u\u017esegimas \u2013 karabinas. Prie \u0161io papuo\u0161alo prailginama grandin\u0117le n\u0117ra dedama. Svoris ~ 1,59 g. Papuo\u0161alo ilgis &#8211; 40 cm Sidabrin\u0117s \u017evaig\u017edut\u0117s dydis : 5 mm. ** Papuo\u0161al\u0173 element\u0173 spalvos ir forma gali ne\u017eymiai skirtis nuo pateikt\u0173 nuotraukose<\/p>","protected":false},"featured_media":14598,"comment_status":"closed","ping_status":"closed","template":"","meta":{"_acf_changed":false,"_gspb_post_css":"","_kad_blocks_custom_css":"","_kad_blocks_head_custom_js":"","_kad_blocks_body_custom_js":"","_kad_blocks_footer_custom_js":"","pgc_sgb_lightbox_settings":""},"product_brand":[],"product_cat":[27,180,179,159],"product_tag":[],"class_list":{"0":"post-14594","1":"product","2":"type-product","3":"status-publish","4":"has-post-thumbnail","6":"product_cat-kaklo-papuosalai","7":"product_cat-dovanos-iki-100-eur","8":"product_cat-dovanos-iki-60-eur","9":"product_cat-naujienos","10":"pa_dydis-40-cm","11":"pa_spalvos-925-sidabras","12":"pa_stilius-minimalistiniai","14":"first","15":"instock","16":"purchasable","17":"product-type-simple"},"acf":[],"taxonomy_info":{"product_cat":[{"value":27,"label":"Kaklo papuo\u0161alai"},{"value":180,"label":"Dovanos iki 100 EUR"},{"value":179,"label":"Dovanos iki 60 EUR"},{"value":159,"label":"Naujienos"}],"pa_dydis":[{"value":99,"label":"40 cm"}],"pa_spalvos":[{"value":66,"label":"925 sidabras"}],"pa_stilius":[{"value":80,"label":"Minimalistiniai"}]},"featured_image_src_large":["https:\/\/momentasdesign.com\/wp-content\/uploads\/2025\/11\/astrid-925-sidabrinis-kaklo-papuosalas-momentas-4-819x1024.webp",819,1024,true],"author_info":[],"comment_info":0,"wcpa_form_fields":null,"_links":{"self":[{"href":"https:\/\/momentasdesign.com\/en\/wp-json\/wp\/v2\/product\/14594","targetHints":{"allow":["GET"]}}],"collection":[{"href":"https:\/\/momentasdesign.com\/en\/wp-json\/wp\/v2\/product"}],"about":[{"href":"https:\/\/momentasdesign.com\/en\/wp-json\/wp\/v2\/types\/product"}],"replies":[{"embeddable":true,"href":"https:\/\/momentasdesign.com\/en\/wp-json\/wp\/v2\/comments?post=14594"}],"wp:featuredmedia":[{"embeddable":true,"href":"https:\/\/momentasdesign.com\/en\/wp-json\/wp\/v2\/media\/14598"}],"wp:attachment":[{"href":"https:\/\/momentasdesign.com\/en\/wp-json\/wp\/v2\/media?parent=14594"}],"wp:term":[{"taxonomy":"product_brand","embeddable":true,"href":"https:\/\/momentasdesign.com\/en\/wp-json\/wp\/v2\/product_brand?post=14594"},{"taxonomy":"product_cat","embeddable":true,"href":"https:\/\/momentasdesign.com\/en\/wp-json\/wp\/v2\/product_cat?post=14594"},{"taxonomy":"product_tag","embeddable":true,"href":"https:\/\/momentasdesign.com\/en\/wp-json\/wp\/v2\/product_tag?post=14594"}],"curies":[{"name":"wp","href":"https:\/\/api.w.org\/{rel}","templated":true}]}}