{"id":14589,"date":"2025-11-03T15:02:16","date_gmt":"2025-11-03T15:02:16","guid":{"rendered":"https:\/\/momentasdesign.com\/?post_type=product&#038;p=14589"},"modified":"2026-04-23T07:14:20","modified_gmt":"2026-04-23T07:14:20","slug":"toke","status":"publish","type":"product","link":"https:\/\/momentasdesign.com\/en\/kaklo-papuosalai\/toke\/","title":{"rendered":"&#8216;Toke&#8217; 925"},"content":{"rendered":"<p>Minimalist handmade necklace. Made of 925 silver. Certified by the Lithuanian Assay Office.<\/p>\n<p>Pakabuko u\u017esegimas \u2013 karabinas. Prie \u0161io papuo\u0161alo yra dedama prailginama grandin\u0117le, tad papuo\u0161alas gali pasiilginti apie 5 cm.<\/p>\n<p>Svoris ~ 1,59 g.<\/p>\n<p>Papuo\u0161alo ilgis &#8211; 40 cm (su prailginama grandin\u0117l\u0117 \u00b1 45 cm).<\/p>\n<p>Sidabrin\u0117s \u0161irdel\u0117s dydis : 7 mm.<\/p>\n<p>**The colors and shape of the jewelry items may differ slightly from those shown in the photos<\/p>","protected":false},"excerpt":{"rendered":"<p>Minimalistinis rank\u0173 darbo kaklo papuo\u0161alas. Pagaminta i\u0161 925 sidabro. Prabuota Lietuvos prabavimo r\u016bmuose. Pakabuko u\u017esegimas \u2013 karabinas. Prie \u0161io papuo\u0161alo yra dedama prailginama grandin\u0117le, tad papuo\u0161alas gali pasiilginti apie 5 cm. Svoris ~ 1,59 g. Papuo\u0161alo ilgis &#8211; 40 cm (su prailginama grandin\u0117l\u0117 \u00b1 45 cm). Sidabrin\u0117s \u0161irdel\u0117s dydis : 7 mm. ** Papuo\u0161al\u0173 element\u0173 [&hellip;]<\/p>","protected":false},"featured_media":14592,"comment_status":"closed","ping_status":"closed","template":"","meta":{"_acf_changed":false,"_gspb_post_css":"","_kad_blocks_custom_css":"","_kad_blocks_head_custom_js":"","_kad_blocks_body_custom_js":"","_kad_blocks_footer_custom_js":"","pgc_sgb_lightbox_settings":""},"product_brand":[],"product_cat":[27,180,179,159],"product_tag":[],"class_list":{"0":"post-14589","1":"product","2":"type-product","3":"status-publish","4":"has-post-thumbnail","6":"product_cat-kaklo-papuosalai","7":"product_cat-dovanos-iki-100-eur","8":"product_cat-dovanos-iki-60-eur","9":"product_cat-naujienos","10":"pa_spalvos-925-sidabras","11":"pa_stilius-statement","13":"first","14":"outofstock","15":"purchasable","16":"product-type-simple"},"acf":[],"taxonomy_info":{"product_cat":[{"value":27,"label":"Kaklo papuo\u0161alai"},{"value":180,"label":"Dovanos iki 100 EUR"},{"value":179,"label":"Dovanos iki 60 EUR"},{"value":159,"label":"Naujienos"}],"pa_spalvos":[{"value":66,"label":"925 sidabras"}],"pa_stilius":[{"value":84,"label":"Statement"}]},"featured_image_src_large":["https:\/\/momentasdesign.com\/wp-content\/uploads\/2025\/11\/toke-925-sidabrinis-kaklo-papuosalas-momentas-1-819x1024.webp",819,1024,true],"author_info":[],"comment_info":0,"wcpa_form_fields":null,"_links":{"self":[{"href":"https:\/\/momentasdesign.com\/en\/wp-json\/wp\/v2\/product\/14589","targetHints":{"allow":["GET"]}}],"collection":[{"href":"https:\/\/momentasdesign.com\/en\/wp-json\/wp\/v2\/product"}],"about":[{"href":"https:\/\/momentasdesign.com\/en\/wp-json\/wp\/v2\/types\/product"}],"replies":[{"embeddable":true,"href":"https:\/\/momentasdesign.com\/en\/wp-json\/wp\/v2\/comments?post=14589"}],"wp:featuredmedia":[{"embeddable":true,"href":"https:\/\/momentasdesign.com\/en\/wp-json\/wp\/v2\/media\/14592"}],"wp:attachment":[{"href":"https:\/\/momentasdesign.com\/en\/wp-json\/wp\/v2\/media?parent=14589"}],"wp:term":[{"taxonomy":"product_brand","embeddable":true,"href":"https:\/\/momentasdesign.com\/en\/wp-json\/wp\/v2\/product_brand?post=14589"},{"taxonomy":"product_cat","embeddable":true,"href":"https:\/\/momentasdesign.com\/en\/wp-json\/wp\/v2\/product_cat?post=14589"},{"taxonomy":"product_tag","embeddable":true,"href":"https:\/\/momentasdesign.com\/en\/wp-json\/wp\/v2\/product_tag?post=14589"}],"curies":[{"name":"wp","href":"https:\/\/api.w.org\/{rel}","templated":true}]}}