{"id":14552,"date":"2025-10-31T14:58:55","date_gmt":"2025-10-31T14:58:55","guid":{"rendered":"https:\/\/momentasdesign.com\/?post_type=product&#038;p=14552"},"modified":"2025-12-02T03:52:00","modified_gmt":"2025-12-02T03:52:00","slug":"thora","status":"publish","type":"product","link":"https:\/\/momentasdesign.com\/en\/kaklo-papuosalai\/thora\/","title":{"rendered":"&#8216;Thora&#8217; 925"},"content":{"rendered":"<p>Minimalistinis rank\u0173 darbo kaklo papuo\u0161alas. Pagaminta i\u0161 925 sidabro.<\/p>\n<p>Pakabuko u\u017esegimas \u2013 karabinas. Prie \u0161io papuo\u0161alo yra dedama prailginama grandin\u0117le, tad papuo\u0161alas gali pasiilginti apie 4 cm.<\/p>\n<p>Svoris ~ 1,59 g.<\/p>\n<p>Papuo\u0161alo ilgis &#8211; 38 cm (su prailginama grandin\u0117l\u0117 \u00b1 44 cm).<\/p>\n<p>Sidabrin\u0117s detal\u0117s dydis: 2 cm<\/p>\n<p>* Papuo\u0161al\u0173 element\u0173 spalvos ir forma gali ne\u017eymiai skirtis nuo pateikt\u0173 nuotraukose<\/p>","protected":false},"excerpt":{"rendered":"<p>Minimalistinis rank\u0173 darbo kaklo papuo\u0161alas. Pagaminta i\u0161 925 sidabro. Pakabuko u\u017esegimas \u2013 karabinas. Prie \u0161io papuo\u0161alo yra dedama prailginama grandin\u0117le, tad papuo\u0161alas gali pasiilginti apie 4 cm. Svoris ~ 1,59 g. Papuo\u0161alo ilgis &#8211; 38 cm (su prailginama grandin\u0117l\u0117 \u00b1 44 cm). Sidabrin\u0117s detal\u0117s dydis: 2 cm * Papuo\u0161al\u0173 element\u0173 spalvos ir forma gali ne\u017eymiai [&hellip;]<\/p>","protected":false},"featured_media":14555,"comment_status":"closed","ping_status":"closed","template":"","meta":{"_acf_changed":false,"_gspb_post_css":"","_kad_blocks_custom_css":"","_kad_blocks_head_custom_js":"","_kad_blocks_body_custom_js":"","_kad_blocks_footer_custom_js":"","pgc_sgb_lightbox_settings":""},"product_brand":[],"product_cat":[27,180,179,159],"product_tag":[],"class_list":{"0":"post-14552","1":"product","2":"type-product","3":"status-publish","4":"has-post-thumbnail","6":"product_cat-kaklo-papuosalai","7":"product_cat-dovanos-iki-100-eur","8":"product_cat-dovanos-iki-60-eur","9":"product_cat-naujienos","10":"pa_dydis-40-cm","11":"pa_spalvos-925-sidabras","12":"pa_stilius-minimalistiniai","13":"pa_stilius-unisex","15":"first","16":"instock","17":"purchasable","18":"product-type-simple"},"acf":[],"taxonomy_info":{"product_cat":[{"value":27,"label":"Kaklo papuo\u0161alai"},{"value":180,"label":"Dovanos iki 100 EUR"},{"value":179,"label":"Dovanos iki 60 EUR"},{"value":159,"label":"Naujienos"}],"pa_dydis":[{"value":99,"label":"40 cm"}],"pa_spalvos":[{"value":66,"label":"925 sidabras"}],"pa_stilius":[{"value":80,"label":"Minimalistiniai"},{"value":77,"label":"Unisex"}]},"featured_image_src_large":["https:\/\/momentasdesign.com\/wp-content\/uploads\/2025\/10\/thora-925-sidabrinis-kaklo-papuosalas-momentas-2-819x1024.webp",819,1024,true],"author_info":[],"comment_info":0,"wcpa_form_fields":null,"_links":{"self":[{"href":"https:\/\/momentasdesign.com\/en\/wp-json\/wp\/v2\/product\/14552","targetHints":{"allow":["GET"]}}],"collection":[{"href":"https:\/\/momentasdesign.com\/en\/wp-json\/wp\/v2\/product"}],"about":[{"href":"https:\/\/momentasdesign.com\/en\/wp-json\/wp\/v2\/types\/product"}],"replies":[{"embeddable":true,"href":"https:\/\/momentasdesign.com\/en\/wp-json\/wp\/v2\/comments?post=14552"}],"wp:featuredmedia":[{"embeddable":true,"href":"https:\/\/momentasdesign.com\/en\/wp-json\/wp\/v2\/media\/14555"}],"wp:attachment":[{"href":"https:\/\/momentasdesign.com\/en\/wp-json\/wp\/v2\/media?parent=14552"}],"wp:term":[{"taxonomy":"product_brand","embeddable":true,"href":"https:\/\/momentasdesign.com\/en\/wp-json\/wp\/v2\/product_brand?post=14552"},{"taxonomy":"product_cat","embeddable":true,"href":"https:\/\/momentasdesign.com\/en\/wp-json\/wp\/v2\/product_cat?post=14552"},{"taxonomy":"product_tag","embeddable":true,"href":"https:\/\/momentasdesign.com\/en\/wp-json\/wp\/v2\/product_tag?post=14552"}],"curies":[{"name":"wp","href":"https:\/\/api.w.org\/{rel}","templated":true}]}}