{"id":14518,"date":"2025-10-27T12:03:42","date_gmt":"2025-10-27T12:03:42","guid":{"rendered":"https:\/\/momentasdesign.com\/?post_type=product&#038;p=14518"},"modified":"2026-04-10T07:42:41","modified_gmt":"2026-04-10T07:42:41","slug":"dvieju-papuosalu-rinkinys-lin","status":"publish","type":"product","link":"https:\/\/momentasdesign.com\/en\/rinkiniai\/dvieju-papuosalu-rinkinys-lin\/","title":{"rendered":"Rinkinys &#8216;Liv&#8217;"},"content":{"rendered":"<p style=\"white-space: pre-wrap;\">Dviej\u0173 kaklo papuo\u0161al\u0173 derinys. Trumpesnis papuo\u0161alas nuotraukoje <a href=\"https:\/\/momentasdesign.com\/en\/kaklo-papuosalai\/liv\/\" target=\"_blank\" rel=\"noopener\"><strong>&#8216;Liv&#8217;<\/strong><\/a> 35 cm. (su prailginama grandin\u0117le \u00b1 38 cm.). Ilgesnis papuo\u0161alas nuotraukoje <a href=\"https:\/\/momentasdesign.com\/en\/kaklo-papuosalai\/klara\/\" target=\"_blank\" rel=\"noopener\"><strong>&#8216;Karla&#8217;<\/strong><\/a> 40 cm. (su prailginama grandin\u0117le \u00b1 43 cm.). Pagaminta i\u0161 925 sidabro.<\/p>\n<p style=\"white-space: pre-wrap;\"><strong>Rinkinio vert\u0117 \u2013 99,80 Eur.<\/strong><\/p>\n<p style=\"white-space: pre-wrap;\">*The colors and shape of the jewelry items may differ slightly from those shown in the photos<\/p>","protected":false},"excerpt":{"rendered":"<p>Dviej\u0173 kaklo papuo\u0161al\u0173 derinys. Trumpesnis papuo\u0161alas nuotraukoje &#8216;Liv&#8217; 35 cm. (su prailginama grandin\u0117le \u00b1 38 cm.). Ilgesnis papuo\u0161alas nuotraukoje &#8216;Karla&#8217; 40 cm. (su prailginama grandin\u0117le \u00b1 43 cm.). Pagaminta i\u0161 925 sidabro. Rinkinio vert\u0117 \u2013 99,80 Eur. *Papuo\u0161al\u0173 element\u0173 spalvos ir forma gali ne\u017eymiai skirtis nuo pateikt\u0173 nuotraukose<\/p>","protected":false},"featured_media":14509,"comment_status":"closed","ping_status":"closed","template":"","meta":{"_acf_changed":false,"_gspb_post_css":"","_kad_blocks_custom_css":"","_kad_blocks_head_custom_js":"","_kad_blocks_body_custom_js":"","_kad_blocks_footer_custom_js":"","pgc_sgb_lightbox_settings":""},"product_brand":[],"product_cat":[162,27,180,218,159],"product_tag":[],"class_list":{"0":"post-14518","1":"product","2":"type-product","3":"status-publish","4":"has-post-thumbnail","6":"product_cat-rinkiniai","7":"product_cat-kaklo-papuosalai","8":"product_cat-dovanos-iki-100-eur","9":"product_cat-matching-gifts","10":"product_cat-naujienos","11":"pa_dydis-35-cm","12":"pa_dydis-40-cm","13":"pa_savybes-populiariausi","14":"pa_spalvos-925-sidabras","15":"pa_stilius-minimalistiniai","17":"first","18":"instock","19":"purchasable","20":"product-type-simple"},"acf":[],"taxonomy_info":{"product_cat":[{"value":162,"label":"Rinkiniai"},{"value":27,"label":"Kaklo papuo\u0161alai"},{"value":180,"label":"Dovanos iki 100 EUR"},{"value":218,"label":"matching gifts"},{"value":159,"label":"Naujienos"}],"pa_dydis":[{"value":105,"label":"35 cm"},{"value":99,"label":"40 cm"}],"pa_savybes":[{"value":86,"label":"Populiariausi"}],"pa_spalvos":[{"value":66,"label":"925 sidabras"}],"pa_stilius":[{"value":80,"label":"Minimalistiniai"}]},"featured_image_src_large":["https:\/\/momentasdesign.com\/wp-content\/uploads\/2025\/10\/lin-925-sidabrinis-kaklo-papuosalas-momentas-2-819x1024.webp",819,1024,true],"author_info":[],"comment_info":0,"wcpa_form_fields":null,"_links":{"self":[{"href":"https:\/\/momentasdesign.com\/en\/wp-json\/wp\/v2\/product\/14518","targetHints":{"allow":["GET"]}}],"collection":[{"href":"https:\/\/momentasdesign.com\/en\/wp-json\/wp\/v2\/product"}],"about":[{"href":"https:\/\/momentasdesign.com\/en\/wp-json\/wp\/v2\/types\/product"}],"replies":[{"embeddable":true,"href":"https:\/\/momentasdesign.com\/en\/wp-json\/wp\/v2\/comments?post=14518"}],"wp:featuredmedia":[{"embeddable":true,"href":"https:\/\/momentasdesign.com\/en\/wp-json\/wp\/v2\/media\/14509"}],"wp:attachment":[{"href":"https:\/\/momentasdesign.com\/en\/wp-json\/wp\/v2\/media?parent=14518"}],"wp:term":[{"taxonomy":"product_brand","embeddable":true,"href":"https:\/\/momentasdesign.com\/en\/wp-json\/wp\/v2\/product_brand?post=14518"},{"taxonomy":"product_cat","embeddable":true,"href":"https:\/\/momentasdesign.com\/en\/wp-json\/wp\/v2\/product_cat?post=14518"},{"taxonomy":"product_tag","embeddable":true,"href":"https:\/\/momentasdesign.com\/en\/wp-json\/wp\/v2\/product_tag?post=14518"}],"curies":[{"name":"wp","href":"https:\/\/api.w.org\/{rel}","templated":true}]}}