{"id":14505,"date":"2025-10-27T10:32:12","date_gmt":"2025-10-27T10:32:12","guid":{"rendered":"https:\/\/momentasdesign.com\/?post_type=product&#038;p=14505"},"modified":"2026-01-05T11:38:41","modified_gmt":"2026-01-05T11:38:41","slug":"liv","status":"publish","type":"product","link":"https:\/\/momentasdesign.com\/en\/kaklo-papuosalai\/liv\/","title":{"rendered":"&#8216;Liv&#8217; 925 kaklo papuo\u0161alas"},"content":{"rendered":"<p>Minimalistinis rank\u0173 darbo kaklo papuo\u0161alas. Pagaminta i\u0161 925 sidabro.<\/p>\n<p>Pakabuko u\u017esegimas \u2013 karabinas. Prie \u0161io papuo\u0161alo yra dedama prailginama grandin\u0117le, tad papuo\u0161alas gali pasiilginti apie 3 cm.<\/p>\n<p>Svoris ~ 1,59 g.<\/p>\n<p>Papuo\u0161alo ilgis &#8211; 35 cm (su prailginama grandin\u0117l\u0117 \u00b1 38 cm).<\/p>\n<p>Nuotraukoje kaklo papuo\u0161alas d\u0117vimas kartu su Klara kaklo papuo\u0161alu. \u0160i\u0173 papuo\u0161al\u0173 rinkin\u012f galite rasti <a href=\"https:\/\/momentasdesign.com\/en\/rinkiniai\/dvieju-papuosalu-rinkinys-lin\/\" target=\"_blank\" rel=\"noopener\"><strong>here.<\/strong><\/a><\/p>\n<p>**The colors and shape of the jewelry items may differ slightly from those shown in the photos<\/p>","protected":false},"excerpt":{"rendered":"<p>Minimalistinis rank\u0173 darbo kaklo papuo\u0161alas. Pagaminta i\u0161 925 sidabro. Pakabuko u\u017esegimas \u2013 karabinas. Prie \u0161io papuo\u0161alo yra dedama prailginama grandin\u0117le, tad papuo\u0161alas gali pasiilginti apie 3 cm. Svoris ~ 1,59 g. Papuo\u0161alo ilgis &#8211; 35 cm (su prailginama grandin\u0117l\u0117 \u00b1 38 cm). Nuotraukoje kaklo papuo\u0161alas d\u0117vimas kartu su Klara kaklo papuo\u0161alu. \u0160i\u0173 papuo\u0161al\u0173 rinkin\u012f galite [&hellip;]<\/p>","protected":false},"featured_media":14508,"comment_status":"closed","ping_status":"closed","template":"","meta":{"_acf_changed":false,"_gspb_post_css":"","_kad_blocks_custom_css":"","_kad_blocks_head_custom_js":"","_kad_blocks_body_custom_js":"","_kad_blocks_footer_custom_js":"","pgc_sgb_lightbox_settings":""},"product_brand":[],"product_cat":[27,180,178,179,218,159],"product_tag":[],"class_list":{"0":"post-14505","1":"product","2":"type-product","3":"status-publish","4":"has-post-thumbnail","6":"product_cat-kaklo-papuosalai","7":"product_cat-dovanos-iki-100-eur","8":"product_cat-dovanos-iki-40-eur","9":"product_cat-dovanos-iki-60-eur","10":"product_cat-matching-gifts","11":"product_cat-naujienos","12":"pa_dydis-35-cm","13":"pa_spalvos-925-sidabras","14":"pa_stilius-minimalistiniai","16":"first","17":"instock","18":"purchasable","19":"product-type-simple"},"acf":[],"taxonomy_info":{"product_cat":[{"value":27,"label":"Kaklo papuo\u0161alai"},{"value":180,"label":"Dovanos iki 100 EUR"},{"value":178,"label":"Dovanos iki 40 EUR"},{"value":179,"label":"Dovanos iki 60 EUR"},{"value":218,"label":"matching gifts"},{"value":159,"label":"Naujienos"}],"pa_dydis":[{"value":105,"label":"35 cm"}],"pa_spalvos":[{"value":66,"label":"925 sidabras"}],"pa_stilius":[{"value":80,"label":"Minimalistiniai"}]},"featured_image_src_large":["https:\/\/momentasdesign.com\/wp-content\/uploads\/2025\/10\/lin-925-sidabrinis-kaklo-papuosalas-momentas--819x1024.webp",819,1024,true],"author_info":[],"comment_info":0,"wcpa_form_fields":null,"_links":{"self":[{"href":"https:\/\/momentasdesign.com\/en\/wp-json\/wp\/v2\/product\/14505","targetHints":{"allow":["GET"]}}],"collection":[{"href":"https:\/\/momentasdesign.com\/en\/wp-json\/wp\/v2\/product"}],"about":[{"href":"https:\/\/momentasdesign.com\/en\/wp-json\/wp\/v2\/types\/product"}],"replies":[{"embeddable":true,"href":"https:\/\/momentasdesign.com\/en\/wp-json\/wp\/v2\/comments?post=14505"}],"wp:featuredmedia":[{"embeddable":true,"href":"https:\/\/momentasdesign.com\/en\/wp-json\/wp\/v2\/media\/14508"}],"wp:attachment":[{"href":"https:\/\/momentasdesign.com\/en\/wp-json\/wp\/v2\/media?parent=14505"}],"wp:term":[{"taxonomy":"product_brand","embeddable":true,"href":"https:\/\/momentasdesign.com\/en\/wp-json\/wp\/v2\/product_brand?post=14505"},{"taxonomy":"product_cat","embeddable":true,"href":"https:\/\/momentasdesign.com\/en\/wp-json\/wp\/v2\/product_cat?post=14505"},{"taxonomy":"product_tag","embeddable":true,"href":"https:\/\/momentasdesign.com\/en\/wp-json\/wp\/v2\/product_tag?post=14505"}],"curies":[{"name":"wp","href":"https:\/\/api.w.org\/{rel}","templated":true}]}}