{"id":12825,"date":"2024-11-21T09:17:30","date_gmt":"2024-11-21T09:17:30","guid":{"rendered":"https:\/\/momentasdesign.com\/?post_type=product&#038;p=12825"},"modified":"2026-02-28T12:32:10","modified_gmt":"2026-02-28T12:32:10","slug":"harro","status":"publish","type":"product","link":"https:\/\/momentasdesign.com\/en\/ziedai\/harro\/","title":{"rendered":"&#8216;Harro&#8217; 925 sidabrinis \u017eiedas"},"content":{"rendered":"<p>Stylish silver ring made of 925 silver.Certified by the Lithuanian Assay Office.<\/p>\n<p>\u017diedo svoris ~ 6,24 g. (svoris kinta nuo pasirinkto dyd\u017eio).<\/p>\n<p>\u017diedo plotis &#8211; 1,6 cm.<\/p>\n<p class=\"translation-block\">Don't know your ring size? Information on how to find your ring size can be found here.<\/p>\n<p>*The colors and shape of the jewelry items may differ slightly from those shown in the photos<\/p>","protected":false},"excerpt":{"rendered":"<p>Stilingas sidabrinis \u017eiedas, pagaminta i\u0161 925 sidabro. Prabuota Lietuvos prabavimo r\u016bmuose. \u017diedo svoris ~ 6,24 g. (svoris kinta nuo pasirinkto dyd\u017eio). \u017diedo plotis &#8211; 1,6 cm. Ne\u017einai savo \u017eiedo dyd\u017eio? Informacij\u0105 kaip surasti savo \u017eiedo dyd\u012f rasi \u010dia. *Papuo\u0161al\u0173 element\u0173 spalvos ir forma gali ne\u017eymiai skirtis nuo pateikt\u0173 nuotraukose<\/p>","protected":false},"featured_media":12836,"comment_status":"closed","ping_status":"closed","template":"","meta":{"_acf_changed":false,"_gspb_post_css":"","_kad_blocks_custom_css":"","_kad_blocks_head_custom_js":"","_kad_blocks_body_custom_js":"","_kad_blocks_footer_custom_js":"","pgc_sgb_lightbox_settings":""},"product_brand":[],"product_cat":[161,180,202],"product_tag":[],"class_list":{"0":"post-12825","1":"product","2":"type-product","3":"status-publish","4":"has-post-thumbnail","6":"product_cat-ziedai","7":"product_cat-dovanos-iki-100-eur","8":"product_cat-ispardavimas","9":"pa_dydis-6-16","10":"pa_dydis-7-17","11":"pa_dydis-8-18","12":"pa_dydis-9-19","13":"pa_spalvos-925-sidabras","14":"pa_stilius-statement","16":"first","17":"instock","18":"sale","19":"purchasable","20":"product-type-variable"},"acf":[],"taxonomy_info":{"product_cat":[{"value":161,"label":"\u017diedai"},{"value":180,"label":"Dovanos iki 100 EUR"},{"value":202,"label":"I\u0161pardavimas"}],"pa_dydis":[{"value":204,"label":"6 (16)"},{"value":205,"label":"7 (17)"},{"value":206,"label":"8 (18)"},{"value":207,"label":"9 (19)"}],"pa_spalvos":[{"value":66,"label":"925 sidabras"}],"pa_stilius":[{"value":84,"label":"Statement"}]},"featured_image_src_large":["https:\/\/momentasdesign.com\/wp-content\/uploads\/2024\/11\/Harro-925-sidabrinis-ziedas-momentas-7-819x1024.webp",819,1024,true],"author_info":[],"comment_info":0,"wcpa_form_fields":null,"_links":{"self":[{"href":"https:\/\/momentasdesign.com\/en\/wp-json\/wp\/v2\/product\/12825","targetHints":{"allow":["GET"]}}],"collection":[{"href":"https:\/\/momentasdesign.com\/en\/wp-json\/wp\/v2\/product"}],"about":[{"href":"https:\/\/momentasdesign.com\/en\/wp-json\/wp\/v2\/types\/product"}],"replies":[{"embeddable":true,"href":"https:\/\/momentasdesign.com\/en\/wp-json\/wp\/v2\/comments?post=12825"}],"wp:featuredmedia":[{"embeddable":true,"href":"https:\/\/momentasdesign.com\/en\/wp-json\/wp\/v2\/media\/12836"}],"wp:attachment":[{"href":"https:\/\/momentasdesign.com\/en\/wp-json\/wp\/v2\/media?parent=12825"}],"wp:term":[{"taxonomy":"product_brand","embeddable":true,"href":"https:\/\/momentasdesign.com\/en\/wp-json\/wp\/v2\/product_brand?post=12825"},{"taxonomy":"product_cat","embeddable":true,"href":"https:\/\/momentasdesign.com\/en\/wp-json\/wp\/v2\/product_cat?post=12825"},{"taxonomy":"product_tag","embeddable":true,"href":"https:\/\/momentasdesign.com\/en\/wp-json\/wp\/v2\/product_tag?post=12825"}],"curies":[{"name":"wp","href":"https:\/\/api.w.org\/{rel}","templated":true}]}}