{"id":12731,"date":"2024-11-20T14:39:39","date_gmt":"2024-11-20T14:39:39","guid":{"rendered":"https:\/\/momentasdesign.com\/?post_type=product&#038;p=12731"},"modified":"2026-04-16T12:25:21","modified_gmt":"2026-04-16T12:25:21","slug":"hollie","status":"publish","type":"product","link":"https:\/\/momentasdesign.com\/en\/auskarai\/hollie\/","title":{"rendered":"&#8216;Hollie&#8217; 925 sidabriniai auskarai"},"content":{"rendered":"<p>\u017dav\u016bs, stilingi 925 sidabriniai auskarai. Pagaminta i\u0161 925 sidabro ir cirkoni\u0173. Prabuota Lietuvos prabavimo r\u016bmuose.<\/p>\n<p>Dydis: 1,5 cm.<\/p>\n<p>Auskar\u0173 svoris ~ 3,40 g.<\/p>\n<p>*The colors and shape of the jewelry items may differ slightly from those shown in the photos<\/p>","protected":false},"excerpt":{"rendered":"<p>\u017dav\u016bs, stilingi 925 sidabriniai auskarai. Pagaminta i\u0161 925 sidabro ir cirkoni\u0173. Prabuota Lietuvos prabavimo r\u016bmuose. Dydis: 1,5 cm. Auskar\u0173 svoris ~ 3,40 g. *Papuo\u0161al\u0173 element\u0173 spalvos ir forma gali ne\u017eymiai skirtis nuo pateikt\u0173 nuotraukose<\/p>","protected":false},"featured_media":12736,"comment_status":"closed","ping_status":"closed","template":"","meta":{"_acf_changed":false,"_gspb_post_css":"","_kad_blocks_custom_css":"","_kad_blocks_head_custom_js":"","_kad_blocks_body_custom_js":"","_kad_blocks_footer_custom_js":"","pgc_sgb_lightbox_settings":""},"product_brand":[],"product_cat":[160,180],"product_tag":[],"class_list":{"0":"post-12731","1":"product","2":"type-product","3":"status-publish","4":"has-post-thumbnail","6":"product_cat-auskarai","7":"product_cat-dovanos-iki-100-eur","8":"pa_spalvos-925-sidabras","9":"pa_stilius-cirkoniai","10":"pa_stilius-hoops","11":"pa_stilius-statement","12":"pa_stilius-unisex","14":"first","15":"onbackorder","16":"purchasable","17":"product-type-simple"},"acf":[],"taxonomy_info":{"product_cat":[{"value":160,"label":"Auskarai"},{"value":180,"label":"Dovanos iki 100 EUR"}],"pa_spalvos":[{"value":66,"label":"925 sidabras"}],"pa_stilius":[{"value":76,"label":"Cirkoniai"},{"value":82,"label":"Hoops"},{"value":84,"label":"Statement"},{"value":77,"label":"Unisex"}]},"featured_image_src_large":["https:\/\/momentasdesign.com\/wp-content\/uploads\/2024\/11\/hollie-925-sidabriniai-auskarai-su-cirkoniai-momentas06-819x1024.webp",819,1024,true],"author_info":[],"comment_info":0,"wcpa_form_fields":null,"_links":{"self":[{"href":"https:\/\/momentasdesign.com\/en\/wp-json\/wp\/v2\/product\/12731","targetHints":{"allow":["GET"]}}],"collection":[{"href":"https:\/\/momentasdesign.com\/en\/wp-json\/wp\/v2\/product"}],"about":[{"href":"https:\/\/momentasdesign.com\/en\/wp-json\/wp\/v2\/types\/product"}],"replies":[{"embeddable":true,"href":"https:\/\/momentasdesign.com\/en\/wp-json\/wp\/v2\/comments?post=12731"}],"wp:featuredmedia":[{"embeddable":true,"href":"https:\/\/momentasdesign.com\/en\/wp-json\/wp\/v2\/media\/12736"}],"wp:attachment":[{"href":"https:\/\/momentasdesign.com\/en\/wp-json\/wp\/v2\/media?parent=12731"}],"wp:term":[{"taxonomy":"product_brand","embeddable":true,"href":"https:\/\/momentasdesign.com\/en\/wp-json\/wp\/v2\/product_brand?post=12731"},{"taxonomy":"product_cat","embeddable":true,"href":"https:\/\/momentasdesign.com\/en\/wp-json\/wp\/v2\/product_cat?post=12731"},{"taxonomy":"product_tag","embeddable":true,"href":"https:\/\/momentasdesign.com\/en\/wp-json\/wp\/v2\/product_tag?post=12731"}],"curies":[{"name":"wp","href":"https:\/\/api.w.org\/{rel}","templated":true}]}}