{"id":12673,"date":"2024-11-20T12:37:33","date_gmt":"2024-11-20T12:37:33","guid":{"rendered":"https:\/\/momentasdesign.com\/?post_type=product&#038;p=12673"},"modified":"2025-12-09T14:51:33","modified_gmt":"2025-12-09T14:51:33","slug":"nora","status":"publish","type":"product","link":"https:\/\/momentasdesign.com\/en\/apyrankes\/nora\/","title":{"rendered":"&#8216;Nora&#8217; 925 sidabrin\u0117 apyrank\u0117"},"content":{"rendered":"<p>Minimal and charming handmade bracelet. Made of 925 silver. Certified by the Lithuanian Assay Office.<\/p>\n<p>Apyrank\u0117s dydis reguliuojamas prailginamos grandin\u0117l\u0117s pagalba. Apyrank\u0117 tinkama nuo 15 cm iki 18 cm dyd\u017eio rie\u0161ui.<\/p>\n<p>Svoris ~ 0,91 g.<\/p>\n<p>\u0160irdel\u0117s dydis: 8 mm.<\/p>\n<p>*The colors and shape of the jewelry items may differ slightly from those shown in the photos<\/p>","protected":false},"excerpt":{"rendered":"<p>Minimalistin\u0117, \u017eavi rank\u0173 darbo apyrank\u0117. Pagaminta i\u0161 925 sidabro. Prabuota Lietuvos prabavimo r\u016bmuose. Apyrank\u0117s dydis reguliuojamas prailginamos grandin\u0117l\u0117s pagalba. Apyrank\u0117 tinkama nuo 15 cm iki 18 cm dyd\u017eio rie\u0161ui. Svoris ~ 0,91 g. \u0160irdel\u0117s dydis: 8 mm. *Papuo\u0161al\u0173 element\u0173 spalvos ir forma gali ne\u017eymiai skirtis nuo pateikt\u0173 nuotraukose<\/p>","protected":false},"featured_media":12685,"comment_status":"closed","ping_status":"closed","template":"","meta":{"_acf_changed":false,"_gspb_post_css":"","_kad_blocks_custom_css":"","_kad_blocks_head_custom_js":"","_kad_blocks_body_custom_js":"","_kad_blocks_footer_custom_js":"","pgc_sgb_lightbox_settings":""},"product_brand":[],"product_cat":[177,180,179,218],"product_tag":[],"class_list":{"0":"post-12673","1":"product","2":"type-product","3":"status-publish","4":"has-post-thumbnail","6":"product_cat-apyrankes","7":"product_cat-dovanos-iki-100-eur","8":"product_cat-dovanos-iki-60-eur","9":"product_cat-matching-gifts","10":"pa_spalvos-925-sidabras","11":"pa_stilius-minimalistiniai","13":"first","14":"instock","15":"purchasable","16":"product-type-simple"},"acf":[],"taxonomy_info":{"product_cat":[{"value":177,"label":"Apyrank\u0117s"},{"value":180,"label":"Dovanos iki 100 EUR"},{"value":179,"label":"Dovanos iki 60 EUR"},{"value":218,"label":"matching gifts"}],"pa_spalvos":[{"value":66,"label":"925 sidabras"}],"pa_stilius":[{"value":80,"label":"Minimalistiniai"}]},"featured_image_src_large":["https:\/\/momentasdesign.com\/wp-content\/uploads\/2024\/11\/nora-925-sidabrine-apyranke-su-sirdele-momentas-6-819x1024.webp",819,1024,true],"author_info":[],"comment_info":0,"wcpa_form_fields":null,"_links":{"self":[{"href":"https:\/\/momentasdesign.com\/en\/wp-json\/wp\/v2\/product\/12673","targetHints":{"allow":["GET"]}}],"collection":[{"href":"https:\/\/momentasdesign.com\/en\/wp-json\/wp\/v2\/product"}],"about":[{"href":"https:\/\/momentasdesign.com\/en\/wp-json\/wp\/v2\/types\/product"}],"replies":[{"embeddable":true,"href":"https:\/\/momentasdesign.com\/en\/wp-json\/wp\/v2\/comments?post=12673"}],"wp:featuredmedia":[{"embeddable":true,"href":"https:\/\/momentasdesign.com\/en\/wp-json\/wp\/v2\/media\/12685"}],"wp:attachment":[{"href":"https:\/\/momentasdesign.com\/en\/wp-json\/wp\/v2\/media?parent=12673"}],"wp:term":[{"taxonomy":"product_brand","embeddable":true,"href":"https:\/\/momentasdesign.com\/en\/wp-json\/wp\/v2\/product_brand?post=12673"},{"taxonomy":"product_cat","embeddable":true,"href":"https:\/\/momentasdesign.com\/en\/wp-json\/wp\/v2\/product_cat?post=12673"},{"taxonomy":"product_tag","embeddable":true,"href":"https:\/\/momentasdesign.com\/en\/wp-json\/wp\/v2\/product_tag?post=12673"}],"curies":[{"name":"wp","href":"https:\/\/api.w.org\/{rel}","templated":true}]}}