{"id":12219,"date":"2023-11-02T10:37:46","date_gmt":"2023-11-02T10:37:46","guid":{"rendered":"https:\/\/nakuslenis.com\/?post_type=product&#038;p=12219"},"modified":"2025-12-02T08:22:29","modified_gmt":"2025-12-02T08:22:29","slug":"bonnie-set","status":"publish","type":"product","link":"https:\/\/momentasdesign.com\/en\/dovanos-iki-100-eur\/bonnie-set\/","title":{"rendered":"\u2018Bonnie set\u2019 925 v\u0117rini\u0173 derinys"},"content":{"rendered":"<div id=\"tab-description\" class=\"woocommerce-Tabs-panel woocommerce-Tabs-panel--description panel entry-content is-layout-flow wc-tab\" role=\"tabpanel\" aria-labelledby=\"tab-title-description\">\n<p>Dviej\u0173 925 sidabrini\u0173 kaklo papuo\u0161al\u0173 derinys. Trumpesnis papuo\u0161alas nuotraukoje \u2013 \u2018Abelia\u2019 (hematito akmens kubelio dydis \u2013 3 mm.). Ilgesnis papuo\u0161alas nuotraukoje \u2013 \u2018Tess\u2019 (balto g\u0117lavandenio perliuko dydis \u2013 5-7 mm.). Pagaminta i\u0161 925 sidabro. Prabuota Lietuvos prabavimo r\u016bmuose.<\/p>\n<p>Pakabuko u\u017esegimas \u2013 karabinas. Prie \u0161i\u0173 papuo\u0161al\u0173 prailginamos grandin\u0117l\u0117s n\u0117ra dedamos.<\/p>\n<p>Rinkinio vert\u0117: 119,80 Eur<\/p>\n<p>*Each pearl has a unique, one-of-a-kind shape. Therefore, each pearl may differ from the one shown in the photo.<\/p>\n<p>** The colors and shape of the jewelry items may differ slightly from those shown in the photos<\/p>\n<\/div>\n<div id=\"tab-12025\" class=\"woocommerce-Tabs-panel woocommerce-Tabs-panel--12025 panel entry-content is-layout-flow wc-tab\" role=\"tabpanel\" aria-labelledby=\"tab-title-12025\">\n<p class=\"has-small-font-size\">Kaklo papuo\u0161al\u0173 ilgis matuojamas nuo u\u017esegimo prad\u017eios iki pirmos kilput\u0117s pabaigos. Kai kurie m\u016bs\u0173 papuo\u0161alai turi prailginam\u0105 grandin\u0117l\u0119 (\u017ei\u016br\u0117ti apra\u0161yme). Jei apra\u0161yme nurodyta, kad papuo\u0161alas turi prailginam\u0105 grandin\u0117l\u0119 tai rei\u0161kia, kad jis nuo pasirinkto dyd\u017eio dar gali pasididinti apie 5 cm.<\/p>\n<\/div>","protected":false},"excerpt":{"rendered":"<p>Dviej\u0173 925 sidabrini\u0173 kaklo papuo\u0161al\u0173 derinys. Trumpesnis papuo\u0161alas nuotraukoje \u2013 \u2018Abelia\u2019 (hematito akmens kubelio dydis \u2013 3 mm.). Ilgesnis papuo\u0161alas nuotraukoje \u2013 \u2018Tess\u2019 (balto g\u0117lavandenio perliuko dydis \u2013 5-7 mm.). Pagaminta i\u0161 925 sidabro. Prabuota Lietuvos prabavimo r\u016bmuose. Pakabuko u\u017esegimas \u2013 karabinas. Prie \u0161i\u0173 papuo\u0161al\u0173 prailginamos grandin\u0117l\u0117s n\u0117ra dedamos. Rinkinio vert\u0117: 119,80 Eur *Kiekvienas perlas [&hellip;]<\/p>\n","protected":false},"featured_media":11561,"comment_status":"open","ping_status":"closed","template":"","meta":{"_acf_changed":false,"_gspb_post_css":"","_kad_blocks_custom_css":"","_kad_blocks_head_custom_js":"","_kad_blocks_body_custom_js":"","_kad_blocks_footer_custom_js":"","pgc_sgb_lightbox_settings":""},"product_brand":[],"product_cat":[180,27,162],"product_tag":[],"class_list":{"0":"post-12219","1":"product","2":"type-product","3":"status-publish","4":"has-post-thumbnail","6":"product_cat-dovanos-iki-100-eur","7":"product_cat-kaklo-papuosalai","8":"product_cat-rinkiniai","10":"first","11":"instock","12":"shipping-taxable","13":"purchasable","14":"product-type-yith_bundle"},"acf":[],"taxonomy_info":{"product_cat":[{"value":180,"label":"Dovanos iki 100 EUR"},{"value":27,"label":"Kaklo papuo\u0161alai"},{"value":162,"label":"Rinkiniai"}]},"featured_image_src_large":["https:\/\/momentasdesign.com\/wp-content\/uploads\/2023\/09\/Bonnie-set-rinkinys-momentas-2-819x1024.jpg",819,1024,true],"author_info":[],"comment_info":0,"wcpa_form_fields":null,"_links":{"self":[{"href":"https:\/\/momentasdesign.com\/en\/wp-json\/wp\/v2\/product\/12219","targetHints":{"allow":["GET"]}}],"collection":[{"href":"https:\/\/momentasdesign.com\/en\/wp-json\/wp\/v2\/product"}],"about":[{"href":"https:\/\/momentasdesign.com\/en\/wp-json\/wp\/v2\/types\/product"}],"replies":[{"embeddable":true,"href":"https:\/\/momentasdesign.com\/en\/wp-json\/wp\/v2\/comments?post=12219"}],"wp:featuredmedia":[{"embeddable":true,"href":"https:\/\/momentasdesign.com\/en\/wp-json\/wp\/v2\/media\/11561"}],"wp:attachment":[{"href":"https:\/\/momentasdesign.com\/en\/wp-json\/wp\/v2\/media?parent=12219"}],"wp:term":[{"taxonomy":"product_brand","embeddable":true,"href":"https:\/\/momentasdesign.com\/en\/wp-json\/wp\/v2\/product_brand?post=12219"},{"taxonomy":"product_cat","embeddable":true,"href":"https:\/\/momentasdesign.com\/en\/wp-json\/wp\/v2\/product_cat?post=12219"},{"taxonomy":"product_tag","embeddable":true,"href":"https:\/\/momentasdesign.com\/en\/wp-json\/wp\/v2\/product_tag?post=12219"}],"curies":[{"name":"wp","href":"https:\/\/api.w.org\/{rel}","templated":true}]}}