{"id":11952,"date":"2024-10-24T19:15:40","date_gmt":"2024-10-24T19:15:40","guid":{"rendered":"https:\/\/nakuslenis.com\/?post_type=product&#038;p=11952"},"modified":"2026-04-26T14:12:36","modified_gmt":"2026-04-26T14:12:36","slug":"elin","status":"publish","type":"product","link":"https:\/\/momentasdesign.com\/en\/ziedai\/elin\/","title":{"rendered":"925 sidabrinis \u017eiedas &#8216;elin&#8217;"},"content":{"rendered":"<p class=\"sqsrte-small\">Stylish silver ring made of 925 silver.Certified by the Lithuanian Assay Office.<\/p>\n<p class=\"sqsrte-small\">\u017diedo svoris: (2,02 &#8211; 2,30 g.) (svoris kinta nuo pasirinkto dyd\u017eio).<\/p>\n<p class=\"sqsrte-small\">\u017diedo plotis &#8211; 5 mm. (pla\u010diausia vieta)<\/p>\n<p class=\"sqsrte-small translation-block\">Don't know your ring size? Information on how to find your ring size can be found here.<\/p>\n<p class=\"sqsrte-small\">*The colors and shape of the jewelry items may differ slightly from those shown in the photos<\/p>","protected":false},"excerpt":{"rendered":"<p>Stilingas sidabrinis \u017eiedas, pagaminta i\u0161 925 sidabro. Prabuota Lietuvos prabavimo r\u016bmuose. \u017diedo svoris: (2,02 &#8211; 2,30 g.) (svoris kinta nuo pasirinkto dyd\u017eio). \u017diedo plotis &#8211; 5 mm. (pla\u010diausia vieta) Ne\u017einai savo \u017eiedo dyd\u017eio? Informacij\u0105 kaip surasti savo \u017eiedo dyd\u012f rasi \u010dia. *Papuo\u0161al\u0173 element\u0173 spalvos ir forma gali ne\u017eymiai skirtis nuo pateikt\u0173 nuotraukose<\/p>","protected":false},"featured_media":11803,"comment_status":"closed","ping_status":"closed","template":"","meta":{"_acf_changed":false,"_gspb_post_css":"","_kad_blocks_custom_css":"","_kad_blocks_head_custom_js":"","_kad_blocks_body_custom_js":"","_kad_blocks_footer_custom_js":"","pgc_sgb_lightbox_settings":""},"product_brand":[],"product_cat":[161,180,179],"product_tag":[185],"class_list":{"0":"post-11952","1":"product","2":"type-product","3":"status-publish","4":"has-post-thumbnail","6":"product_cat-ziedai","7":"product_cat-dovanos-iki-100-eur","8":"product_cat-dovanos-iki-60-eur","9":"product_tag-dovanos-iki-60-eur","10":"pa_dydis-5-15","11":"pa_dydis-6-16","12":"pa_dydis-7-17","13":"pa_dydis-8-18","14":"pa_dydis-9-19","15":"pa_savybes-populiariausi","16":"pa_spalvos-925-sidabras","17":"pa_stilius-minimalistiniai","18":"pa_stilius-unisex","20":"first","21":"instock","22":"purchasable","23":"product-type-variable"},"acf":[],"taxonomy_info":{"product_cat":[{"value":161,"label":"\u017diedai"},{"value":180,"label":"Dovanos iki 100 EUR"},{"value":179,"label":"Dovanos iki 60 EUR"}],"product_tag":[{"value":185,"label":"Dovanos iki 60 EUR"}],"pa_dydis":[{"value":203,"label":"5 (15)"},{"value":204,"label":"6 (16)"},{"value":205,"label":"7 (17)"},{"value":206,"label":"8 (18)"},{"value":207,"label":"9 (19)"}],"pa_savybes":[{"value":86,"label":"Populiariausi"}],"pa_spalvos":[{"value":66,"label":"925 sidabras"}],"pa_stilius":[{"value":80,"label":"Minimalistiniai"},{"value":77,"label":"Unisex"}]},"featured_image_src_large":["https:\/\/momentasdesign.com\/wp-content\/uploads\/2024\/10\/Elin-925-sidabrinis-ziedas-momentas--819x1024.jpg",819,1024,true],"author_info":[],"comment_info":0,"wcpa_form_fields":null,"_links":{"self":[{"href":"https:\/\/momentasdesign.com\/en\/wp-json\/wp\/v2\/product\/11952","targetHints":{"allow":["GET"]}}],"collection":[{"href":"https:\/\/momentasdesign.com\/en\/wp-json\/wp\/v2\/product"}],"about":[{"href":"https:\/\/momentasdesign.com\/en\/wp-json\/wp\/v2\/types\/product"}],"replies":[{"embeddable":true,"href":"https:\/\/momentasdesign.com\/en\/wp-json\/wp\/v2\/comments?post=11952"}],"wp:featuredmedia":[{"embeddable":true,"href":"https:\/\/momentasdesign.com\/en\/wp-json\/wp\/v2\/media\/11803"}],"wp:attachment":[{"href":"https:\/\/momentasdesign.com\/en\/wp-json\/wp\/v2\/media?parent=11952"}],"wp:term":[{"taxonomy":"product_brand","embeddable":true,"href":"https:\/\/momentasdesign.com\/en\/wp-json\/wp\/v2\/product_brand?post=11952"},{"taxonomy":"product_cat","embeddable":true,"href":"https:\/\/momentasdesign.com\/en\/wp-json\/wp\/v2\/product_cat?post=11952"},{"taxonomy":"product_tag","embeddable":true,"href":"https:\/\/momentasdesign.com\/en\/wp-json\/wp\/v2\/product_tag?post=11952"}],"curies":[{"name":"wp","href":"https:\/\/api.w.org\/{rel}","templated":true}]}}