{"id":11938,"date":"2024-10-24T19:00:33","date_gmt":"2024-10-24T19:00:33","guid":{"rendered":"https:\/\/nakuslenis.com\/?post_type=product&#038;p=11938"},"modified":"2026-04-05T20:33:00","modified_gmt":"2026-04-05T20:33:00","slug":"francisca","status":"publish","type":"product","link":"https:\/\/momentasdesign.com\/en\/ziedai\/francisca\/","title":{"rendered":"14K paauksuotas 925 sidabrinis \u017eiedas &#8216;francisca&#8217;"},"content":{"rendered":"<p class=\"sqsrte-small\">Stilingas sidabrinis \u017eiedas, pagaminta i\u0161 14K paauksuoto 925 sidabro. Prabuota Lietuvos prabavimo r\u016bmuose.<\/p>\n<p class=\"sqsrte-small\">\u017diedo svoris: (1,21 &#8211; 1,42 g.) (svoris kinta nuo pasirinkto dyd\u017eio).<\/p>\n<p class=\"sqsrte-small\">\u017diedo plotis &#8211; 2 mm.<\/p>\n<p class=\"sqsrte-small translation-block\">Don't know your ring size? Information on how to find your ring size can be found here.<\/p>\n<p class=\"sqsrte-small\">*The colors and shape of the jewelry items may differ slightly from those shown in the photos<\/p>","protected":false},"excerpt":{"rendered":"<p>Stilingas sidabrinis \u017eiedas, pagaminta i\u0161 14K paauksuoto 925 sidabro. Prabuota Lietuvos prabavimo r\u016bmuose. \u017diedo svoris: (1,21 &#8211; 1,42 g.) (svoris kinta nuo pasirinkto dyd\u017eio). \u017diedo plotis &#8211; 2 mm. Ne\u017einai savo \u017eiedo dyd\u017eio? Informacij\u0105 kaip surasti savo \u017eiedo dyd\u012f rasi \u010dia. *Papuo\u0161al\u0173 element\u0173 spalvos ir forma gali ne\u017eymiai skirtis nuo pateikt\u0173 nuotraukose<\/p>","protected":false},"featured_media":11795,"comment_status":"closed","ping_status":"closed","template":"","meta":{"_acf_changed":false,"_gspb_post_css":"","_kad_blocks_custom_css":"","_kad_blocks_head_custom_js":"","_kad_blocks_body_custom_js":"","_kad_blocks_footer_custom_js":"","pgc_sgb_lightbox_settings":""},"product_brand":[],"product_cat":[161,180,178,179,202],"product_tag":[185],"class_list":{"0":"post-11938","1":"product","2":"type-product","3":"status-publish","4":"has-post-thumbnail","6":"product_cat-ziedai","7":"product_cat-dovanos-iki-100-eur","8":"product_cat-dovanos-iki-40-eur","9":"product_cat-dovanos-iki-60-eur","10":"product_cat-ispardavimas","11":"product_tag-dovanos-iki-60-eur","12":"pa_dydis-5-15","13":"pa_dydis-6-16","14":"pa_dydis-7-17","15":"pa_dydis-8-18","16":"pa_dydis-9-19","17":"pa_spalvos-paauksuotas-925-sidabras","18":"pa_stilius-minimalistiniai","20":"first","21":"instock","22":"sale","23":"purchasable","24":"product-type-variable"},"acf":[],"taxonomy_info":{"product_cat":[{"value":161,"label":"\u017diedai"},{"value":180,"label":"Dovanos iki 100 EUR"},{"value":178,"label":"Dovanos iki 40 EUR"},{"value":179,"label":"Dovanos iki 60 EUR"},{"value":202,"label":"I\u0161pardavimas"}],"product_tag":[{"value":185,"label":"Dovanos iki 60 EUR"}],"pa_dydis":[{"value":203,"label":"5 (15)"},{"value":204,"label":"6 (16)"},{"value":205,"label":"7 (17)"},{"value":206,"label":"8 (18)"},{"value":207,"label":"9 (19)"}],"pa_spalvos":[{"value":65,"label":"Paauksuotas 925 sidabras"}],"pa_stilius":[{"value":80,"label":"Minimalistiniai"}]},"featured_image_src_large":["https:\/\/momentasdesign.com\/wp-content\/uploads\/2024\/10\/Francisca-14k-paauksuotas-925-sidabras-momentas-7-819x1024.jpg",819,1024,true],"author_info":[],"comment_info":0,"wcpa_form_fields":null,"_links":{"self":[{"href":"https:\/\/momentasdesign.com\/en\/wp-json\/wp\/v2\/product\/11938","targetHints":{"allow":["GET"]}}],"collection":[{"href":"https:\/\/momentasdesign.com\/en\/wp-json\/wp\/v2\/product"}],"about":[{"href":"https:\/\/momentasdesign.com\/en\/wp-json\/wp\/v2\/types\/product"}],"replies":[{"embeddable":true,"href":"https:\/\/momentasdesign.com\/en\/wp-json\/wp\/v2\/comments?post=11938"}],"wp:featuredmedia":[{"embeddable":true,"href":"https:\/\/momentasdesign.com\/en\/wp-json\/wp\/v2\/media\/11795"}],"wp:attachment":[{"href":"https:\/\/momentasdesign.com\/en\/wp-json\/wp\/v2\/media?parent=11938"}],"wp:term":[{"taxonomy":"product_brand","embeddable":true,"href":"https:\/\/momentasdesign.com\/en\/wp-json\/wp\/v2\/product_brand?post=11938"},{"taxonomy":"product_cat","embeddable":true,"href":"https:\/\/momentasdesign.com\/en\/wp-json\/wp\/v2\/product_cat?post=11938"},{"taxonomy":"product_tag","embeddable":true,"href":"https:\/\/momentasdesign.com\/en\/wp-json\/wp\/v2\/product_tag?post=11938"}],"curies":[{"name":"wp","href":"https:\/\/api.w.org\/{rel}","templated":true}]}}