{"id":11901,"date":"2024-10-24T10:41:43","date_gmt":"2024-10-24T10:41:43","guid":{"rendered":"https:\/\/nakuslenis.com\/?post_type=product&#038;p=11901"},"modified":"2026-04-05T20:32:58","modified_gmt":"2026-04-05T20:32:58","slug":"dottie","status":"publish","type":"product","link":"https:\/\/momentasdesign.com\/en\/auskarai\/dottie\/","title":{"rendered":"Ear cuff &#8216;dottie&#8217;"},"content":{"rendered":"<p class=\"sqsrte-small\">\u017davus 14K paauksuotas 925 sidabrinis ear cuff\u2019as. Pagaminta i\u0161 925 sidabro. Prabuota Lietuvos prabavimo r\u016bmuose. Kaina u\u017e 1 vnt.<\/p>\n<p class=\"sqsrte-small\">Svoris ~ 0,47 g.<\/p>\n<p class=\"\">Dydis &#8211; 1,4 cm.<\/p>\n<p class=\"sqsrte-small\">*The colors and shape of the jewelry items may differ slightly from those shown in the photos<\/p>","protected":false},"excerpt":{"rendered":"<p>\u017davus 14K paauksuotas 925 sidabrinis ear cuff\u2019as. Pagaminta i\u0161 925 sidabro. Prabuota Lietuvos prabavimo r\u016bmuose. Kaina u\u017e 1 vnt. Svoris ~ 0,47 g. Dydis &#8211; 1,4 cm. *Papuo\u0161al\u0173 element\u0173 spalvos ir forma gali ne\u017eymiai skirtis nuo pateikt\u0173 nuotraukose<\/p>","protected":false},"featured_media":11902,"comment_status":"open","ping_status":"closed","template":"","meta":{"_acf_changed":false,"_gspb_post_css":"","_kad_blocks_custom_css":"","_kad_blocks_head_custom_js":"","_kad_blocks_body_custom_js":"","_kad_blocks_footer_custom_js":"","pgc_sgb_lightbox_settings":""},"product_brand":[],"product_cat":[160,180,178,179,173,202],"product_tag":[],"class_list":{"0":"post-11901","1":"product","2":"type-product","3":"status-publish","4":"has-post-thumbnail","6":"product_cat-auskarai","7":"product_cat-dovanos-iki-100-eur","8":"product_cat-dovanos-iki-40-eur","9":"product_cat-dovanos-iki-60-eur","10":"product_cat-ear-cuffs","11":"product_cat-ispardavimas","12":"pa_spalvos-paauksuotas-925-sidabras","13":"pa_stilius-ear-cuffs","14":"pa_stilius-minimalistiniai","15":"pa_stilius-unisex","17":"first","18":"outofstock","19":"sale","20":"shipping-taxable","21":"purchasable","22":"product-type-simple"},"acf":[],"taxonomy_info":{"product_cat":[{"value":160,"label":"Auskarai"},{"value":180,"label":"Dovanos iki 100 EUR"},{"value":178,"label":"Dovanos iki 40 EUR"},{"value":179,"label":"Dovanos iki 60 EUR"},{"value":173,"label":"Ear cuff's"},{"value":202,"label":"I\u0161pardavimas"}],"pa_spalvos":[{"value":65,"label":"Paauksuotas 925 sidabras"}],"pa_stilius":[{"value":197,"label":"Ear cuff's"},{"value":80,"label":"Minimalistiniai"},{"value":77,"label":"Unisex"}]},"featured_image_src_large":["https:\/\/momentasdesign.com\/wp-content\/uploads\/2024\/10\/Dottie-ear-cuff-14k-paauksuotas-925-sidabras-momentas-4-819x1024.jpg",819,1024,true],"author_info":[],"comment_info":0,"wcpa_form_fields":null,"_links":{"self":[{"href":"https:\/\/momentasdesign.com\/en\/wp-json\/wp\/v2\/product\/11901","targetHints":{"allow":["GET"]}}],"collection":[{"href":"https:\/\/momentasdesign.com\/en\/wp-json\/wp\/v2\/product"}],"about":[{"href":"https:\/\/momentasdesign.com\/en\/wp-json\/wp\/v2\/types\/product"}],"replies":[{"embeddable":true,"href":"https:\/\/momentasdesign.com\/en\/wp-json\/wp\/v2\/comments?post=11901"}],"wp:featuredmedia":[{"embeddable":true,"href":"https:\/\/momentasdesign.com\/en\/wp-json\/wp\/v2\/media\/11902"}],"wp:attachment":[{"href":"https:\/\/momentasdesign.com\/en\/wp-json\/wp\/v2\/media?parent=11901"}],"wp:term":[{"taxonomy":"product_brand","embeddable":true,"href":"https:\/\/momentasdesign.com\/en\/wp-json\/wp\/v2\/product_brand?post=11901"},{"taxonomy":"product_cat","embeddable":true,"href":"https:\/\/momentasdesign.com\/en\/wp-json\/wp\/v2\/product_cat?post=11901"},{"taxonomy":"product_tag","embeddable":true,"href":"https:\/\/momentasdesign.com\/en\/wp-json\/wp\/v2\/product_tag?post=11901"}],"curies":[{"name":"wp","href":"https:\/\/api.w.org\/{rel}","templated":true}]}}