{"id":11885,"date":"2024-10-24T09:14:08","date_gmt":"2024-10-24T09:14:08","guid":{"rendered":"https:\/\/nakuslenis.com\/?post_type=product&#038;p=11885"},"modified":"2025-12-17T09:25:20","modified_gmt":"2025-12-17T09:25:20","slug":"tia","status":"publish","type":"product","link":"https:\/\/momentasdesign.com\/en\/auskarai\/tia\/","title":{"rendered":"14K paauksuotas 925 sidabrinis ear cuff &#8216;tia&#8217;"},"content":{"rendered":"<p class=\"sqsrte-small\">\u017davus 925 sidabrinis ear cuff\u2019as. Pagaminta i\u0161 14K paauksuoto 925 sidabro. Prabuota Lietuvos prabavimo r\u016bmuose. Kaina u\u017e 1 vnt.<\/p>\n<p class=\"sqsrte-small\">Svoris ~ 1,51 g.<\/p>\n<p class=\"\">Dydis &#8211; 1,5 cm.<\/p>\n<p class=\"sqsrte-small\">*The colors and shape of the jewelry items may differ slightly from those shown in the photos<\/p>","protected":false},"excerpt":{"rendered":"<p>\u017davus 925 sidabrinis ear cuff\u2019as. Pagaminta i\u0161 14K paauksuoto 925 sidabro. Prabuota Lietuvos prabavimo r\u016bmuose. Kaina u\u017e 1 vnt. Svoris ~ 1,51 g. Dydis &#8211; 1,5 cm. *Papuo\u0161al\u0173 element\u0173 spalvos ir forma gali ne\u017eymiai skirtis nuo pateikt\u0173 nuotraukose<\/p>","protected":false},"featured_media":11886,"comment_status":"open","ping_status":"closed","template":"","meta":{"_acf_changed":false,"_gspb_post_css":"","_kad_blocks_custom_css":"","_kad_blocks_head_custom_js":"","_kad_blocks_body_custom_js":"","_kad_blocks_footer_custom_js":"","pgc_sgb_lightbox_settings":""},"product_brand":[],"product_cat":[160,180,179,173,202],"product_tag":[],"class_list":{"0":"post-11885","1":"product","2":"type-product","3":"status-publish","4":"has-post-thumbnail","6":"product_cat-auskarai","7":"product_cat-dovanos-iki-100-eur","8":"product_cat-dovanos-iki-60-eur","9":"product_cat-ear-cuffs","10":"product_cat-ispardavimas","11":"pa_spalvos-paauksuotas-925-sidabras","12":"pa_stilius-ear-cuffs","13":"pa_stilius-minimalistiniai","14":"pa_stilius-unisex","16":"first","17":"instock","18":"sale","19":"shipping-taxable","20":"purchasable","21":"product-type-simple"},"acf":[],"taxonomy_info":{"product_cat":[{"value":160,"label":"Auskarai"},{"value":180,"label":"Dovanos iki 100 EUR"},{"value":179,"label":"Dovanos iki 60 EUR"},{"value":173,"label":"Ear cuff's"},{"value":202,"label":"I\u0161pardavimas"}],"pa_spalvos":[{"value":65,"label":"Paauksuotas 925 sidabras"}],"pa_stilius":[{"value":197,"label":"Ear cuff's"},{"value":80,"label":"Minimalistiniai"},{"value":77,"label":"Unisex"}]},"featured_image_src_large":["https:\/\/momentasdesign.com\/wp-content\/uploads\/2024\/10\/Tia-14k-paauksuotas-925-sidabrinis-eara-cuff-momentas-10-820x1024.jpg",820,1024,true],"author_info":[],"comment_info":0,"wcpa_form_fields":null,"_links":{"self":[{"href":"https:\/\/momentasdesign.com\/en\/wp-json\/wp\/v2\/product\/11885","targetHints":{"allow":["GET"]}}],"collection":[{"href":"https:\/\/momentasdesign.com\/en\/wp-json\/wp\/v2\/product"}],"about":[{"href":"https:\/\/momentasdesign.com\/en\/wp-json\/wp\/v2\/types\/product"}],"replies":[{"embeddable":true,"href":"https:\/\/momentasdesign.com\/en\/wp-json\/wp\/v2\/comments?post=11885"}],"wp:featuredmedia":[{"embeddable":true,"href":"https:\/\/momentasdesign.com\/en\/wp-json\/wp\/v2\/media\/11886"}],"wp:attachment":[{"href":"https:\/\/momentasdesign.com\/en\/wp-json\/wp\/v2\/media?parent=11885"}],"wp:term":[{"taxonomy":"product_brand","embeddable":true,"href":"https:\/\/momentasdesign.com\/en\/wp-json\/wp\/v2\/product_brand?post=11885"},{"taxonomy":"product_cat","embeddable":true,"href":"https:\/\/momentasdesign.com\/en\/wp-json\/wp\/v2\/product_cat?post=11885"},{"taxonomy":"product_tag","embeddable":true,"href":"https:\/\/momentasdesign.com\/en\/wp-json\/wp\/v2\/product_tag?post=11885"}],"curies":[{"name":"wp","href":"https:\/\/api.w.org\/{rel}","templated":true}]}}