{"id":11869,"date":"2024-10-24T08:53:51","date_gmt":"2024-10-24T08:53:51","guid":{"rendered":"https:\/\/nakuslenis.com\/?post_type=product&#038;p=11869"},"modified":"2026-04-11T07:44:06","modified_gmt":"2026-04-11T07:44:06","slug":"felicity","status":"publish","type":"product","link":"https:\/\/momentasdesign.com\/en\/auskarai\/felicity\/","title":{"rendered":"&#8216;Felicity&#8217; 925"},"content":{"rendered":"<p class=\"sqsrte-small\">\u017dav\u016bs 925 sidabriniai auskarai. Pagaminta i\u0161 925 sidabro. Prabuota Lietuvos prabavimo r\u016bmuose.<\/p>\n<p class=\"sqsrte-small\">Auskar\u0173 svoris ~ 4,57 g.<\/p>\n<p>Ilgis &#8211; 4 cm. Plotis &#8211; 5 mm.<\/p>\n<p class=\"sqsrte-small\">*The colors and shape of the jewelry items may differ slightly from those shown in the photos<\/p>","protected":false},"excerpt":{"rendered":"<p>\u017dav\u016bs 925 sidabriniai auskarai. Pagaminta i\u0161 925 sidabro. Prabuota Lietuvos prabavimo r\u016bmuose. Auskar\u0173 svoris ~ 4,57 g. Ilgis &#8211; 4 cm. Plotis &#8211; 5 mm. *Papuo\u0161al\u0173 element\u0173 spalvos ir forma gali ne\u017eymiai skirtis nuo pateikt\u0173 nuotraukose<\/p>","protected":false},"featured_media":11870,"comment_status":"open","ping_status":"closed","template":"","meta":{"_acf_changed":false,"_gspb_post_css":"","_kad_blocks_custom_css":"","_kad_blocks_head_custom_js":"","_kad_blocks_body_custom_js":"","_kad_blocks_footer_custom_js":"","pgc_sgb_lightbox_settings":""},"product_brand":[],"product_cat":[160,180,179,202],"product_tag":[],"class_list":{"0":"post-11869","1":"product","2":"type-product","3":"status-publish","4":"has-post-thumbnail","6":"product_cat-auskarai","7":"product_cat-dovanos-iki-100-eur","8":"product_cat-dovanos-iki-60-eur","9":"product_cat-ispardavimas","10":"pa_spalvos-925-sidabras","11":"pa_stilius-statement","13":"first","14":"outofstock","15":"sale","16":"shipping-taxable","17":"purchasable","18":"product-type-simple"},"acf":[],"taxonomy_info":{"product_cat":[{"value":160,"label":"Auskarai"},{"value":180,"label":"Dovanos iki 100 EUR"},{"value":179,"label":"Dovanos iki 60 EUR"},{"value":202,"label":"I\u0161pardavimas"}],"pa_spalvos":[{"value":66,"label":"925 sidabras"}],"pa_stilius":[{"value":84,"label":"Statement"}]},"featured_image_src_large":["https:\/\/momentasdesign.com\/wp-content\/uploads\/2024\/10\/Felicity-925-sidabriniai-auskarai-momentas-2-819x1024.jpg",819,1024,true],"author_info":[],"comment_info":0,"wcpa_form_fields":null,"_links":{"self":[{"href":"https:\/\/momentasdesign.com\/en\/wp-json\/wp\/v2\/product\/11869","targetHints":{"allow":["GET"]}}],"collection":[{"href":"https:\/\/momentasdesign.com\/en\/wp-json\/wp\/v2\/product"}],"about":[{"href":"https:\/\/momentasdesign.com\/en\/wp-json\/wp\/v2\/types\/product"}],"replies":[{"embeddable":true,"href":"https:\/\/momentasdesign.com\/en\/wp-json\/wp\/v2\/comments?post=11869"}],"wp:featuredmedia":[{"embeddable":true,"href":"https:\/\/momentasdesign.com\/en\/wp-json\/wp\/v2\/media\/11870"}],"wp:attachment":[{"href":"https:\/\/momentasdesign.com\/en\/wp-json\/wp\/v2\/media?parent=11869"}],"wp:term":[{"taxonomy":"product_brand","embeddable":true,"href":"https:\/\/momentasdesign.com\/en\/wp-json\/wp\/v2\/product_brand?post=11869"},{"taxonomy":"product_cat","embeddable":true,"href":"https:\/\/momentasdesign.com\/en\/wp-json\/wp\/v2\/product_cat?post=11869"},{"taxonomy":"product_tag","embeddable":true,"href":"https:\/\/momentasdesign.com\/en\/wp-json\/wp\/v2\/product_tag?post=11869"}],"curies":[{"name":"wp","href":"https:\/\/api.w.org\/{rel}","templated":true}]}}