{"id":11810,"date":"2024-10-24T07:06:01","date_gmt":"2024-10-24T07:06:01","guid":{"rendered":"https:\/\/nakuslenis.com\/?post_type=product&#038;p=11810"},"modified":"2025-12-19T14:14:23","modified_gmt":"2025-12-19T14:14:23","slug":"nova","status":"publish","type":"product","link":"https:\/\/momentasdesign.com\/en\/ispardavimas\/nova\/","title":{"rendered":"&#8216;Nova&#8217; 925 apyrank\u0117"},"content":{"rendered":"<p class=\"sqsrte-small\">Stilinga 925 sidabrin\u0117 apyrank\u0117. Pagaminta i\u0161 925 sidabro. Prabuota Lietuvos prabavimo r\u016bmuose. Plotis &#8211; 8 mm.<\/p>\n<p class=\"\">Apyrank\u0117s dydis: 17,5 cm<\/p>\n<p class=\"sqsrte-small\">Apyrank\u0117s svoris: 12,15 g.<\/p>\n<p class=\"sqsrte-small\">*The colors and shape of the jewelry items may differ slightly from those shown in the photos<\/p>","protected":false},"excerpt":{"rendered":"<p>Stilinga 925 sidabrin\u0117 apyrank\u0117. Pagaminta i\u0161 925 sidabro. Prabuota Lietuvos prabavimo r\u016bmuose. Plotis &#8211; 8 mm. Apyrank\u0117s dydis: 17,5 cm Apyrank\u0117s svoris: 12,15 g. *Papuo\u0161al\u0173 element\u0173 spalvos, svoris ir forma gali ne\u017eymiai skirtis nuo pateikt\u0173 nuotraukose<\/p>","protected":false},"featured_media":11816,"comment_status":"open","ping_status":"closed","template":"","meta":{"_acf_changed":false,"_gspb_post_css":"","_kad_blocks_custom_css":"","_kad_blocks_head_custom_js":"","_kad_blocks_body_custom_js":"","_kad_blocks_footer_custom_js":"","pgc_sgb_lightbox_settings":""},"product_brand":[],"product_cat":[202,177,180],"product_tag":[],"class_list":{"0":"post-11810","1":"product","2":"type-product","3":"status-publish","4":"has-post-thumbnail","6":"product_cat-ispardavimas","7":"product_cat-apyrankes","8":"product_cat-dovanos-iki-100-eur","9":"pa_spalvos-925-sidabras","10":"pa_stilius-grandines","11":"pa_stilius-statement","13":"first","14":"instock","15":"sale","16":"shipping-taxable","17":"purchasable","18":"product-type-simple"},"acf":[],"taxonomy_info":{"product_cat":[{"value":202,"label":"I\u0161pardavimas"},{"value":177,"label":"Apyrank\u0117s"},{"value":180,"label":"Dovanos iki 100 EUR"}],"pa_spalvos":[{"value":66,"label":"925 sidabras"}],"pa_stilius":[{"value":196,"label":"Grandin\u0117s"},{"value":84,"label":"Statement"}]},"featured_image_src_large":["https:\/\/momentasdesign.com\/wp-content\/uploads\/2024\/10\/nova-apyranke-momentas--819x1024.jpg",819,1024,true],"author_info":[],"comment_info":0,"wcpa_form_fields":null,"_links":{"self":[{"href":"https:\/\/momentasdesign.com\/en\/wp-json\/wp\/v2\/product\/11810","targetHints":{"allow":["GET"]}}],"collection":[{"href":"https:\/\/momentasdesign.com\/en\/wp-json\/wp\/v2\/product"}],"about":[{"href":"https:\/\/momentasdesign.com\/en\/wp-json\/wp\/v2\/types\/product"}],"replies":[{"embeddable":true,"href":"https:\/\/momentasdesign.com\/en\/wp-json\/wp\/v2\/comments?post=11810"}],"wp:featuredmedia":[{"embeddable":true,"href":"https:\/\/momentasdesign.com\/en\/wp-json\/wp\/v2\/media\/11816"}],"wp:attachment":[{"href":"https:\/\/momentasdesign.com\/en\/wp-json\/wp\/v2\/media?parent=11810"}],"wp:term":[{"taxonomy":"product_brand","embeddable":true,"href":"https:\/\/momentasdesign.com\/en\/wp-json\/wp\/v2\/product_brand?post=11810"},{"taxonomy":"product_cat","embeddable":true,"href":"https:\/\/momentasdesign.com\/en\/wp-json\/wp\/v2\/product_cat?post=11810"},{"taxonomy":"product_tag","embeddable":true,"href":"https:\/\/momentasdesign.com\/en\/wp-json\/wp\/v2\/product_tag?post=11810"}],"curies":[{"name":"wp","href":"https:\/\/api.w.org\/{rel}","templated":true}]}}